{"id":238242,"date":"2026-03-10T17:23:44","date_gmt":"2026-03-10T16:23:44","guid":{"rendered":"https:\/\/ypc-conseil.fr\/politique-de-cookies-ue\/"},"modified":"2026-03-11T21:20:47","modified_gmt":"2026-03-11T20:20:47","slug":"politique-de-cookies-ue","status":"publish","type":"page","link":"https:\/\/ypc-conseil.fr\/en\/politique-de-cookies-ue\/","title":{"rendered":"Politique de cookies (UE)"},"content":{"rendered":"<div class=\"et_pb_section_0 et_pb_section et_section_regular et_block_section\">\n<div class=\"et_pb_row_0 et_pb_row et_block_row\">\n<div class=\"et_pb_column_0 et_pb_column et_pb_column_4_4 et-last-child et_block_column et_pb_css_mix_blend_mode_passthrough\">\n<div class=\"et_pb_text_0 et_pb_text et_pb_bg_layout_light et_animated et_pb_module et_block_module\"><div class=\"et_pb_text_inner\"><h1>Politique de cookies <span style=\"color: #1e40af;\">.<\/span><\/h1>\n<\/div><\/div>\n<\/div>\n<\/div>\n<\/div>\n\n<div class=\"et_pb_section_1 et_pb_section et_section_regular et_block_section\">\n<div class=\"et_pb_row_1 et_pb_row et_flex_row\">\n<div class=\"et_pb_column_1 et_pb_column et-last-child et_flex_column et_pb_css_mix_blend_mode_passthrough et_flex_column_24_24 et_flex_column_24_24_tablet et_flex_column_24_24_phone et_flex_column_24_24_phoneWide et_flex_column_24_24_tabletWide et_flex_column_24_24_widescreen et_flex_column_24_24_ultraWide\">\n<div class=\"et_pb_text_1 et_pb_text et_pb_bg_layout_light et_pb_module et_block_module\"><div class=\"et_pb_text_inner\"><p>YPC Conseil s'engage \u00e0 informer les utilisateurs de son site web sur l'utilisation des cookies, conform\u00e9ment au R\u00e8glement G\u00e9n\u00e9ral sur la Protection des Donn\u00e9es (RGPD \u2013 R\u00e8glement UE 2016\/679), \u00e0 la loi Informatique et Libert\u00e9s, et aux recommandations de la CNIL.<\/p>\n<\/div><\/div>\n<\/div>\n<\/div>\n\n<div class=\"et_pb_row_2 et_pb_row et_flex_row\">\n<div class=\"et_pb_column_2 et_pb_column et-last-child et_flex_column et_pb_css_mix_blend_mode_passthrough et_flex_column_24_24 et_flex_column_24_24_tablet et_flex_column_24_24_phone et_flex_column_24_24_phoneWide et_flex_column_24_24_tabletWide et_flex_column_24_24_widescreen et_flex_column_24_24_ultraWide\">\n<div class=\"et_pb_text_2 et_pb_text et_pb_bg_layout_light et_pb_module et_block_module\"><div class=\"et_pb_text_inner\"><h2>1. Responsable du traitement<\/h2>\n<\/div><\/div>\n\n<div class=\"et_pb_text_3 et_pb_text et_pb_bg_layout_light et_pb_module et_block_module\"><div class=\"et_pb_text_inner\"><p>YPC Conseil \u2013 Herv\u00e9 Lienhardt<br \/>\nAdresse : 19 all\u00e9e des Foug\u00e8res, 40660 Moliets-et-Ma\u00e2, France<br \/>\nContact : contact@ypc-conseil.fr<\/p>\n<\/div><\/div>\n<\/div>\n<\/div>\n\n<div class=\"et_pb_row_3 et_pb_row et_flex_row\">\n<div class=\"et_pb_column_3 et_pb_column et-last-child et_flex_column et_pb_css_mix_blend_mode_passthrough et_flex_column_24_24 et_flex_column_24_24_tablet et_flex_column_24_24_phone et_flex_column_24_24_phoneWide et_flex_column_24_24_tabletWide et_flex_column_24_24_widescreen et_flex_column_24_24_ultraWide\">\n<div class=\"et_pb_text_4 et_pb_text et_pb_bg_layout_light et_pb_module et_block_module\"><div class=\"et_pb_text_inner\"><h2>2. Qu'est-ce qu'un cookie ?<\/h2>\n<\/div><\/div>\n\n<div class=\"et_pb_text_5 et_pb_text et_pb_bg_layout_light et_pb_module et_block_module\"><div class=\"et_pb_text_inner\"><p>Un cookie est un petit fichier texte d\u00e9pos\u00e9 sur votre terminal (ordinateur, tablette, smartphone) lors de la visite d'un site web. Il permet au site de m\u00e9moriser des informations sur votre navigation afin d'am\u00e9liorer votre exp\u00e9rience et de collecter des statistiques d'utilisation.<\/p>\n<\/div><\/div>\n<\/div>\n<\/div>\n\n<div class=\"et_pb_row_4 et_pb_row et_flex_row\">\n<div class=\"et_pb_column_4 et_pb_column et-last-child et_flex_column et_pb_css_mix_blend_mode_passthrough et_flex_column_24_24 et_flex_column_24_24_tablet et_flex_column_24_24_phone et_flex_column_24_24_phoneWide et_flex_column_24_24_tabletWide et_flex_column_24_24_widescreen et_flex_column_24_24_ultraWide\">\n<div class=\"et_pb_text_6 et_pb_text et_pb_bg_layout_light et_pb_module et_block_module\"><div class=\"et_pb_text_inner\"><h2>3. Cookies utilis\u00e9s sur ce site<\/h2>\n<\/div><\/div>\n\n<div class=\"et_pb_text_7 et_pb_text et_pb_bg_layout_light et_pb_module et_block_module\"><div class=\"et_pb_text_inner\"><p class=\"font-claude-response-body break-words whitespace-normal leading-[1.7]\">Dans le cadre de l'utilisation du site, YPC Conseil est susceptible de d\u00e9poser les cat\u00e9gories de cookies suivantes :<\/p>\n<p class=\"font-claude-response-body break-words whitespace-normal leading-[1.7]\"><strong>Cookies n\u00e9cessaires<\/strong> Ces cookies sont indispensables au bon fonctionnement du site. Ils ne peuvent pas \u00eatre d\u00e9sactiv\u00e9s. Ils permettent notamment la navigation entre les pages, la m\u00e9morisation de vos pr\u00e9f\u00e9rences de consentement et la s\u00e9curit\u00e9 du site.<\/p>\n<p class=\"font-claude-response-body break-words whitespace-normal leading-[1.7]\"><strong>Cookies analytiques<\/strong> Ces cookies nous permettent de mesurer l'audience du site et d'analyser la fa\u00e7on dont les visiteurs utilisent le site (pages visit\u00e9es, dur\u00e9e de visite, source de trafic). Les donn\u00e9es collect\u00e9es sont anonymis\u00e9es. Ces cookies ne sont d\u00e9pos\u00e9s qu'avec votre consentement pr\u00e9alable.<\/p>\n<p class=\"font-claude-response-body break-words whitespace-normal leading-[1.7]\"><strong>Cookies fonctionnels<\/strong> Ces cookies permettent d'am\u00e9liorer et de personnaliser les fonctionnalit\u00e9s du site. Ils peuvent \u00eatre d\u00e9pos\u00e9s par YPC Conseil ou par des prestataires tiers. Ces cookies ne sont d\u00e9pos\u00e9s qu'avec votre consentement pr\u00e9alable.<\/p>\n<p>&nbsp;<\/p>\n<p class=\"font-claude-response-body break-words whitespace-normal leading-[1.7]\"><strong>Cookies publicitaires<\/strong> YPC Conseil ne d\u00e9pose pas de cookies \u00e0 des fins publicitaires sur son site.<\/p>\n<\/div><\/div>\n<\/div>\n<\/div>\n\n<div class=\"et_pb_row_5 et_pb_row et_flex_row\">\n<div class=\"et_pb_column_5 et_pb_column et-last-child et_flex_column et_pb_css_mix_blend_mode_passthrough et_flex_column_24_24 et_flex_column_24_24_tablet et_flex_column_24_24_phone et_flex_column_24_24_phoneWide et_flex_column_24_24_tabletWide et_flex_column_24_24_widescreen et_flex_column_24_24_ultraWide\">\n<div class=\"et_pb_text_8 et_pb_text et_pb_bg_layout_light et_pb_module et_block_module\"><div class=\"et_pb_text_inner\"><h2>4. Dur\u00e9e de conservation des cookies<\/h2>\n<\/div><\/div>\n\n<div class=\"et_pb_text_9 et_pb_text et_pb_bg_layout_light et_pb_module et_block_module\"><div class=\"et_pb_text_inner\"><p>Les cookies d\u00e9pos\u00e9s sur votre terminal sont conserv\u00e9s pour une dur\u00e9e maximale de 13 mois, conform\u00e9ment aux recommandations de la CNIL. Pass\u00e9 ce d\u00e9lai, votre consentement est \u00e0 nouveau recueilli.<\/p>\n<\/div><\/div>\n<\/div>\n<\/div>\n\n<div class=\"et_pb_row_6 et_pb_row et_flex_row\">\n<div class=\"et_pb_column_6 et_pb_column et-last-child et_flex_column et_pb_css_mix_blend_mode_passthrough et_flex_column_24_24 et_flex_column_24_24_tablet et_flex_column_24_24_phone et_flex_column_24_24_phoneWide et_flex_column_24_24_tabletWide et_flex_column_24_24_widescreen et_flex_column_24_24_ultraWide\">\n<div class=\"et_pb_text_10 et_pb_text et_pb_bg_layout_light et_pb_module et_block_module\"><div class=\"et_pb_text_inner\"><h2>5. Base l\u00e9gale<\/h2>\n<\/div><\/div>\n\n<div class=\"et_pb_text_11 et_pb_text et_pb_bg_layout_light et_pb_module et_block_module\"><div class=\"et_pb_text_inner\"><p>Le d\u00e9p\u00f4t de cookies n\u00e9cessaires repose sur l'int\u00e9r\u00eat l\u00e9gitime de YPC Conseil (article 6.1.f du RGPD). Le d\u00e9p\u00f4t de cookies analytiques et fonctionnels repose sur votre consentement explicite (article 6.1.a du RGPD).<\/p>\n<\/div><\/div>\n<\/div>\n<\/div>\n\n<div class=\"et_pb_row_7 et_pb_row et_flex_row\">\n<div class=\"et_pb_column_7 et_pb_column et-last-child et_flex_column et_pb_css_mix_blend_mode_passthrough et_flex_column_24_24 et_flex_column_24_24_tablet et_flex_column_24_24_phone et_flex_column_24_24_phoneWide et_flex_column_24_24_tabletWide et_flex_column_24_24_widescreen et_flex_column_24_24_ultraWide\">\n<div class=\"et_pb_text_12 et_pb_text et_pb_bg_layout_light et_pb_module et_block_module\"><div class=\"et_pb_text_inner\"><h2>6. Vos choix concernant les cookies<\/h2>\n<\/div><\/div>\n\n<div class=\"et_pb_text_13 et_pb_text et_pb_bg_layout_light et_pb_module et_block_module\"><div class=\"et_pb_text_inner\"><p class=\"font-claude-response-body break-words whitespace-normal leading-[1.7]\">Lors de votre premi\u00e8re visite sur le site, un bandeau vous informe de l'utilisation des cookies et vous permet de les accepter ou de les refuser. Vous pouvez \u00e0 tout moment modifier vos pr\u00e9f\u00e9rences en cliquant sur \u00ab Personnaliser les pr\u00e9f\u00e9rences de consentement \u00bb disponible sur le site.<\/p>\n<p class=\"font-claude-response-body break-words whitespace-normal leading-[1.7]\">Vous pouvez \u00e9galement configurer votre navigateur pour refuser les cookies. Voici les liens vers les instructions des principaux navigateurs :<\/p>\n<ul class=\"[li_&amp;]:mb-0 [li_&amp;]:mt-1 [li_&amp;]:gap-1 [&amp;:not(:last-child)_ul]:pb-1 [&amp;:not(:last-child)_ol]:pb-1 list-disc flex flex-col gap-1 pl-8 mb-3\">\n<li class=\"whitespace-normal break-words pl-2\">Google Chrome : param\u00e8tres &gt; Confidentialit\u00e9 et s\u00e9curit\u00e9 &gt; Cookies<\/li>\n<li class=\"whitespace-normal break-words pl-2\">Mozilla Firefox : param\u00e8tres &gt; Vie priv\u00e9e et s\u00e9curit\u00e9<\/li>\n<li class=\"whitespace-normal break-words pl-2\">Safari : pr\u00e9f\u00e9rences &gt; Confidentialit\u00e9<\/li>\n<li class=\"whitespace-normal break-words pl-2\">Microsoft Edge : param\u00e8tres &gt; Cookies et autorisations de site<\/li>\n<\/ul>\n<p>&nbsp;<\/p>\n<p class=\"font-claude-response-body break-words whitespace-normal leading-[1.7]\">La d\u00e9sactivation de certains cookies peut affecter votre exp\u00e9rience de navigation sur le site.<\/p>\n<\/div><\/div>\n<\/div>\n<\/div>\n\n<div class=\"et_pb_row_8 et_pb_row et_flex_row\">\n<div class=\"et_pb_column_8 et_pb_column et-last-child et_flex_column et_pb_css_mix_blend_mode_passthrough et_flex_column_24_24 et_flex_column_24_24_tablet et_flex_column_24_24_phone et_flex_column_24_24_phoneWide et_flex_column_24_24_tabletWide et_flex_column_24_24_widescreen et_flex_column_24_24_ultraWide\">\n<div class=\"et_pb_text_14 et_pb_text et_pb_bg_layout_light et_pb_module et_block_module\"><div class=\"et_pb_text_inner\"><h2>7. Transferts hors Union europ\u00e9enne<\/h2>\n<\/div><\/div>\n\n<div class=\"et_pb_text_15 et_pb_text et_pb_bg_layout_light et_pb_module et_block_module\"><div class=\"et_pb_text_inner\"><p>Aucun transfert de donn\u00e9es collect\u00e9es via les cookies vers des pays tiers \u00e0 l'Union europ\u00e9enne n'est effectu\u00e9.<\/p>\n<\/div><\/div>\n<\/div>\n<\/div>\n\n<div class=\"et_pb_row_9 et_pb_row et_flex_row\">\n<div class=\"et_pb_column_9 et_pb_column et-last-child et_flex_column et_pb_css_mix_blend_mode_passthrough et_flex_column_24_24 et_flex_column_24_24_tablet et_flex_column_24_24_phone et_flex_column_24_24_phoneWide et_flex_column_24_24_tabletWide et_flex_column_24_24_widescreen et_flex_column_24_24_ultraWide\">\n<div class=\"et_pb_text_16 et_pb_text et_pb_bg_layout_light et_pb_module et_block_module\"><div class=\"et_pb_text_inner\"><h2>8. Vos droits<\/h2>\n<\/div><\/div>\n\n<div class=\"et_pb_text_17 et_pb_text et_pb_bg_layout_light et_pb_module et_block_module\"><div class=\"et_pb_text_inner\"><p class=\"font-claude-response-body break-words whitespace-normal leading-[1.7]\">Conform\u00e9ment au RGPD, vous disposez des droits suivants concernant les donn\u00e9es collect\u00e9es via les cookies :<\/p>\n<ul class=\"[li_&amp;]:mb-0 [li_&amp;]:mt-1 [li_&amp;]:gap-1 [&amp;:not(:last-child)_ul]:pb-1 [&amp;:not(:last-child)_ol]:pb-1 list-disc flex flex-col gap-1 pl-8 mb-3\">\n<li class=\"whitespace-normal break-words pl-2\">Droit d'acc\u00e8s : obtenir une copie de vos donn\u00e9es<\/li>\n<li class=\"whitespace-normal break-words pl-2\">Droit de rectification : corriger vos donn\u00e9es inexactes<\/li>\n<li class=\"whitespace-normal break-words pl-2\">Droit \u00e0 l'effacement : demander la suppression de vos donn\u00e9es<\/li>\n<li class=\"whitespace-normal break-words pl-2\">Droit \u00e0 la limitation du traitement<\/li>\n<li class=\"whitespace-normal break-words pl-2\">Droit d'opposition au traitement<\/li>\n<\/ul>\n<p class=\"font-claude-response-body break-words whitespace-normal leading-[1.7]\">Pour exercer ces droits, contactez-nous \u00e0 l'adresse : <a class=\"underline underline underline-offset-2 decoration-1 decoration-current\/40 hover:decoration-current focus:decoration-current\" href=\"mailto:contact@ypc-conseil.fr\">contact@ypc-conseil.fr<\/a><\/p>\n<p>&nbsp;<\/p>\n<p class=\"font-claude-response-body break-words whitespace-normal leading-[1.7]\">Vous avez \u00e9galement le droit d'introduire une r\u00e9clamation aupr\u00e8s de la CNIL : <a class=\"underline underline underline-offset-2 decoration-1 decoration-current\/40 hover:decoration-current focus:decoration-current\" href=\"http:\/\/www.cnil.fr\">www.cnil.fr<\/a><\/p>\n<\/div><\/div>\n<\/div>\n<\/div>\n\n<div class=\"et_pb_row_10 et_pb_row et_flex_row\">\n<div class=\"et_pb_column_10 et_pb_column et-last-child et_flex_column et_pb_css_mix_blend_mode_passthrough et_flex_column_24_24 et_flex_column_24_24_tablet et_flex_column_24_24_phone et_flex_column_24_24_phoneWide et_flex_column_24_24_tabletWide et_flex_column_24_24_widescreen et_flex_column_24_24_ultraWide\">\n<div class=\"et_pb_text_18 et_pb_text et_pb_bg_layout_light et_pb_module et_block_module\"><div class=\"et_pb_text_inner\"><h2>9. Modifications de la politique<\/h2>\n<\/div><\/div>\n\n<div class=\"et_pb_text_19 et_pb_text et_pb_bg_layout_light et_pb_module et_block_module\"><div class=\"et_pb_text_inner\"><p>YPC Conseil se r\u00e9serve le droit de modifier la pr\u00e9sente politique de cookies \u00e0 tout moment. Toute modification sera publi\u00e9e sur cette page avec une mise \u00e0 jour de la date de r\u00e9vision.<\/p>\n<\/div><\/div>\n<\/div>\n<\/div>\n<\/div>\n\n<div class=\"et_pb_section_2 et_pb_section et_section_regular et_flex_section\"><\/div>","protected":false},"excerpt":{"rendered":"","protected":false},"author":1,"featured_media":0,"parent":0,"menu_order":0,"comment_status":"closed","ping_status":"closed","template":"","meta":{"_acf_changed":false,"footnotes":""},"class_list":["post-238242","page","type-page","status-publish","hentry"],"acf":[],"yoast_head":"<!-- This site is optimized with the Yoast SEO plugin v27.3 - https:\/\/yoast.com\/product\/yoast-seo-wordpress\/ -->\n<title>Politique de cookies (UE) - Your Project Consult<\/title>\n<meta name=\"robots\" content=\"index, follow, max-snippet:-1, max-image-preview:large, max-video-preview:-1\" \/>\n<link rel=\"canonical\" href=\"https:\/\/ypc-conseil.fr\/en\/politique-de-cookies-ue\/\" \/>\n<meta property=\"og:locale\" content=\"en_GB\" \/>\n<meta property=\"og:type\" content=\"article\" \/>\n<meta property=\"og:title\" content=\"Politique de cookies (UE) - Your Project Consult\" \/>\n<meta property=\"og:url\" content=\"https:\/\/ypc-conseil.fr\/en\/politique-de-cookies-ue\/\" \/>\n<meta property=\"og:site_name\" content=\"Your Project Consult\" \/>\n<meta property=\"article:modified_time\" content=\"2026-03-11T20:20:47+00:00\" \/>\n<meta name=\"twitter:card\" content=\"summary_large_image\" \/>\n<script type=\"application\/ld+json\" class=\"yoast-schema-graph\">{\"@context\":\"https:\\\/\\\/schema.org\",\"@graph\":[{\"@type\":\"WebPage\",\"@id\":\"https:\\\/\\\/ypc-conseil.fr\\\/politique-de-cookies-ue\\\/\",\"url\":\"https:\\\/\\\/ypc-conseil.fr\\\/politique-de-cookies-ue\\\/\",\"name\":\"Politique de cookies (UE) - Your Project Consult\",\"isPartOf\":{\"@id\":\"https:\\\/\\\/ypc-conseil.fr\\\/#website\"},\"datePublished\":\"2026-03-10T16:23:44+00:00\",\"dateModified\":\"2026-03-11T20:20:47+00:00\",\"breadcrumb\":{\"@id\":\"https:\\\/\\\/ypc-conseil.fr\\\/politique-de-cookies-ue\\\/#breadcrumb\"},\"inLanguage\":\"en-GB\",\"potentialAction\":[{\"@type\":\"ReadAction\",\"target\":[\"https:\\\/\\\/ypc-conseil.fr\\\/politique-de-cookies-ue\\\/\"]}]},{\"@type\":\"BreadcrumbList\",\"@id\":\"https:\\\/\\\/ypc-conseil.fr\\\/politique-de-cookies-ue\\\/#breadcrumb\",\"itemListElement\":[{\"@type\":\"ListItem\",\"position\":1,\"name\":\"Accueil\",\"item\":\"https:\\\/\\\/ypc-conseil.fr\\\/\"},{\"@type\":\"ListItem\",\"position\":2,\"name\":\"Politique de cookies (UE)\"}]},{\"@type\":\"WebSite\",\"@id\":\"https:\\\/\\\/ypc-conseil.fr\\\/#website\",\"url\":\"https:\\\/\\\/ypc-conseil.fr\\\/\",\"name\":\"Your Project Consult\",\"description\":\"Conseil en strat\u00e9gie et excellence op\u00e9rationnelle\",\"publisher\":{\"@id\":\"https:\\\/\\\/ypc-conseil.fr\\\/#organization\"},\"potentialAction\":[{\"@type\":\"SearchAction\",\"target\":{\"@type\":\"EntryPoint\",\"urlTemplate\":\"https:\\\/\\\/ypc-conseil.fr\\\/?s={search_term_string}\"},\"query-input\":{\"@type\":\"PropertyValueSpecification\",\"valueRequired\":true,\"valueName\":\"search_term_string\"}}],\"inLanguage\":\"en-GB\"},{\"@type\":\"Organization\",\"@id\":\"https:\\\/\\\/ypc-conseil.fr\\\/#organization\",\"name\":\"Your Project Consult\",\"url\":\"https:\\\/\\\/ypc-conseil.fr\\\/\",\"logo\":{\"@type\":\"ImageObject\",\"inLanguage\":\"en-GB\",\"@id\":\"https:\\\/\\\/ypc-conseil.fr\\\/#\\\/schema\\\/logo\\\/image\\\/\",\"url\":\"https:\\\/\\\/ypc-conseil.fr\\\/wp-content\\\/uploads\\\/2026\\\/03\\\/YPC-Logo.png\",\"contentUrl\":\"https:\\\/\\\/ypc-conseil.fr\\\/wp-content\\\/uploads\\\/2026\\\/03\\\/YPC-Logo.png\",\"width\":293,\"height\":210,\"caption\":\"Your Project Consult\"},\"image\":{\"@id\":\"https:\\\/\\\/ypc-conseil.fr\\\/#\\\/schema\\\/logo\\\/image\\\/\"},\"sameAs\":[\"https:\\\/\\\/www.linkedin.com\\\/company\\\/your-project-consult-ypc-conseil\\\/\"]}]}<\/script>\n<!-- \/ Yoast SEO plugin. -->","yoast_head_json":{"title":"Politique de cookies (UE) - Your Project Consult","robots":{"index":"index","follow":"follow","max-snippet":"max-snippet:-1","max-image-preview":"max-image-preview:large","max-video-preview":"max-video-preview:-1"},"canonical":"https:\/\/ypc-conseil.fr\/en\/politique-de-cookies-ue\/","og_locale":"en_GB","og_type":"article","og_title":"Politique de cookies (UE) - Your Project Consult","og_url":"https:\/\/ypc-conseil.fr\/en\/politique-de-cookies-ue\/","og_site_name":"Your Project Consult","article_modified_time":"2026-03-11T20:20:47+00:00","twitter_card":"summary_large_image","schema":{"@context":"https:\/\/schema.org","@graph":[{"@type":"WebPage","@id":"https:\/\/ypc-conseil.fr\/politique-de-cookies-ue\/","url":"https:\/\/ypc-conseil.fr\/politique-de-cookies-ue\/","name":"Politique de cookies (UE) - Your Project Consult","isPartOf":{"@id":"https:\/\/ypc-conseil.fr\/#website"},"datePublished":"2026-03-10T16:23:44+00:00","dateModified":"2026-03-11T20:20:47+00:00","breadcrumb":{"@id":"https:\/\/ypc-conseil.fr\/politique-de-cookies-ue\/#breadcrumb"},"inLanguage":"en-GB","potentialAction":[{"@type":"ReadAction","target":["https:\/\/ypc-conseil.fr\/politique-de-cookies-ue\/"]}]},{"@type":"BreadcrumbList","@id":"https:\/\/ypc-conseil.fr\/politique-de-cookies-ue\/#breadcrumb","itemListElement":[{"@type":"ListItem","position":1,"name":"Accueil","item":"https:\/\/ypc-conseil.fr\/"},{"@type":"ListItem","position":2,"name":"Politique de cookies (UE)"}]},{"@type":"WebSite","@id":"https:\/\/ypc-conseil.fr\/#website","url":"https:\/\/ypc-conseil.fr\/","name":"Your Project Consult","description":"Strategic and Operational Excellence Advisory","publisher":{"@id":"https:\/\/ypc-conseil.fr\/#organization"},"potentialAction":[{"@type":"SearchAction","target":{"@type":"EntryPoint","urlTemplate":"https:\/\/ypc-conseil.fr\/?s={search_term_string}"},"query-input":{"@type":"PropertyValueSpecification","valueRequired":true,"valueName":"search_term_string"}}],"inLanguage":"en-GB"},{"@type":"Organization","@id":"https:\/\/ypc-conseil.fr\/#organization","name":"Your Project Consult","url":"https:\/\/ypc-conseil.fr\/","logo":{"@type":"ImageObject","inLanguage":"en-GB","@id":"https:\/\/ypc-conseil.fr\/#\/schema\/logo\/image\/","url":"https:\/\/ypc-conseil.fr\/wp-content\/uploads\/2026\/03\/YPC-Logo.png","contentUrl":"https:\/\/ypc-conseil.fr\/wp-content\/uploads\/2026\/03\/YPC-Logo.png","width":293,"height":210,"caption":"Your Project Consult"},"image":{"@id":"https:\/\/ypc-conseil.fr\/#\/schema\/logo\/image\/"},"sameAs":["https:\/\/www.linkedin.com\/company\/your-project-consult-ypc-conseil\/"]}]}},"_hostinger_reach_plugin_has_subscription_block":false,"_hostinger_reach_plugin_is_elementor":false,"_links":{"self":[{"href":"https:\/\/ypc-conseil.fr\/en\/wp-json\/wp\/v2\/pages\/238242","targetHints":{"allow":["GET"]}}],"collection":[{"href":"https:\/\/ypc-conseil.fr\/en\/wp-json\/wp\/v2\/pages"}],"about":[{"href":"https:\/\/ypc-conseil.fr\/en\/wp-json\/wp\/v2\/types\/page"}],"author":[{"embeddable":true,"href":"https:\/\/ypc-conseil.fr\/en\/wp-json\/wp\/v2\/users\/1"}],"replies":[{"embeddable":true,"href":"https:\/\/ypc-conseil.fr\/en\/wp-json\/wp\/v2\/comments?post=238242"}],"version-history":[{"count":7,"href":"https:\/\/ypc-conseil.fr\/en\/wp-json\/wp\/v2\/pages\/238242\/revisions"}],"predecessor-version":[{"id":238256,"href":"https:\/\/ypc-conseil.fr\/en\/wp-json\/wp\/v2\/pages\/238242\/revisions\/238256"}],"wp:attachment":[{"href":"https:\/\/ypc-conseil.fr\/en\/wp-json\/wp\/v2\/media?parent=238242"}],"curies":[{"name":"wp","href":"https:\/\/api.w.org\/{rel}","templated":true}]}}