{"id":238105,"date":"2026-02-25T16:08:38","date_gmt":"2026-02-25T15:08:38","guid":{"rendered":"https:\/\/ypc-conseil.fr\/?page_id=238105"},"modified":"2026-03-11T21:25:21","modified_gmt":"2026-03-11T20:25:21","slug":"mentions-legales","status":"publish","type":"page","link":"https:\/\/ypc-conseil.fr\/en\/mentions-legales\/","title":{"rendered":"Legal Notice"},"content":{"rendered":"<div class=\"et_pb_section_0 et_pb_section et_section_regular et_block_section\">\n<div class=\"et_pb_row_0 et_pb_row et_block_row\">\n<div class=\"et_pb_column_0 et_pb_column et_pb_column_4_4 et-last-child et_block_column et_pb_css_mix_blend_mode_passthrough\">\n<div class=\"et_pb_text_0 et_pb_text et_pb_bg_layout_light et_animated et_pb_module et_block_module\"><div class=\"et_pb_text_inner\"><h1>Legal Notice <span style=\"color: #1e40af;\">.<\/span><\/h1>\n<\/div><\/div>\n<\/div>\n<\/div>\n<\/div>\n\n<div class=\"et_pb_section_1 et_pb_section et_section_regular et_block_section\">\n<div class=\"et_pb_row_1 et_pb_row et_flex_row\">\n<div class=\"et_pb_column_1 et_pb_column et-last-child et_flex_column et_pb_css_mix_blend_mode_passthrough et_flex_column_24_24 et_flex_column_24_24_tablet et_flex_column_24_24_phone et_flex_column_24_24_phoneWide et_flex_column_24_24_tabletWide et_flex_column_24_24_widescreen et_flex_column_24_24_ultraWide\">\n<div class=\"et_pb_text_1 et_pb_text et_pb_bg_layout_light et_pb_module et_block_module\"><div class=\"et_pb_text_inner\"><h2>1. Website Publisher<\/h2>\n<\/div><\/div>\n\n<div class=\"et_pb_text_2 et_pb_text et_pb_bg_layout_light et_pb_module et_block_module\"><div class=\"et_pb_text_inner\"><p>Company name : YPC Conseil<br \/>Legal form : Simplified Joint Stock Company (SAS)<br \/>Capital social : 1000 euros<br \/>SIRET number : 94363136600011<br \/>RCS number : 943 631 366 R.C.S. Dax<br \/>APE\/NAF code : 70.22Z (Business and management consultancy) <span>70.22Z\u00a0<span class=\"far fa-copy clipboard\"><\/span>\u00a0(Conseil pour les affaires et autres conseils de gestion)<\/span><br \/>Registered office : 19 all\u00e9e des Foug\u00e8res, 40660 Moliets-et-Ma\u00e2, France<br \/>Publication director : Herv\u00e9 Lienhardt<br \/>Contact : contact@ypc-conseil.fr<br \/>Phone : +33 6 78 07 59 43<\/p>\n<\/div><\/div>\n<\/div>\n<\/div>\n\n<div class=\"et_pb_row_2 et_pb_row et_flex_row\">\n<div class=\"et_pb_column_2 et_pb_column et-last-child et_flex_column et_pb_css_mix_blend_mode_passthrough et_flex_column_24_24 et_flex_column_24_24_tablet et_flex_column_24_24_phone et_flex_column_24_24_phoneWide et_flex_column_24_24_tabletWide et_flex_column_24_24_widescreen et_flex_column_24_24_ultraWide\">\n<div class=\"et_pb_text_3 et_pb_text et_pb_bg_layout_light et_pb_module et_block_module\"><div class=\"et_pb_text_inner\"><h2>2. Hosting<\/h2>\n<\/div><\/div>\n\n<div class=\"et_pb_text_4 et_pb_text et_pb_bg_layout_light et_pb_module et_block_module\"><div class=\"et_pb_text_inner\"><p>Hosting provider : Hostinger International Ltd<br \/>Address : 61 Lordou Vironos Street, 6023 Larnaca, Chypre<br \/>Website : https:\/\/www.hostinger.fr<br \/>Contact : https:\/\/www.hostinger.fr\/contact<\/p>\n<\/div><\/div>\n<\/div>\n<\/div>\n\n<div class=\"et_pb_row_3 et_pb_row et_flex_row\">\n<div class=\"et_pb_column_3 et_pb_column et-last-child et_flex_column et_pb_css_mix_blend_mode_passthrough et_flex_column_24_24 et_flex_column_24_24_tablet et_flex_column_24_24_phone et_flex_column_24_24_phoneWide et_flex_column_24_24_tabletWide et_flex_column_24_24_widescreen et_flex_column_24_24_ultraWide\">\n<div class=\"et_pb_text_5 et_pb_text et_pb_bg_layout_light et_pb_module et_block_module\"><div class=\"et_pb_text_inner\"><h2>3. Intellectual Property<\/h2>\n<\/div><\/div>\n\n<div class=\"et_pb_text_6 et_pb_text et_pb_bg_layout_light et_pb_module et_block_module\"><div class=\"et_pb_text_inner\"><p>All content on this website (texts, images, graphics, logo, icons, sounds, software, etc.) is the exclusive property of YPC Conseil or its partners, and is protected by French and international intellectual property laws.<\/p>\n<p>Any reproduction, representation, modification, publication, adaptation or exploitation of all or part of the website's content, by any means or process whatsoever, is prohibited without the prior written consent of YPC Conseil.<\/p>\n<\/div><\/div>\n<\/div>\n<\/div>\n\n<div class=\"et_pb_row_4 et_pb_row et_flex_row\">\n<div class=\"et_pb_column_4 et_pb_column et-last-child et_flex_column et_pb_css_mix_blend_mode_passthrough et_flex_column_24_24 et_flex_column_24_24_tablet et_flex_column_24_24_phone et_flex_column_24_24_phoneWide et_flex_column_24_24_tabletWide et_flex_column_24_24_widescreen et_flex_column_24_24_ultraWide\">\n<div class=\"et_pb_text_7 et_pb_text et_pb_bg_layout_light et_pb_module et_block_module\"><div class=\"et_pb_text_inner\"><h2>4. Hyperlinks<\/h2>\n<\/div><\/div>\n\n<div class=\"et_pb_text_8 et_pb_text et_pb_bg_layout_light et_pb_module et_block_module\"><div class=\"et_pb_text_inner\"><p>The website may contain hyperlinks to other websites. YPC Conseil has no control over these sites and accepts no responsibility for their content or privacy policies.<\/p>\n<\/div><\/div>\n<\/div>\n<\/div>\n\n<div class=\"et_pb_row_5 et_pb_row et_flex_row\">\n<div class=\"et_pb_column_5 et_pb_column et-last-child et_flex_column et_pb_css_mix_blend_mode_passthrough et_flex_column_24_24 et_flex_column_24_24_tablet et_flex_column_24_24_phone et_flex_column_24_24_phoneWide et_flex_column_24_24_tabletWide et_flex_column_24_24_widescreen et_flex_column_24_24_ultraWide\">\n<div class=\"et_pb_text_9 et_pb_text et_pb_bg_layout_light et_pb_module et_block_module\"><div class=\"et_pb_text_inner\"><h2>5. Limitation of Liability<\/h2>\n<\/div><\/div>\n\n<div class=\"et_pb_text_10 et_pb_text et_pb_bg_layout_light et_pb_module et_block_module\"><div class=\"et_pb_text_inner\"><p>YPC Conseil strives to ensure the accuracy and currency of the information published on this website. However, YPC Conseil reserves the right to correct content at any time without notice and cannot guarantee the completeness or accuracy of the information published.<\/p>\n<p>YPC Conseil cannot be held liable for the use made of the information contained on this website, nor for any interruptions or unavailability of the service.<\/p>\n<\/div><\/div>\n<\/div>\n<\/div>\n\n<div class=\"et_pb_row_6 et_pb_row et_flex_row\">\n<div class=\"et_pb_column_6 et_pb_column et-last-child et_flex_column et_pb_css_mix_blend_mode_passthrough et_flex_column_24_24 et_flex_column_24_24_tablet et_flex_column_24_24_phone et_flex_column_24_24_phoneWide et_flex_column_24_24_tabletWide et_flex_column_24_24_widescreen et_flex_column_24_24_ultraWide\">\n<div class=\"et_pb_text_11 et_pb_text et_pb_bg_layout_light et_pb_module et_block_module\"><div class=\"et_pb_text_inner\"><h2>6. Applicable Law<\/h2>\n<\/div><\/div>\n\n<div class=\"et_pb_text_12 et_pb_text et_pb_bg_layout_light et_pb_module et_block_module\"><div class=\"et_pb_text_inner\"><p>These legal notices are governed by French law. In the event of a dispute, French courts shall have sole jurisdiction.<br \/>Last updated: February 25, 2026<\/p>\n<\/div><\/div>\n<\/div>\n<\/div>\n<\/div>\n\n<div class=\"et_pb_section_2 et_pb_section et_section_regular et_flex_section\"><\/div>","protected":false},"excerpt":{"rendered":"","protected":false},"author":1,"featured_media":0,"parent":0,"menu_order":0,"comment_status":"closed","ping_status":"closed","template":"","meta":{"_acf_changed":false,"footnotes":""},"class_list":["post-238105","page","type-page","status-publish","hentry"],"acf":[],"yoast_head":"<!-- This site is optimized with the Yoast SEO plugin v27.3 - https:\/\/yoast.com\/product\/yoast-seo-wordpress\/ -->\n<title>Mentions l\u00e9gales - Your Project Consult<\/title>\n<meta name=\"robots\" content=\"index, follow, max-snippet:-1, max-image-preview:large, max-video-preview:-1\" \/>\n<link rel=\"canonical\" href=\"https:\/\/ypc-conseil.fr\/en\/mentions-legales\/\" \/>\n<meta property=\"og:locale\" content=\"en_GB\" \/>\n<meta property=\"og:type\" content=\"article\" \/>\n<meta property=\"og:title\" content=\"Mentions l\u00e9gales - Your Project Consult\" \/>\n<meta property=\"og:url\" content=\"https:\/\/ypc-conseil.fr\/en\/mentions-legales\/\" \/>\n<meta property=\"og:site_name\" content=\"Your Project Consult\" \/>\n<meta property=\"article:modified_time\" content=\"2026-03-11T20:25:21+00:00\" \/>\n<meta name=\"twitter:card\" content=\"summary_large_image\" \/>\n<script type=\"application\/ld+json\" class=\"yoast-schema-graph\">{\"@context\":\"https:\\\/\\\/schema.org\",\"@graph\":[{\"@type\":\"WebPage\",\"@id\":\"https:\\\/\\\/ypc-conseil.fr\\\/mentions-legales\\\/\",\"url\":\"https:\\\/\\\/ypc-conseil.fr\\\/mentions-legales\\\/\",\"name\":\"Mentions l\u00e9gales - Your Project Consult\",\"isPartOf\":{\"@id\":\"https:\\\/\\\/ypc-conseil.fr\\\/#website\"},\"datePublished\":\"2026-02-25T15:08:38+00:00\",\"dateModified\":\"2026-03-11T20:25:21+00:00\",\"breadcrumb\":{\"@id\":\"https:\\\/\\\/ypc-conseil.fr\\\/mentions-legales\\\/#breadcrumb\"},\"inLanguage\":\"en-GB\",\"potentialAction\":[{\"@type\":\"ReadAction\",\"target\":[\"https:\\\/\\\/ypc-conseil.fr\\\/mentions-legales\\\/\"]}]},{\"@type\":\"BreadcrumbList\",\"@id\":\"https:\\\/\\\/ypc-conseil.fr\\\/mentions-legales\\\/#breadcrumb\",\"itemListElement\":[{\"@type\":\"ListItem\",\"position\":1,\"name\":\"Accueil\",\"item\":\"https:\\\/\\\/ypc-conseil.fr\\\/\"},{\"@type\":\"ListItem\",\"position\":2,\"name\":\"Mentions l\u00e9gales\"}]},{\"@type\":\"WebSite\",\"@id\":\"https:\\\/\\\/ypc-conseil.fr\\\/#website\",\"url\":\"https:\\\/\\\/ypc-conseil.fr\\\/\",\"name\":\"Your Project Consult\",\"description\":\"Conseil en strat\u00e9gie et excellence op\u00e9rationnelle\",\"publisher\":{\"@id\":\"https:\\\/\\\/ypc-conseil.fr\\\/#organization\"},\"potentialAction\":[{\"@type\":\"SearchAction\",\"target\":{\"@type\":\"EntryPoint\",\"urlTemplate\":\"https:\\\/\\\/ypc-conseil.fr\\\/?s={search_term_string}\"},\"query-input\":{\"@type\":\"PropertyValueSpecification\",\"valueRequired\":true,\"valueName\":\"search_term_string\"}}],\"inLanguage\":\"en-GB\"},{\"@type\":\"Organization\",\"@id\":\"https:\\\/\\\/ypc-conseil.fr\\\/#organization\",\"name\":\"Your Project Consult\",\"url\":\"https:\\\/\\\/ypc-conseil.fr\\\/\",\"logo\":{\"@type\":\"ImageObject\",\"inLanguage\":\"en-GB\",\"@id\":\"https:\\\/\\\/ypc-conseil.fr\\\/#\\\/schema\\\/logo\\\/image\\\/\",\"url\":\"https:\\\/\\\/ypc-conseil.fr\\\/wp-content\\\/uploads\\\/2026\\\/03\\\/YPC-Logo.png\",\"contentUrl\":\"https:\\\/\\\/ypc-conseil.fr\\\/wp-content\\\/uploads\\\/2026\\\/03\\\/YPC-Logo.png\",\"width\":293,\"height\":210,\"caption\":\"Your Project Consult\"},\"image\":{\"@id\":\"https:\\\/\\\/ypc-conseil.fr\\\/#\\\/schema\\\/logo\\\/image\\\/\"},\"sameAs\":[\"https:\\\/\\\/www.linkedin.com\\\/company\\\/your-project-consult-ypc-conseil\\\/\"]}]}<\/script>\n<!-- \/ Yoast SEO plugin. -->","yoast_head_json":{"title":"Mentions l\u00e9gales - Your Project Consult","robots":{"index":"index","follow":"follow","max-snippet":"max-snippet:-1","max-image-preview":"max-image-preview:large","max-video-preview":"max-video-preview:-1"},"canonical":"https:\/\/ypc-conseil.fr\/en\/mentions-legales\/","og_locale":"en_GB","og_type":"article","og_title":"Mentions l\u00e9gales - Your Project Consult","og_url":"https:\/\/ypc-conseil.fr\/en\/mentions-legales\/","og_site_name":"Your Project Consult","article_modified_time":"2026-03-11T20:25:21+00:00","twitter_card":"summary_large_image","schema":{"@context":"https:\/\/schema.org","@graph":[{"@type":"WebPage","@id":"https:\/\/ypc-conseil.fr\/mentions-legales\/","url":"https:\/\/ypc-conseil.fr\/mentions-legales\/","name":"Mentions l\u00e9gales - Your Project Consult","isPartOf":{"@id":"https:\/\/ypc-conseil.fr\/#website"},"datePublished":"2026-02-25T15:08:38+00:00","dateModified":"2026-03-11T20:25:21+00:00","breadcrumb":{"@id":"https:\/\/ypc-conseil.fr\/mentions-legales\/#breadcrumb"},"inLanguage":"en-GB","potentialAction":[{"@type":"ReadAction","target":["https:\/\/ypc-conseil.fr\/mentions-legales\/"]}]},{"@type":"BreadcrumbList","@id":"https:\/\/ypc-conseil.fr\/mentions-legales\/#breadcrumb","itemListElement":[{"@type":"ListItem","position":1,"name":"Accueil","item":"https:\/\/ypc-conseil.fr\/"},{"@type":"ListItem","position":2,"name":"Mentions l\u00e9gales"}]},{"@type":"WebSite","@id":"https:\/\/ypc-conseil.fr\/#website","url":"https:\/\/ypc-conseil.fr\/","name":"Your Project Consult","description":"Strategic and Operational Excellence Advisory","publisher":{"@id":"https:\/\/ypc-conseil.fr\/#organization"},"potentialAction":[{"@type":"SearchAction","target":{"@type":"EntryPoint","urlTemplate":"https:\/\/ypc-conseil.fr\/?s={search_term_string}"},"query-input":{"@type":"PropertyValueSpecification","valueRequired":true,"valueName":"search_term_string"}}],"inLanguage":"en-GB"},{"@type":"Organization","@id":"https:\/\/ypc-conseil.fr\/#organization","name":"Your Project Consult","url":"https:\/\/ypc-conseil.fr\/","logo":{"@type":"ImageObject","inLanguage":"en-GB","@id":"https:\/\/ypc-conseil.fr\/#\/schema\/logo\/image\/","url":"https:\/\/ypc-conseil.fr\/wp-content\/uploads\/2026\/03\/YPC-Logo.png","contentUrl":"https:\/\/ypc-conseil.fr\/wp-content\/uploads\/2026\/03\/YPC-Logo.png","width":293,"height":210,"caption":"Your Project Consult"},"image":{"@id":"https:\/\/ypc-conseil.fr\/#\/schema\/logo\/image\/"},"sameAs":["https:\/\/www.linkedin.com\/company\/your-project-consult-ypc-conseil\/"]}]}},"_hostinger_reach_plugin_has_subscription_block":false,"_hostinger_reach_plugin_is_elementor":false,"_links":{"self":[{"href":"https:\/\/ypc-conseil.fr\/en\/wp-json\/wp\/v2\/pages\/238105","targetHints":{"allow":["GET"]}}],"collection":[{"href":"https:\/\/ypc-conseil.fr\/en\/wp-json\/wp\/v2\/pages"}],"about":[{"href":"https:\/\/ypc-conseil.fr\/en\/wp-json\/wp\/v2\/types\/page"}],"author":[{"embeddable":true,"href":"https:\/\/ypc-conseil.fr\/en\/wp-json\/wp\/v2\/users\/1"}],"replies":[{"embeddable":true,"href":"https:\/\/ypc-conseil.fr\/en\/wp-json\/wp\/v2\/comments?post=238105"}],"version-history":[{"count":9,"href":"https:\/\/ypc-conseil.fr\/en\/wp-json\/wp\/v2\/pages\/238105\/revisions"}],"predecessor-version":[{"id":238259,"href":"https:\/\/ypc-conseil.fr\/en\/wp-json\/wp\/v2\/pages\/238105\/revisions\/238259"}],"wp:attachment":[{"href":"https:\/\/ypc-conseil.fr\/en\/wp-json\/wp\/v2\/media?parent=238105"}],"curies":[{"name":"wp","href":"https:\/\/api.w.org\/{rel}","templated":true}]}}