{"id":224686,"date":"2026-01-09T16:43:59","date_gmt":"2026-01-09T15:43:59","guid":{"rendered":"https:\/\/ypc-conseil.fr\/?page_id=224686"},"modified":"2026-01-09T16:47:18","modified_gmt":"2026-01-09T15:47:18","slug":"actualites","status":"publish","type":"page","link":"https:\/\/ypc-conseil.fr\/en\/actualites\/","title":{"rendered":"Insights"},"content":{"rendered":"<div class=\"et_pb_section_0 et_pb_section et_section_regular et_block_section\">\n<div class=\"et_pb_row_0 et_pb_row et_block_row\">\n<div class=\"et_pb_column_0 et_pb_column et_pb_column_4_4 et-last-child et_block_column et_pb_css_mix_blend_mode_passthrough\">\n<div class=\"et_pb_text_0 et_pb_text et_pb_bg_layout_light et_animated et_pb_module et_block_module\"><div class=\"et_pb_text_inner\"><h1>Insights<span style=\"color: #1e40af;\">.<\/span><\/h1>\n<\/div><\/div>\n\n<div class=\"et_pb_search_0 et_pb_search et_pb_bg_layout_light et_pb_module et_block_module\"><form class=\"et_pb_searchform\" method=\"get\" role=\"search\" action=\"https:\/\/ypc-conseil.fr\/en\/\" data-trp-original-action=\"https:\/\/ypc-conseil.fr\/en\/\"><div><label class=\"screen-reader-text\" for=\"s\">Search for:<\/label><input name=\"s\" class=\"et_pb_s\" type=\"text\" placeholder=\"Search articles\" value=\"\" \/><input name=\"et_pb_searchform_submit\" type=\"hidden\" value=\"et_search_process\" \/><input name=\"et_pb_include_pages\" type=\"hidden\" value=\"yes\" \/><input name=\"et_pb_include_posts\" type=\"hidden\" value=\"yes\" \/><input class=\"et_pb_searchsubmit\" type=\"submit\" value=\"Search\" \/><\/div><input type=\"hidden\" name=\"trp-form-language\" value=\"en\"\/><\/form><\/div>\n<\/div>\n<\/div>\n<\/div>\n\n<div class=\"et_pb_section_1 et_pb_section et_section_regular et_block_section\">\n<div class=\"et_pb_row_1 et_pb_row et_block_row\">\n<div class=\"et_pb_column_1 et_pb_column et_pb_column_4_4 et-last-child et_block_column et_pb_css_mix_blend_mode_passthrough\">\n<div class=\"et_pb_blog_0 et_pb_blog et_pb_bg_layout_light et_pb_posts et_pb_module atlas-blog\"><div class=\"et_pb_ajax_pagination_container\"><div class=\"et_pb_posts et_grid_module\"><article class=\"et_pb_post et_pb_post_id_224436 clearfix et_pb_blog_item_0_0 post-224436 post type-post status-publish format-standard has-post-thumbnail hentry category-evenements\"><div class=\"et_pb_image_container\"><a href=\"https:\/\/ypc-conseil.fr\/en\/pollutec-lyon-2025\/\" class=\"entry-featured-image-url\"><img loading=\"lazy\" decoding=\"async\" src=\"https:\/\/ypc-conseil.fr\/wp-content\/uploads\/2026\/01\/les-temps-forts-du-salon-6-80-512x340-1.jpg\" width=\"400\" height=\"284\" alt=\"les-temps-forts-du-salon-6-80-512x340\" class=\"\" srcset=\"https:\/\/ypc-conseil.fr\/wp-content\/uploads\/2026\/01\/les-temps-forts-du-salon-6-80-512x340-1.jpg 479w, https:\/\/ypc-conseil.fr\/wp-content\/uploads\/2026\/01\/les-temps-forts-du-salon-6-80-512x340-1-400x284.jpg 480w\" sizes=\"(max-width:479px) 479px, 100vw\" \/><span data-icon=\"\ue050\" class=\"et_overlay et_pb_inline_icon\"><\/span><\/a><\/div><h2 class=\"entry-title\"><a href=\"https:\/\/ypc-conseil.fr\/en\/pollutec-lyon-2025\/\">Pollutec Lyon 2025 Review: YPC Conseil at the Heart of Environmental Innovations<\/a><\/h2><p class=\"post-meta\"><span class=\"published\">Oct 9, 2025<\/span> | <span class=\"entry-categories\"><a href=\"https:\/\/ypc-conseil.fr\/en\/category\/evenements\/\" rel=\"tag\">Events<\/a><\/span><\/p><div class=\"post-content\"><div class=\"post-content-inner\"><p>This year, I had the pleasure of representing YPC at Pollutec Lyon 2025, a...<\/p>\n<\/div><a href=\"https:\/\/ypc-conseil.fr\/en\/pollutec-lyon-2025\/\" class=\"more-link\">read more<\/a><\/div><\/article><\/div><div class=\"pagination clearfix\">\n\t<div class=\"alignleft\"><\/div>\n\t<div class=\"alignright\"><\/div>\n<\/div><\/div><\/div>\n<\/div>\n<\/div>\n<\/div>","protected":false},"excerpt":{"rendered":"","protected":false},"author":1,"featured_media":0,"parent":0,"menu_order":0,"comment_status":"closed","ping_status":"closed","template":"","meta":{"_acf_changed":false,"footnotes":""},"class_list":["post-224686","page","type-page","status-publish","hentry"],"acf":[],"yoast_head":"<!-- This site is optimized with the Yoast SEO plugin v27.3 - https:\/\/yoast.com\/product\/yoast-seo-wordpress\/ -->\n<title>Actualit\u00e9s et Articles | YPC Conseil Performance Entreprise<\/title>\n<meta name=\"description\" content=\"D\u00e9couvrez les actualit\u00e9s, articles et insights de YPC Conseil sur la transformation d&#039;entreprise, l&#039;am\u00e9lioration de la performance, le management de projet et la gestion de crise.\" \/>\n<meta name=\"robots\" content=\"index, follow, max-snippet:-1, max-image-preview:large, max-video-preview:-1\" \/>\n<link rel=\"canonical\" href=\"https:\/\/ypc-conseil.fr\/en\/actualites\/\" \/>\n<meta property=\"og:locale\" content=\"en_GB\" \/>\n<meta property=\"og:type\" content=\"article\" \/>\n<meta property=\"og:title\" content=\"Actualit\u00e9s et Articles | YPC Conseil Performance Entreprise\" \/>\n<meta property=\"og:description\" content=\"D\u00e9couvrez les actualit\u00e9s, articles et insights de YPC Conseil sur la transformation d&#039;entreprise, l&#039;am\u00e9lioration de la performance, le management de projet et la gestion de crise.\" \/>\n<meta property=\"og:url\" content=\"https:\/\/ypc-conseil.fr\/en\/actualites\/\" \/>\n<meta property=\"og:site_name\" content=\"Your Project Consult\" \/>\n<meta property=\"article:modified_time\" content=\"2026-01-09T15:47:18+00:00\" \/>\n<meta name=\"twitter:card\" content=\"summary_large_image\" \/>\n<script type=\"application\/ld+json\" class=\"yoast-schema-graph\">{\"@context\":\"https:\\\/\\\/schema.org\",\"@graph\":[{\"@type\":\"WebPage\",\"@id\":\"https:\\\/\\\/ypc-conseil.fr\\\/actualites\\\/\",\"url\":\"https:\\\/\\\/ypc-conseil.fr\\\/actualites\\\/\",\"name\":\"Actualit\u00e9s et Articles | YPC Conseil Performance Entreprise\",\"isPartOf\":{\"@id\":\"https:\\\/\\\/ypc-conseil.fr\\\/#website\"},\"datePublished\":\"2026-01-09T15:43:59+00:00\",\"dateModified\":\"2026-01-09T15:47:18+00:00\",\"description\":\"D\u00e9couvrez les actualit\u00e9s, articles et insights de YPC Conseil sur la transformation d'entreprise, l'am\u00e9lioration de la performance, le management de projet et la gestion de crise.\",\"breadcrumb\":{\"@id\":\"https:\\\/\\\/ypc-conseil.fr\\\/actualites\\\/#breadcrumb\"},\"inLanguage\":\"en-GB\",\"potentialAction\":[{\"@type\":\"ReadAction\",\"target\":[\"https:\\\/\\\/ypc-conseil.fr\\\/actualites\\\/\"]}]},{\"@type\":\"BreadcrumbList\",\"@id\":\"https:\\\/\\\/ypc-conseil.fr\\\/actualites\\\/#breadcrumb\",\"itemListElement\":[{\"@type\":\"ListItem\",\"position\":1,\"name\":\"Accueil\",\"item\":\"https:\\\/\\\/ypc-conseil.fr\\\/\"},{\"@type\":\"ListItem\",\"position\":2,\"name\":\"Actualit\u00e9s\"}]},{\"@type\":\"WebSite\",\"@id\":\"https:\\\/\\\/ypc-conseil.fr\\\/#website\",\"url\":\"https:\\\/\\\/ypc-conseil.fr\\\/\",\"name\":\"Your Project Consult\",\"description\":\"Conseil en strat\u00e9gie et excellence op\u00e9rationnelle\",\"publisher\":{\"@id\":\"https:\\\/\\\/ypc-conseil.fr\\\/#organization\"},\"potentialAction\":[{\"@type\":\"SearchAction\",\"target\":{\"@type\":\"EntryPoint\",\"urlTemplate\":\"https:\\\/\\\/ypc-conseil.fr\\\/?s={search_term_string}\"},\"query-input\":{\"@type\":\"PropertyValueSpecification\",\"valueRequired\":true,\"valueName\":\"search_term_string\"}}],\"inLanguage\":\"en-GB\"},{\"@type\":\"Organization\",\"@id\":\"https:\\\/\\\/ypc-conseil.fr\\\/#organization\",\"name\":\"Your Project Consult\",\"url\":\"https:\\\/\\\/ypc-conseil.fr\\\/\",\"logo\":{\"@type\":\"ImageObject\",\"inLanguage\":\"en-GB\",\"@id\":\"https:\\\/\\\/ypc-conseil.fr\\\/#\\\/schema\\\/logo\\\/image\\\/\",\"url\":\"https:\\\/\\\/ypc-conseil.fr\\\/wp-content\\\/uploads\\\/2026\\\/03\\\/YPC-Logo.png\",\"contentUrl\":\"https:\\\/\\\/ypc-conseil.fr\\\/wp-content\\\/uploads\\\/2026\\\/03\\\/YPC-Logo.png\",\"width\":293,\"height\":210,\"caption\":\"Your Project Consult\"},\"image\":{\"@id\":\"https:\\\/\\\/ypc-conseil.fr\\\/#\\\/schema\\\/logo\\\/image\\\/\"},\"sameAs\":[\"https:\\\/\\\/www.linkedin.com\\\/company\\\/your-project-consult-ypc-conseil\\\/\"]}]}<\/script>\n<!-- \/ Yoast SEO plugin. -->","yoast_head_json":{"title":"Actualit\u00e9s et Articles | YPC Conseil Performance Entreprise","description":"D\u00e9couvrez les actualit\u00e9s, articles et insights de YPC Conseil sur la transformation d'entreprise, l'am\u00e9lioration de la performance, le management de projet et la gestion de crise.","robots":{"index":"index","follow":"follow","max-snippet":"max-snippet:-1","max-image-preview":"max-image-preview:large","max-video-preview":"max-video-preview:-1"},"canonical":"https:\/\/ypc-conseil.fr\/en\/actualites\/","og_locale":"en_GB","og_type":"article","og_title":"Actualit\u00e9s et Articles | YPC Conseil Performance Entreprise","og_description":"D\u00e9couvrez les actualit\u00e9s, articles et insights de YPC Conseil sur la transformation d'entreprise, l'am\u00e9lioration de la performance, le management de projet et la gestion de crise.","og_url":"https:\/\/ypc-conseil.fr\/en\/actualites\/","og_site_name":"Your Project Consult","article_modified_time":"2026-01-09T15:47:18+00:00","twitter_card":"summary_large_image","schema":{"@context":"https:\/\/schema.org","@graph":[{"@type":"WebPage","@id":"https:\/\/ypc-conseil.fr\/actualites\/","url":"https:\/\/ypc-conseil.fr\/actualites\/","name":"Actualit\u00e9s et Articles | YPC Conseil Performance Entreprise","isPartOf":{"@id":"https:\/\/ypc-conseil.fr\/#website"},"datePublished":"2026-01-09T15:43:59+00:00","dateModified":"2026-01-09T15:47:18+00:00","description":"D\u00e9couvrez les actualit\u00e9s, articles et insights de YPC Conseil sur la transformation d'entreprise, l'am\u00e9lioration de la performance, le management de projet et la gestion de crise.","breadcrumb":{"@id":"https:\/\/ypc-conseil.fr\/actualites\/#breadcrumb"},"inLanguage":"en-GB","potentialAction":[{"@type":"ReadAction","target":["https:\/\/ypc-conseil.fr\/actualites\/"]}]},{"@type":"BreadcrumbList","@id":"https:\/\/ypc-conseil.fr\/actualites\/#breadcrumb","itemListElement":[{"@type":"ListItem","position":1,"name":"Accueil","item":"https:\/\/ypc-conseil.fr\/"},{"@type":"ListItem","position":2,"name":"Actualit\u00e9s"}]},{"@type":"WebSite","@id":"https:\/\/ypc-conseil.fr\/#website","url":"https:\/\/ypc-conseil.fr\/","name":"Your Project Consult","description":"Strategic and Operational Excellence Advisory","publisher":{"@id":"https:\/\/ypc-conseil.fr\/#organization"},"potentialAction":[{"@type":"SearchAction","target":{"@type":"EntryPoint","urlTemplate":"https:\/\/ypc-conseil.fr\/?s={search_term_string}"},"query-input":{"@type":"PropertyValueSpecification","valueRequired":true,"valueName":"search_term_string"}}],"inLanguage":"en-GB"},{"@type":"Organization","@id":"https:\/\/ypc-conseil.fr\/#organization","name":"Your Project Consult","url":"https:\/\/ypc-conseil.fr\/","logo":{"@type":"ImageObject","inLanguage":"en-GB","@id":"https:\/\/ypc-conseil.fr\/#\/schema\/logo\/image\/","url":"https:\/\/ypc-conseil.fr\/wp-content\/uploads\/2026\/03\/YPC-Logo.png","contentUrl":"https:\/\/ypc-conseil.fr\/wp-content\/uploads\/2026\/03\/YPC-Logo.png","width":293,"height":210,"caption":"Your Project Consult"},"image":{"@id":"https:\/\/ypc-conseil.fr\/#\/schema\/logo\/image\/"},"sameAs":["https:\/\/www.linkedin.com\/company\/your-project-consult-ypc-conseil\/"]}]}},"_hostinger_reach_plugin_has_subscription_block":false,"_hostinger_reach_plugin_is_elementor":false,"_links":{"self":[{"href":"https:\/\/ypc-conseil.fr\/en\/wp-json\/wp\/v2\/pages\/224686","targetHints":{"allow":["GET"]}}],"collection":[{"href":"https:\/\/ypc-conseil.fr\/en\/wp-json\/wp\/v2\/pages"}],"about":[{"href":"https:\/\/ypc-conseil.fr\/en\/wp-json\/wp\/v2\/types\/page"}],"author":[{"embeddable":true,"href":"https:\/\/ypc-conseil.fr\/en\/wp-json\/wp\/v2\/users\/1"}],"replies":[{"embeddable":true,"href":"https:\/\/ypc-conseil.fr\/en\/wp-json\/wp\/v2\/comments?post=224686"}],"version-history":[{"count":5,"href":"https:\/\/ypc-conseil.fr\/en\/wp-json\/wp\/v2\/pages\/224686\/revisions"}],"predecessor-version":[{"id":238099,"href":"https:\/\/ypc-conseil.fr\/en\/wp-json\/wp\/v2\/pages\/224686\/revisions\/238099"}],"wp:attachment":[{"href":"https:\/\/ypc-conseil.fr\/en\/wp-json\/wp\/v2\/media?parent=224686"}],"curies":[{"name":"wp","href":"https:\/\/api.w.org\/{rel}","templated":true}]}}