{"id":22214,"date":"2025-12-16T10:43:44","date_gmt":"2025-12-16T09:43:44","guid":{"rendered":"https:\/\/ypc-conseil.fr\/?page_id=22214"},"modified":"2026-03-05T11:57:33","modified_gmt":"2026-03-05T10:57:33","slug":"gestion-crise-operationnelle","status":"publish","type":"page","link":"https:\/\/ypc-conseil.fr\/en\/missions-types\/gestion-crise-operationnelle\/","title":{"rendered":"Gestion de crise op\u00e9rationnelle et s\u00e9curisation de la continuit\u00e9 d&rsquo;activit\u00e9"},"content":{"rendered":"<div class=\"et_pb_section_0 et_pb_section et_section_regular et_block_section et_pb_section_parallax\"><span class=\"et-pb-parallax-wrapper\"><span class=\"et-pb-parallax-background et-pb-parallax-background-module--divi-section-0\" style=\"background-image:url(http:\/\/ypc-conseil.fr\/wp-content\/uploads\/2026\/01\/gestion-crise-operationnelle-cellule-de-crise-securisation-continuite.jpg)\"><\/span><\/span>\n<div class=\"et_pb_row_0 et_pb_row et_block_row single-case-header-row\">\n<div class=\"et_pb_column_0 et_pb_column et_pb_column_4_4 et-last-child et_block_column et_pb_css_mix_blend_mode_passthrough\">\n<div class=\"et_pb_text_0 et_pb_text et_pb_bg_layout_light et_animated et_pb_module et_block_module\"><div class=\"et_pb_text_inner\"><p>Your project consult<\/p>\n<\/div><\/div>\n\n<div class=\"et_pb_text_1 et_pb_text et_pb_bg_layout_light et_animated et_pb_module et_block_module\"><div class=\"et_pb_text_inner\"><h1>Operational Crisis Management &amp; Business Continuity Securing <span style=\"color: #1e40af;\">.<\/span><\/h1>\n<\/div><\/div>\n\n<div class=\"et_pb_module et_pb_button_module_wrapper et_pb_button_0_wrapper\"><a class=\"et_pb_button_0 et_pb_button et_pb_bg_layout_light et_animated et_pb_module et_block_module\" href=\"#scroll-case\">Learn More<\/a><\/div>\n<\/div>\n<\/div>\n<\/div>\n\n<div class=\"et_pb_section_1 et_pb_section et_section_regular et_block_section\" id=\"scroll-case\">\n<div class=\"et_pb_row_1 et_pb_row et_block_row et_animated\">\n<div class=\"et_pb_column_1 et_pb_column et_pb_column_1_3 et_block_column et_pb_css_mix_blend_mode_passthrough\">\n<div class=\"et_pb_text_2 et_pb_text et_pb_bg_layout_light et_pb_module et_block_module\"><div class=\"et_pb_text_inner\" data-et-mv-hidden-tabletwide=\"true\"><h2>Overview <span style=\"color: #1e40af;\">.<\/span><\/h2>\n<\/div><\/div>\n<\/div>\n\n<div class=\"et_pb_column_2 et_pb_column et_pb_column_2_3 et-last-child et_block_column et_pb_css_mix_blend_mode_passthrough\">\n<div class=\"et_pb_text_3 et_pb_text et_pb_bg_layout_light et_pb_module et_block_module\"><div class=\"et_pb_text_inner\"><p>An organization was facing an <strong>operational crisis situation<\/strong> threatening its business continuity and reputation. The challenges were multiple : <strong>rapidly stabilizing the situation<\/strong>, coordinating stressed teams, and restoring stakeholder confidence.<\/p>\n<\/div><\/div>\n\n<div class=\"et_pb_text_4 et_pb_text et_pb_bg_layout_light et_pb_module et_block_module\"><div class=\"et_pb_text_inner\"><p>Faced with the urgency, the organization called upon <strong>Herv\u00e9 Lienhardt<\/strong> to take charge of <strong>crisis management<\/strong>, coordinate all stakeholders and implement <strong>immediate corrective actions<\/strong>.<\/p>\n<\/div><\/div>\n\n<div class=\"et_pb_text_5 et_pb_text et_pb_bg_layout_light et_pb_module et_block_module\"><div class=\"et_pb_text_inner\"><p>This engagement illustrates Herv\u00e9 Lienhardt's expertise in rapidly intervening in <strong>sensitive situations<\/strong>, making <strong>decisions under pressure<\/strong>and rallying teams around <strong>pragmatic solutions<\/strong>.<\/p>\n<\/div><\/div>\n<\/div>\n<\/div>\n\n<div class=\"et_pb_row_2 et_pb_row et_block_row et_animated\">\n<div class=\"et_pb_column_3 et_pb_column et_pb_column_4_4 et-last-child et_block_column et_pb_css_mix_blend_mode_passthrough\">\n<div class=\"et_pb_image_0 et_pb_image et_pb_module et_block_module\"><span class=\"et_pb_image_wrap\"><img loading=\"lazy\" decoding=\"async\" src=\"http:\/\/ypc-conseil.fr\/wp-content\/uploads\/2026\/01\/cellule-crise-operationnelle-coordination-equipes-surveillance-continue.jpg\" alt=\"Coordination des \u00e9quipes dans une cellule de crise op\u00e9rationnelle avec surveillance continue\" title=\"Coordination des \u00e9quipes dans une cellule de crise op\u00e9rationnelle avec surveillance continue\" width=\"1280\" height=\"401\" srcset=\"http:\/\/ypc-conseil.fr\/wp-content\/uploads\/2026\/01\/cellule-crise-operationnelle-coordination-equipes-surveillance-continue.jpg 1280w, http:\/\/ypc-conseil.fr\/wp-content\/uploads\/2026\/01\/cellule-crise-operationnelle-coordination-equipes-surveillance-continue-980x307.jpg 980w, http:\/\/ypc-conseil.fr\/wp-content\/uploads\/2026\/01\/cellule-crise-operationnelle-coordination-equipes-surveillance-continue-480x150.jpg 480w\" sizes=\"(min-width: 0px) and (max-width: 480px) 480px, (min-width: 481px) and (max-width: 980px) 980px, (min-width: 981px) 1280px, 100vw\" class=\"wp-image-224667\" \/><\/span><\/div>\n<\/div>\n<\/div>\n\n<div class=\"et_pb_row_3 et_pb_row et_block_row et_animated\">\n<div class=\"et_pb_column_4 et_pb_column et_pb_column_1_3 et_block_column et_pb_css_mix_blend_mode_passthrough\">\n<div class=\"et_pb_text_6 et_pb_text et_pb_bg_layout_light et_pb_module et_block_module\"><div class=\"et_pb_text_inner\"><h2>The Intervention<span style=\"color: #1e40af;\">.<\/span><\/h2>\n<\/div><\/div>\n<\/div>\n\n<div class=\"et_pb_column_5 et_pb_column et_pb_column_2_3 et-last-child et_block_column et_pb_css_mix_blend_mode_passthrough\">\n<div class=\"et_pb_text_7 et_pb_text et_pb_bg_layout_light et_pb_module et_block_module\"><div class=\"et_pb_text_inner\"><p>The intervention was immediate : <strong>rapid diagnosis<\/strong> of the situation, establishment of an <strong>operational crisis unit<\/strong>, and deployment of a <strong>priority action plan<\/strong> to stabilize critical operations.<\/p>\n<\/div><\/div>\n\n<div class=\"et_pb_text_8 et_pb_text et_pb_bg_layout_light et_pb_module et_block_module\"><div class=\"et_pb_text_inner\"><p>Herv\u00e9 Lienhardt ensured<strong> the daily coordination<\/strong> of all teams, <strong>communication<\/strong> with internal and external stakeholders, <strong>steering of corrective actions<\/strong>, and the progressive securing of a return to <strong>normal operations<\/strong>.<\/p>\n<\/div><\/div>\n<\/div>\n<\/div>\n\n<div class=\"et_pb_row_4 et_pb_row et_block_row et_animated\">\n<div class=\"et_pb_column_6 et_pb_column et_pb_column_1_3 et_block_column et_pb_css_mix_blend_mode_passthrough\">\n<div class=\"et_pb_text_9 et_pb_text et_pb_bg_layout_light et_pb_module et_block_module\"><div class=\"et_pb_text_inner\"><p><span style=\"color: #1e40af;\"><strong>Stabilization<\/strong><\/span><br \/>\nrapid<\/p>\n<\/div><\/div>\n\n<div class=\"et_pb_text_10 et_pb_text et_pb_bg_layout_light et_pb_module et_block_module\"><div class=\"et_pb_text_inner\"><p>Return to a <strong>stable and controlled operational<\/strong> situation within a few weeks.<\/p>\n<\/div><\/div>\n<\/div>\n\n<div class=\"et_pb_column_7 et_pb_column et_pb_column_1_3 et_block_column et_pb_css_mix_blend_mode_passthrough\">\n<div class=\"et_pb_text_11 et_pb_text et_pb_bg_layout_light et_pb_module et_block_module\"><div class=\"et_pb_text_inner\"><p><span style=\"color: #1e40af;\"><strong>Continuity<\/strong><\/span><br \/>\nPreserved<\/p>\n<\/div><\/div>\n\n<div class=\"et_pb_text_12 et_pb_text et_pb_bg_layout_light et_pb_module et_block_module\"><div class=\"et_pb_text_inner\"><p>Maintaining <strong>core of operational activity<\/strong> despite the crisis context.<\/p>\n<\/div><\/div>\n<\/div>\n\n<div class=\"et_pb_column_8 et_pb_column et_pb_column_1_3 et-last-child et_block_column et_pb_css_mix_blend_mode_passthrough\">\n<div class=\"et_pb_text_13 et_pb_text et_pb_bg_layout_light et_pb_module et_block_module\"><div class=\"et_pb_text_inner\"><p><span style=\"color: #1e40af;\"><strong>Reputation<\/strong><\/span><br \/>\nProtected<\/p>\n<\/div><\/div>\n\n<div class=\"et_pb_text_14 et_pb_text et_pb_bg_layout_light et_pb_module et_block_module\"><div class=\"et_pb_text_inner\"><p>Managing communication to <strong>preserve the trust<\/strong> of clients and partners.<\/p>\n<\/div><\/div>\n<\/div>\n<\/div>\n<\/div>","protected":false},"excerpt":{"rendered":"","protected":false},"author":1,"featured_media":0,"parent":22120,"menu_order":0,"comment_status":"closed","ping_status":"closed","template":"","meta":{"_acf_changed":false,"footnotes":""},"class_list":["post-22214","page","type-page","status-publish","hentry"],"acf":[],"yoast_head":"<!-- This site is optimized with the Yoast SEO plugin v27.3 - https:\/\/yoast.com\/product\/yoast-seo-wordpress\/ -->\n<title>Gestion Crise Op\u00e9rationnelle et Continuit\u00e9 Activit\u00e9 | H. Lienhardt<\/title>\n<meta name=\"description\" content=\"Gestion de crise op\u00e9rationnelle : intervention rapide, stabilisation, coordination des acteurs, actions correctives et continuit\u00e9 d&#039;activit\u00e9 s\u00e9curis\u00e9e.\" \/>\n<meta name=\"robots\" content=\"index, follow, max-snippet:-1, max-image-preview:large, max-video-preview:-1\" \/>\n<link rel=\"canonical\" href=\"https:\/\/ypc-conseil.fr\/en\/missions-types\/gestion-crise-operationnelle\/\" \/>\n<meta property=\"og:locale\" content=\"en_GB\" \/>\n<meta property=\"og:type\" content=\"article\" \/>\n<meta property=\"og:title\" content=\"Gestion Crise Op\u00e9rationnelle et Continuit\u00e9 Activit\u00e9 | H. Lienhardt\" \/>\n<meta property=\"og:description\" content=\"Gestion de crise op\u00e9rationnelle : intervention rapide, stabilisation, coordination des acteurs, actions correctives et continuit\u00e9 d&#039;activit\u00e9 s\u00e9curis\u00e9e.\" \/>\n<meta property=\"og:url\" content=\"https:\/\/ypc-conseil.fr\/en\/missions-types\/gestion-crise-operationnelle\/\" \/>\n<meta property=\"og:site_name\" content=\"Your Project Consult\" \/>\n<meta property=\"article:modified_time\" content=\"2026-03-05T10:57:33+00:00\" \/>\n<meta name=\"twitter:card\" content=\"summary_large_image\" \/>\n<script type=\"application\/ld+json\" class=\"yoast-schema-graph\">{\"@context\":\"https:\\\/\\\/schema.org\",\"@graph\":[{\"@type\":\"WebPage\",\"@id\":\"https:\\\/\\\/ypc-conseil.fr\\\/missions-types\\\/gestion-crise-operationnelle\\\/\",\"url\":\"https:\\\/\\\/ypc-conseil.fr\\\/missions-types\\\/gestion-crise-operationnelle\\\/\",\"name\":\"Gestion Crise Op\u00e9rationnelle et Continuit\u00e9 Activit\u00e9 | H. Lienhardt\",\"isPartOf\":{\"@id\":\"https:\\\/\\\/ypc-conseil.fr\\\/#website\"},\"datePublished\":\"2025-12-16T09:43:44+00:00\",\"dateModified\":\"2026-03-05T10:57:33+00:00\",\"description\":\"Gestion de crise op\u00e9rationnelle : intervention rapide, stabilisation, coordination des acteurs, actions correctives et continuit\u00e9 d'activit\u00e9 s\u00e9curis\u00e9e.\",\"breadcrumb\":{\"@id\":\"https:\\\/\\\/ypc-conseil.fr\\\/missions-types\\\/gestion-crise-operationnelle\\\/#breadcrumb\"},\"inLanguage\":\"en-GB\",\"potentialAction\":[{\"@type\":\"ReadAction\",\"target\":[\"https:\\\/\\\/ypc-conseil.fr\\\/missions-types\\\/gestion-crise-operationnelle\\\/\"]}]},{\"@type\":\"BreadcrumbList\",\"@id\":\"https:\\\/\\\/ypc-conseil.fr\\\/missions-types\\\/gestion-crise-operationnelle\\\/#breadcrumb\",\"itemListElement\":[{\"@type\":\"ListItem\",\"position\":1,\"name\":\"Accueil\",\"item\":\"https:\\\/\\\/ypc-conseil.fr\\\/\"},{\"@type\":\"ListItem\",\"position\":2,\"name\":\"missions types\",\"item\":\"https:\\\/\\\/ypc-conseil.fr\\\/missions-types\\\/\"},{\"@type\":\"ListItem\",\"position\":3,\"name\":\"Gestion de crise op\u00e9rationnelle et s\u00e9curisation de la continuit\u00e9 d&rsquo;activit\u00e9\"}]},{\"@type\":\"WebSite\",\"@id\":\"https:\\\/\\\/ypc-conseil.fr\\\/#website\",\"url\":\"https:\\\/\\\/ypc-conseil.fr\\\/\",\"name\":\"Your Project Consult\",\"description\":\"Conseil en strat\u00e9gie et excellence op\u00e9rationnelle\",\"publisher\":{\"@id\":\"https:\\\/\\\/ypc-conseil.fr\\\/#organization\"},\"potentialAction\":[{\"@type\":\"SearchAction\",\"target\":{\"@type\":\"EntryPoint\",\"urlTemplate\":\"https:\\\/\\\/ypc-conseil.fr\\\/?s={search_term_string}\"},\"query-input\":{\"@type\":\"PropertyValueSpecification\",\"valueRequired\":true,\"valueName\":\"search_term_string\"}}],\"inLanguage\":\"en-GB\"},{\"@type\":\"Organization\",\"@id\":\"https:\\\/\\\/ypc-conseil.fr\\\/#organization\",\"name\":\"Your Project Consult\",\"url\":\"https:\\\/\\\/ypc-conseil.fr\\\/\",\"logo\":{\"@type\":\"ImageObject\",\"inLanguage\":\"en-GB\",\"@id\":\"https:\\\/\\\/ypc-conseil.fr\\\/#\\\/schema\\\/logo\\\/image\\\/\",\"url\":\"https:\\\/\\\/ypc-conseil.fr\\\/wp-content\\\/uploads\\\/2026\\\/03\\\/YPC-Logo.png\",\"contentUrl\":\"https:\\\/\\\/ypc-conseil.fr\\\/wp-content\\\/uploads\\\/2026\\\/03\\\/YPC-Logo.png\",\"width\":293,\"height\":210,\"caption\":\"Your Project Consult\"},\"image\":{\"@id\":\"https:\\\/\\\/ypc-conseil.fr\\\/#\\\/schema\\\/logo\\\/image\\\/\"},\"sameAs\":[\"https:\\\/\\\/www.linkedin.com\\\/company\\\/your-project-consult-ypc-conseil\\\/\"]}]}<\/script>\n<!-- \/ Yoast SEO plugin. -->","yoast_head_json":{"title":"Gestion Crise Op\u00e9rationnelle et Continuit\u00e9 Activit\u00e9 | H. Lienhardt","description":"Gestion de crise op\u00e9rationnelle : intervention rapide, stabilisation, coordination des acteurs, actions correctives et continuit\u00e9 d'activit\u00e9 s\u00e9curis\u00e9e.","robots":{"index":"index","follow":"follow","max-snippet":"max-snippet:-1","max-image-preview":"max-image-preview:large","max-video-preview":"max-video-preview:-1"},"canonical":"https:\/\/ypc-conseil.fr\/en\/missions-types\/gestion-crise-operationnelle\/","og_locale":"en_GB","og_type":"article","og_title":"Gestion Crise Op\u00e9rationnelle et Continuit\u00e9 Activit\u00e9 | H. Lienhardt","og_description":"Gestion de crise op\u00e9rationnelle : intervention rapide, stabilisation, coordination des acteurs, actions correctives et continuit\u00e9 d'activit\u00e9 s\u00e9curis\u00e9e.","og_url":"https:\/\/ypc-conseil.fr\/en\/missions-types\/gestion-crise-operationnelle\/","og_site_name":"Your Project Consult","article_modified_time":"2026-03-05T10:57:33+00:00","twitter_card":"summary_large_image","schema":{"@context":"https:\/\/schema.org","@graph":[{"@type":"WebPage","@id":"https:\/\/ypc-conseil.fr\/missions-types\/gestion-crise-operationnelle\/","url":"https:\/\/ypc-conseil.fr\/missions-types\/gestion-crise-operationnelle\/","name":"Gestion Crise Op\u00e9rationnelle et Continuit\u00e9 Activit\u00e9 | H. Lienhardt","isPartOf":{"@id":"https:\/\/ypc-conseil.fr\/#website"},"datePublished":"2025-12-16T09:43:44+00:00","dateModified":"2026-03-05T10:57:33+00:00","description":"Gestion de crise op\u00e9rationnelle : intervention rapide, stabilisation, coordination des acteurs, actions correctives et continuit\u00e9 d'activit\u00e9 s\u00e9curis\u00e9e.","breadcrumb":{"@id":"https:\/\/ypc-conseil.fr\/missions-types\/gestion-crise-operationnelle\/#breadcrumb"},"inLanguage":"en-GB","potentialAction":[{"@type":"ReadAction","target":["https:\/\/ypc-conseil.fr\/missions-types\/gestion-crise-operationnelle\/"]}]},{"@type":"BreadcrumbList","@id":"https:\/\/ypc-conseil.fr\/missions-types\/gestion-crise-operationnelle\/#breadcrumb","itemListElement":[{"@type":"ListItem","position":1,"name":"Accueil","item":"https:\/\/ypc-conseil.fr\/"},{"@type":"ListItem","position":2,"name":"missions types","item":"https:\/\/ypc-conseil.fr\/missions-types\/"},{"@type":"ListItem","position":3,"name":"Gestion de crise op\u00e9rationnelle et s\u00e9curisation de la continuit\u00e9 d&rsquo;activit\u00e9"}]},{"@type":"WebSite","@id":"https:\/\/ypc-conseil.fr\/#website","url":"https:\/\/ypc-conseil.fr\/","name":"Your Project Consult","description":"Strategic and Operational Excellence Advisory","publisher":{"@id":"https:\/\/ypc-conseil.fr\/#organization"},"potentialAction":[{"@type":"SearchAction","target":{"@type":"EntryPoint","urlTemplate":"https:\/\/ypc-conseil.fr\/?s={search_term_string}"},"query-input":{"@type":"PropertyValueSpecification","valueRequired":true,"valueName":"search_term_string"}}],"inLanguage":"en-GB"},{"@type":"Organization","@id":"https:\/\/ypc-conseil.fr\/#organization","name":"Your Project Consult","url":"https:\/\/ypc-conseil.fr\/","logo":{"@type":"ImageObject","inLanguage":"en-GB","@id":"https:\/\/ypc-conseil.fr\/#\/schema\/logo\/image\/","url":"https:\/\/ypc-conseil.fr\/wp-content\/uploads\/2026\/03\/YPC-Logo.png","contentUrl":"https:\/\/ypc-conseil.fr\/wp-content\/uploads\/2026\/03\/YPC-Logo.png","width":293,"height":210,"caption":"Your Project Consult"},"image":{"@id":"https:\/\/ypc-conseil.fr\/#\/schema\/logo\/image\/"},"sameAs":["https:\/\/www.linkedin.com\/company\/your-project-consult-ypc-conseil\/"]}]}},"_hostinger_reach_plugin_has_subscription_block":false,"_hostinger_reach_plugin_is_elementor":false,"_links":{"self":[{"href":"https:\/\/ypc-conseil.fr\/en\/wp-json\/wp\/v2\/pages\/22214","targetHints":{"allow":["GET"]}}],"collection":[{"href":"https:\/\/ypc-conseil.fr\/en\/wp-json\/wp\/v2\/pages"}],"about":[{"href":"https:\/\/ypc-conseil.fr\/en\/wp-json\/wp\/v2\/types\/page"}],"author":[{"embeddable":true,"href":"https:\/\/ypc-conseil.fr\/en\/wp-json\/wp\/v2\/users\/1"}],"replies":[{"embeddable":true,"href":"https:\/\/ypc-conseil.fr\/en\/wp-json\/wp\/v2\/comments?post=22214"}],"version-history":[{"count":15,"href":"https:\/\/ypc-conseil.fr\/en\/wp-json\/wp\/v2\/pages\/22214\/revisions"}],"predecessor-version":[{"id":238206,"href":"https:\/\/ypc-conseil.fr\/en\/wp-json\/wp\/v2\/pages\/22214\/revisions\/238206"}],"up":[{"embeddable":true,"href":"https:\/\/ypc-conseil.fr\/en\/wp-json\/wp\/v2\/pages\/22120"}],"wp:attachment":[{"href":"https:\/\/ypc-conseil.fr\/en\/wp-json\/wp\/v2\/media?parent=22214"}],"curies":[{"name":"wp","href":"https:\/\/api.w.org\/{rel}","templated":true}]}}