{"id":22207,"date":"2025-12-16T10:21:09","date_gmt":"2025-12-16T09:21:09","guid":{"rendered":"https:\/\/ypc-conseil.fr\/?page_id=22207"},"modified":"2026-03-04T17:27:32","modified_gmt":"2026-03-04T16:27:32","slug":"restructuration-organisationnelle-conduite-changement","status":"publish","type":"page","link":"https:\/\/ypc-conseil.fr\/en\/missions-types\/restructuration-organisationnelle-conduite-changement\/","title":{"rendered":"Organizational Restructuring &amp; Change Management"},"content":{"rendered":"<div class=\"et_pb_section_0 et_pb_section et_section_regular et_block_section et_pb_section_parallax\"><span class=\"et-pb-parallax-wrapper\"><span class=\"et-pb-parallax-background et-pb-parallax-background-module--divi-section-0\" style=\"background-image:url(http:\/\/ypc-conseil.fr\/wp-content\/uploads\/2026\/01\/restructuration-organisationnelle-conduite-changement-reunion-equipe.jpg)\"><\/span><\/span>\n<div class=\"et_pb_row_0 et_pb_row et_block_row single-case-header-row\">\n<div class=\"et_pb_column_0 et_pb_column et_pb_column_4_4 et-last-child et_block_column et_pb_css_mix_blend_mode_passthrough\">\n<div class=\"et_pb_text_0 et_pb_text et_pb_bg_layout_light et_animated et_pb_module et_block_module\"><div class=\"et_pb_text_inner\"><p>Your project consult<\/p>\n<\/div><\/div>\n\n<div class=\"et_pb_text_1 et_pb_text et_pb_bg_layout_light et_animated et_pb_module et_block_module\"><div class=\"et_pb_text_inner\"><h1>Organizational Restructuring &amp; Change Management <span style=\"color: #1e40af;\">.<\/span><\/h1>\n<\/div><\/div>\n\n<div class=\"et_pb_module et_pb_button_module_wrapper et_pb_button_0_wrapper\"><a class=\"et_pb_button_0 et_pb_button et_pb_bg_layout_light et_animated et_pb_module et_block_module\" href=\"#scroll-case\">Learn More<\/a><\/div>\n<\/div>\n<\/div>\n<\/div>\n\n<div class=\"et_pb_section_1 et_pb_section et_section_regular et_block_section\" id=\"scroll-case\">\n<div class=\"et_pb_row_1 et_pb_row et_block_row et_animated\">\n<div class=\"et_pb_column_1 et_pb_column et_pb_column_1_3 et_block_column et_pb_css_mix_blend_mode_passthrough\">\n<div class=\"et_pb_text_2 et_pb_text et_pb_bg_layout_light et_pb_module et_block_module\"><div class=\"et_pb_text_inner\"><h2>Overview<span style=\"color: #1e40af;\">.<\/span><\/h2>\n<\/div><\/div>\n<\/div>\n\n<div class=\"et_pb_column_2 et_pb_column et_pb_column_2_3 et-last-child et_block_column et_pb_css_mix_blend_mode_passthrough\">\n<div class=\"et_pb_text_3 et_pb_text et_pb_bg_layout_light et_pb_module et_block_module\"><div class=\"et_pb_text_inner\"><p>An organization faced the need for a <strong>major structural transformation<\/strong> to adapt to its new <strong>strategic environment<\/strong>. The challenges were multiple : <strong>team reorganization<\/strong>process evolution, and <strong>change management<\/strong> in a sensitive context.<\/p>\n<\/div><\/div>\n\n<div class=\"et_pb_text_4 et_pb_text et_pb_bg_layout_light et_pb_module et_block_module\"><div class=\"et_pb_text_inner\"><p>The company called upon <strong>Herv\u00e9 Lienhardt<\/strong> to steer this transformation while preserving <strong>operational continuity<\/strong> and maintaining <strong>employee engagement<\/strong> throughout the process.<\/p>\n<\/div><\/div>\n\n<div class=\"et_pb_text_5 et_pb_text et_pb_bg_layout_light et_pb_module et_block_module\"><div class=\"et_pb_text_inner\"><p>This engagement illustrates Herv\u00e9 Lienhardt's expertise in <strong>organizational transformation<\/strong> and his ability to rally teams around a <strong>shared vision<\/strong> in a <strong>context of deep change<\/strong>.<\/p>\n<\/div><\/div>\n<\/div>\n<\/div>\n\n<div class=\"et_pb_row_2 et_pb_row et_block_row et_animated\">\n<div class=\"et_pb_column_3 et_pb_column et_pb_column_4_4 et-last-child et_block_column et_pb_css_mix_blend_mode_passthrough\">\n<div class=\"et_pb_image_0 et_pb_image et_pb_module et_block_module\"><span class=\"et_pb_image_wrap\"><img loading=\"lazy\" decoding=\"async\" src=\"http:\/\/ypc-conseil.fr\/wp-content\/uploads\/2026\/01\/transformation-organisationnelle-accompagnement-equipes-collaboratives.jpg\" alt=\"Transformation organisationnelle avec accompagnement des \u00e9quipes en mode collaboratif\" title=\"Transformation organisationnelle avec accompagnement des \u00e9quipes en mode collaboratif\" width=\"1279\" height=\"333\" srcset=\"http:\/\/ypc-conseil.fr\/wp-content\/uploads\/2026\/01\/transformation-organisationnelle-accompagnement-equipes-collaboratives.jpg 1279w, http:\/\/ypc-conseil.fr\/wp-content\/uploads\/2026\/01\/transformation-organisationnelle-accompagnement-equipes-collaboratives-980x255.jpg 980w, http:\/\/ypc-conseil.fr\/wp-content\/uploads\/2026\/01\/transformation-organisationnelle-accompagnement-equipes-collaboratives-480x125.jpg 480w\" sizes=\"(min-width: 0px) and (max-width: 480px) 480px, (min-width: 481px) and (max-width: 980px) 980px, (min-width: 981px) 1279px, 100vw\" class=\"wp-image-224661\" \/><\/span><\/div>\n<\/div>\n<\/div>\n\n<div class=\"et_pb_row_3 et_pb_row et_block_row et_animated\">\n<div class=\"et_pb_column_4 et_pb_column et_pb_column_1_3 et_block_column et_pb_css_mix_blend_mode_passthrough\">\n<div class=\"et_pb_text_6 et_pb_text et_pb_bg_layout_light et_pb_module et_block_module\"><div class=\"et_pb_text_inner\"><h2>The Intervention<span style=\"color: #1e40af;\">.<\/span><\/h2>\n<\/div><\/div>\n<\/div>\n\n<div class=\"et_pb_column_5 et_pb_column et_pb_column_2_3 et-last-child et_block_column et_pb_css_mix_blend_mode_passthrough\">\n<div class=\"et_pb_text_7 et_pb_text et_pb_bg_layout_light et_pb_module et_block_module\"><div class=\"et_pb_text_inner\"><p>The engagement began with a <strong>comprehensive organizational diagnosis<\/strong> followed by the co-construction of the <strong>target structure<\/strong> with key stakeholders.  Herv\u00e9 Lienhardt then developed <strong>the transformation roadmap<\/strong> and steered its implementation <strong>step by step<\/strong>.<\/p>\n<\/div><\/div>\n\n<div class=\"et_pb_text_8 et_pb_text et_pb_bg_layout_light et_pb_module et_block_module\"><div class=\"et_pb_text_inner\"><p>The human dimension was at the heart of the approach : <strong>transparent communication<\/strong>, <strong>individual support for managers<\/strong>training on <strong>new ways of working<\/strong>, and implementation of <strong>indicators<\/strong> to measure change adoption.<\/p>\n<\/div><\/div>\n<\/div>\n<\/div>\n\n<div class=\"et_pb_row_4 et_pb_row et_block_row et_animated\">\n<div class=\"et_pb_column_6 et_pb_column et_pb_column_1_3 et_block_column et_pb_css_mix_blend_mode_passthrough\">\n<div class=\"et_pb_text_9 et_pb_text et_pb_bg_layout_light et_pb_module et_block_module\"><div class=\"et_pb_text_inner\"><p><span style=\"color: #1e40af;\"><strong>Transformation<\/strong><\/span><br \/>\nSuccessful<\/p>\n<\/div><\/div>\n\n<div class=\"et_pb_text_10 et_pb_text et_pb_bg_layout_light et_pb_module et_block_module\"><div class=\"et_pb_text_inner\"><p>Full reorganization deployed on schedule with preservation of business continuity.<\/p>\n<\/div><\/div>\n<\/div>\n\n<div class=\"et_pb_column_7 et_pb_column et_pb_column_1_3 et_block_column et_pb_css_mix_blend_mode_passthrough\">\n<div class=\"et_pb_text_11 et_pb_text et_pb_bg_layout_light et_pb_module et_block_module\"><div class=\"et_pb_text_inner\"><p><span style=\"color: #1e40af;\"><strong>Strong<\/strong><\/span><br \/>\n Buy-In<\/p>\n<\/div><\/div>\n\n<div class=\"et_pb_text_12 et_pb_text et_pb_bg_layout_light et_pb_module et_block_module\"><div class=\"et_pb_text_inner\"><p><strong>High employee engagement rate<\/strong> despite <strong>successive projects<\/strong> driving the transformation.<\/p>\n<\/div><\/div>\n<\/div>\n\n<div class=\"et_pb_column_8 et_pb_column et_pb_column_1_3 et-last-child et_block_column et_pb_css_mix_blend_mode_passthrough\">\n<div class=\"et_pb_text_13 et_pb_text et_pb_bg_layout_light et_pb_module et_block_module\"><div class=\"et_pb_text_inner\"><p><span style=\"color: #1e40af;\"><strong>Continuity<\/strong><\/span><br \/>\nService<\/p>\n<\/div><\/div>\n\n<div class=\"et_pb_text_14 et_pb_text et_pb_bg_layout_light et_pb_module et_block_module\"><div class=\"et_pb_text_inner\"><p><strong>Full client service continuity maintained<\/strong> throughout the entire transformation period<\/p>\n<\/div><\/div>\n<\/div>\n<\/div>\n<\/div>","protected":false},"excerpt":{"rendered":"","protected":false},"author":1,"featured_media":0,"parent":22120,"menu_order":0,"comment_status":"closed","ping_status":"closed","template":"","meta":{"_acf_changed":false,"footnotes":""},"class_list":["post-22207","page","type-page","status-publish","hentry"],"acf":[],"yoast_head":"<!-- This site is optimized with the Yoast SEO plugin v27.3 - https:\/\/yoast.com\/product\/yoast-seo-wordpress\/ -->\n<title>Restructuration Organisationnelle Conduite Changement | H. Lienhardt<\/title>\n<meta name=\"description\" content=\"Exemple de mission r\u00e9alis\u00e9e par Herv\u00e9 Lienhardt : restructuration organisationnelle majeure avec conduite du changement, r\u00e9organisation des \u00e9quipes, engagement des collaborateurs et continuit\u00e9 op\u00e9rationnelle pr\u00e9serv\u00e9e.\" \/>\n<meta name=\"robots\" content=\"index, follow, max-snippet:-1, max-image-preview:large, max-video-preview:-1\" \/>\n<link rel=\"canonical\" href=\"https:\/\/ypc-conseil.fr\/en\/missions-types\/restructuration-organisationnelle-conduite-changement\/\" \/>\n<meta property=\"og:locale\" content=\"en_GB\" \/>\n<meta property=\"og:type\" content=\"article\" \/>\n<meta property=\"og:title\" content=\"Restructuration Organisationnelle Conduite Changement | H. Lienhardt\" \/>\n<meta property=\"og:description\" content=\"Exemple de mission r\u00e9alis\u00e9e par Herv\u00e9 Lienhardt : restructuration organisationnelle majeure avec conduite du changement, r\u00e9organisation des \u00e9quipes, engagement des collaborateurs et continuit\u00e9 op\u00e9rationnelle pr\u00e9serv\u00e9e.\" \/>\n<meta property=\"og:url\" content=\"https:\/\/ypc-conseil.fr\/en\/missions-types\/restructuration-organisationnelle-conduite-changement\/\" \/>\n<meta property=\"og:site_name\" content=\"Your Project Consult\" \/>\n<meta property=\"article:modified_time\" content=\"2026-03-04T16:27:32+00:00\" \/>\n<meta name=\"twitter:card\" content=\"summary_large_image\" \/>\n<script type=\"application\/ld+json\" class=\"yoast-schema-graph\">{\"@context\":\"https:\\\/\\\/schema.org\",\"@graph\":[{\"@type\":\"WebPage\",\"@id\":\"https:\\\/\\\/ypc-conseil.fr\\\/missions-types\\\/restructuration-organisationnelle-conduite-changement\\\/\",\"url\":\"https:\\\/\\\/ypc-conseil.fr\\\/missions-types\\\/restructuration-organisationnelle-conduite-changement\\\/\",\"name\":\"Restructuration Organisationnelle Conduite Changement | H. Lienhardt\",\"isPartOf\":{\"@id\":\"https:\\\/\\\/ypc-conseil.fr\\\/#website\"},\"datePublished\":\"2025-12-16T09:21:09+00:00\",\"dateModified\":\"2026-03-04T16:27:32+00:00\",\"description\":\"Exemple de mission r\u00e9alis\u00e9e par Herv\u00e9 Lienhardt : restructuration organisationnelle majeure avec conduite du changement, r\u00e9organisation des \u00e9quipes, engagement des collaborateurs et continuit\u00e9 op\u00e9rationnelle pr\u00e9serv\u00e9e.\",\"breadcrumb\":{\"@id\":\"https:\\\/\\\/ypc-conseil.fr\\\/missions-types\\\/restructuration-organisationnelle-conduite-changement\\\/#breadcrumb\"},\"inLanguage\":\"en-GB\",\"potentialAction\":[{\"@type\":\"ReadAction\",\"target\":[\"https:\\\/\\\/ypc-conseil.fr\\\/missions-types\\\/restructuration-organisationnelle-conduite-changement\\\/\"]}]},{\"@type\":\"BreadcrumbList\",\"@id\":\"https:\\\/\\\/ypc-conseil.fr\\\/missions-types\\\/restructuration-organisationnelle-conduite-changement\\\/#breadcrumb\",\"itemListElement\":[{\"@type\":\"ListItem\",\"position\":1,\"name\":\"Accueil\",\"item\":\"https:\\\/\\\/ypc-conseil.fr\\\/\"},{\"@type\":\"ListItem\",\"position\":2,\"name\":\"missions types\",\"item\":\"https:\\\/\\\/ypc-conseil.fr\\\/missions-types\\\/\"},{\"@type\":\"ListItem\",\"position\":3,\"name\":\"Restructuration organisationnelle et conduite du changement\"}]},{\"@type\":\"WebSite\",\"@id\":\"https:\\\/\\\/ypc-conseil.fr\\\/#website\",\"url\":\"https:\\\/\\\/ypc-conseil.fr\\\/\",\"name\":\"Your Project Consult\",\"description\":\"Conseil en strat\u00e9gie et excellence op\u00e9rationnelle\",\"publisher\":{\"@id\":\"https:\\\/\\\/ypc-conseil.fr\\\/#organization\"},\"potentialAction\":[{\"@type\":\"SearchAction\",\"target\":{\"@type\":\"EntryPoint\",\"urlTemplate\":\"https:\\\/\\\/ypc-conseil.fr\\\/?s={search_term_string}\"},\"query-input\":{\"@type\":\"PropertyValueSpecification\",\"valueRequired\":true,\"valueName\":\"search_term_string\"}}],\"inLanguage\":\"en-GB\"},{\"@type\":\"Organization\",\"@id\":\"https:\\\/\\\/ypc-conseil.fr\\\/#organization\",\"name\":\"Your Project Consult\",\"url\":\"https:\\\/\\\/ypc-conseil.fr\\\/\",\"logo\":{\"@type\":\"ImageObject\",\"inLanguage\":\"en-GB\",\"@id\":\"https:\\\/\\\/ypc-conseil.fr\\\/#\\\/schema\\\/logo\\\/image\\\/\",\"url\":\"https:\\\/\\\/ypc-conseil.fr\\\/wp-content\\\/uploads\\\/2026\\\/03\\\/YPC-Logo.png\",\"contentUrl\":\"https:\\\/\\\/ypc-conseil.fr\\\/wp-content\\\/uploads\\\/2026\\\/03\\\/YPC-Logo.png\",\"width\":293,\"height\":210,\"caption\":\"Your Project Consult\"},\"image\":{\"@id\":\"https:\\\/\\\/ypc-conseil.fr\\\/#\\\/schema\\\/logo\\\/image\\\/\"},\"sameAs\":[\"https:\\\/\\\/www.linkedin.com\\\/company\\\/your-project-consult-ypc-conseil\\\/\"]}]}<\/script>\n<!-- \/ Yoast SEO plugin. -->","yoast_head_json":{"title":"Restructuration Organisationnelle Conduite Changement | H. Lienhardt","description":"Exemple de mission r\u00e9alis\u00e9e par Herv\u00e9 Lienhardt : restructuration organisationnelle majeure avec conduite du changement, r\u00e9organisation des \u00e9quipes, engagement des collaborateurs et continuit\u00e9 op\u00e9rationnelle pr\u00e9serv\u00e9e.","robots":{"index":"index","follow":"follow","max-snippet":"max-snippet:-1","max-image-preview":"max-image-preview:large","max-video-preview":"max-video-preview:-1"},"canonical":"https:\/\/ypc-conseil.fr\/en\/missions-types\/restructuration-organisationnelle-conduite-changement\/","og_locale":"en_GB","og_type":"article","og_title":"Restructuration Organisationnelle Conduite Changement | H. Lienhardt","og_description":"Exemple de mission r\u00e9alis\u00e9e par Herv\u00e9 Lienhardt : restructuration organisationnelle majeure avec conduite du changement, r\u00e9organisation des \u00e9quipes, engagement des collaborateurs et continuit\u00e9 op\u00e9rationnelle pr\u00e9serv\u00e9e.","og_url":"https:\/\/ypc-conseil.fr\/en\/missions-types\/restructuration-organisationnelle-conduite-changement\/","og_site_name":"Your Project Consult","article_modified_time":"2026-03-04T16:27:32+00:00","twitter_card":"summary_large_image","schema":{"@context":"https:\/\/schema.org","@graph":[{"@type":"WebPage","@id":"https:\/\/ypc-conseil.fr\/missions-types\/restructuration-organisationnelle-conduite-changement\/","url":"https:\/\/ypc-conseil.fr\/missions-types\/restructuration-organisationnelle-conduite-changement\/","name":"Restructuration Organisationnelle Conduite Changement | H. Lienhardt","isPartOf":{"@id":"https:\/\/ypc-conseil.fr\/#website"},"datePublished":"2025-12-16T09:21:09+00:00","dateModified":"2026-03-04T16:27:32+00:00","description":"Exemple de mission r\u00e9alis\u00e9e par Herv\u00e9 Lienhardt : restructuration organisationnelle majeure avec conduite du changement, r\u00e9organisation des \u00e9quipes, engagement des collaborateurs et continuit\u00e9 op\u00e9rationnelle pr\u00e9serv\u00e9e.","breadcrumb":{"@id":"https:\/\/ypc-conseil.fr\/missions-types\/restructuration-organisationnelle-conduite-changement\/#breadcrumb"},"inLanguage":"en-GB","potentialAction":[{"@type":"ReadAction","target":["https:\/\/ypc-conseil.fr\/missions-types\/restructuration-organisationnelle-conduite-changement\/"]}]},{"@type":"BreadcrumbList","@id":"https:\/\/ypc-conseil.fr\/missions-types\/restructuration-organisationnelle-conduite-changement\/#breadcrumb","itemListElement":[{"@type":"ListItem","position":1,"name":"Accueil","item":"https:\/\/ypc-conseil.fr\/"},{"@type":"ListItem","position":2,"name":"missions types","item":"https:\/\/ypc-conseil.fr\/missions-types\/"},{"@type":"ListItem","position":3,"name":"Restructuration organisationnelle et conduite du changement"}]},{"@type":"WebSite","@id":"https:\/\/ypc-conseil.fr\/#website","url":"https:\/\/ypc-conseil.fr\/","name":"Your Project Consult","description":"Strategic and Operational Excellence Advisory","publisher":{"@id":"https:\/\/ypc-conseil.fr\/#organization"},"potentialAction":[{"@type":"SearchAction","target":{"@type":"EntryPoint","urlTemplate":"https:\/\/ypc-conseil.fr\/?s={search_term_string}"},"query-input":{"@type":"PropertyValueSpecification","valueRequired":true,"valueName":"search_term_string"}}],"inLanguage":"en-GB"},{"@type":"Organization","@id":"https:\/\/ypc-conseil.fr\/#organization","name":"Your Project Consult","url":"https:\/\/ypc-conseil.fr\/","logo":{"@type":"ImageObject","inLanguage":"en-GB","@id":"https:\/\/ypc-conseil.fr\/#\/schema\/logo\/image\/","url":"https:\/\/ypc-conseil.fr\/wp-content\/uploads\/2026\/03\/YPC-Logo.png","contentUrl":"https:\/\/ypc-conseil.fr\/wp-content\/uploads\/2026\/03\/YPC-Logo.png","width":293,"height":210,"caption":"Your Project Consult"},"image":{"@id":"https:\/\/ypc-conseil.fr\/#\/schema\/logo\/image\/"},"sameAs":["https:\/\/www.linkedin.com\/company\/your-project-consult-ypc-conseil\/"]}]}},"_hostinger_reach_plugin_has_subscription_block":false,"_hostinger_reach_plugin_is_elementor":false,"_links":{"self":[{"href":"https:\/\/ypc-conseil.fr\/en\/wp-json\/wp\/v2\/pages\/22207","targetHints":{"allow":["GET"]}}],"collection":[{"href":"https:\/\/ypc-conseil.fr\/en\/wp-json\/wp\/v2\/pages"}],"about":[{"href":"https:\/\/ypc-conseil.fr\/en\/wp-json\/wp\/v2\/types\/page"}],"author":[{"embeddable":true,"href":"https:\/\/ypc-conseil.fr\/en\/wp-json\/wp\/v2\/users\/1"}],"replies":[{"embeddable":true,"href":"https:\/\/ypc-conseil.fr\/en\/wp-json\/wp\/v2\/comments?post=22207"}],"version-history":[{"count":17,"href":"https:\/\/ypc-conseil.fr\/en\/wp-json\/wp\/v2\/pages\/22207\/revisions"}],"predecessor-version":[{"id":238205,"href":"https:\/\/ypc-conseil.fr\/en\/wp-json\/wp\/v2\/pages\/22207\/revisions\/238205"}],"up":[{"embeddable":true,"href":"https:\/\/ypc-conseil.fr\/en\/wp-json\/wp\/v2\/pages\/22120"}],"wp:attachment":[{"href":"https:\/\/ypc-conseil.fr\/en\/wp-json\/wp\/v2\/media?parent=22207"}],"curies":[{"name":"wp","href":"https:\/\/api.w.org\/{rel}","templated":true}]}}