{"id":22189,"date":"2025-12-16T09:51:39","date_gmt":"2025-12-16T08:51:39","guid":{"rendered":"https:\/\/ypc-conseil.fr\/?page_id=22189"},"modified":"2026-03-04T17:16:45","modified_gmt":"2026-03-04T16:16:45","slug":"accompagnement-strategique-entreprise-developpement-international","status":"publish","type":"page","link":"https:\/\/ypc-conseil.fr\/en\/missions-types\/accompagnement-strategique-entreprise-developpement-international\/","title":{"rendered":"Accompagnement strat\u00e9gique d&rsquo;une entreprise dans son d\u00e9veloppement international"},"content":{"rendered":"<div class=\"et_pb_section_0 et_pb_section et_section_regular et_block_section et_pb_section_parallax\"><span class=\"et-pb-parallax-wrapper\"><span class=\"et-pb-parallax-background et-pb-parallax-background-module--divi-section-0\" style=\"background-image:url(http:\/\/ypc-conseil.fr\/wp-content\/uploads\/2026\/01\/accompagnement-strategique-pme-developpement-international-business.jpg)\"><\/span><\/span>\n<div class=\"et_pb_row_0 et_pb_row et_block_row single-case-header-row\">\n<div class=\"et_pb_column_0 et_pb_column et_pb_column_4_4 et-last-child et_block_column et_pb_css_mix_blend_mode_passthrough\">\n<div class=\"et_pb_text_0 et_pb_text et_pb_bg_layout_light et_animated et_pb_module et_block_module\"><div class=\"et_pb_text_inner\"><p>Your project consult<\/p>\n<\/div><\/div>\n\n<div class=\"et_pb_text_1 et_pb_text et_pb_bg_layout_light et_animated et_pb_module et_block_module\"><div class=\"et_pb_text_inner\"><h1>Strategic Support for a Company's International Development<span style=\"color: #1e40af;\">.<\/span><\/h1>\n<\/div><\/div>\n\n<div class=\"et_pb_module et_pb_button_module_wrapper et_pb_button_0_wrapper\"><a class=\"et_pb_button_0 et_pb_button et_pb_bg_layout_light et_animated et_pb_module et_block_module\" href=\"#scroll-case\">Learn More<\/a><\/div>\n<\/div>\n<\/div>\n<\/div>\n\n<div class=\"et_pb_section_1 et_pb_section et_section_regular et_block_section\" id=\"scroll-case\">\n<div class=\"et_pb_row_1 et_pb_row et_block_row et_animated\">\n<div class=\"et_pb_column_1 et_pb_column et_pb_column_1_3 et_block_column et_pb_css_mix_blend_mode_passthrough\">\n<div class=\"et_pb_text_2 et_pb_text et_pb_bg_layout_light et_pb_module et_block_module\"><div class=\"et_pb_text_inner\"><h2>Overview<span style=\"color: #1e40af;\">.<\/span><\/h2>\n<\/div><\/div>\n<\/div>\n\n<div class=\"et_pb_column_2 et_pb_column et_pb_column_2_3 et-last-child et_block_column et_pb_css_mix_blend_mode_passthrough\">\n<div class=\"et_pb_text_3 et_pb_text et_pb_bg_layout_light et_pb_module et_block_module\"><div class=\"et_pb_text_inner\"><p><strong>A fast-growing French company<\/strong> was looking to accelerate its <strong>international expansion<\/strong> but lacked the strategic and commercial structure needed to confidently enter demanding new markets.<\/p>\n<\/div><\/div>\n\n<div class=\"et_pb_text_4 et_pb_text et_pb_bg_layout_light et_pb_module et_block_module\"><div class=\"et_pb_text_inner\"><p>Faced with these growth challenges, the company called upon <strong>Herv\u00e9 Lienhardt<\/strong> to define its <strong>expansion strategy<\/strong>, structure its <strong>commercial approach<\/strong> and <strong>secure its first deployments<\/strong> in target markets.<\/p>\n<\/div><\/div>\n\n<div class=\"et_pb_text_5 et_pb_text et_pb_bg_layout_light et_pb_module et_block_module\"><div class=\"et_pb_text_inner\"><p>This engagement illustrates Herv\u00e9 Lienhardt's expertise in <strong>international business development<\/strong> and his knowledge of <strong>multicultural environments<\/strong> turning an ambition into <strong>measurable operational success<\/strong>.<\/p>\n<\/div><\/div>\n<\/div>\n<\/div>\n\n<div class=\"et_pb_row_2 et_pb_row et_block_row et_animated\">\n<div class=\"et_pb_column_3 et_pb_column et_pb_column_4_4 et-last-child et_block_column et_pb_css_mix_blend_mode_passthrough\">\n<div class=\"et_pb_image_0 et_pb_image et_pb_module et_block_module\"><span class=\"et_pb_image_wrap\"><img loading=\"lazy\" decoding=\"async\" src=\"http:\/\/ypc-conseil.fr\/wp-content\/uploads\/2026\/01\/expansion-internationale-pme-marches-cibles-business-development.jpg\" alt=\"March\u00e9s cibles internationaux pour expansion strat\u00e9gique d&#039;une PME\" title=\"March\u00e9s cibles internationaux pour expansion strat\u00e9gique d&#039;une PME\" width=\"2560\" height=\"759\" srcset=\"http:\/\/ypc-conseil.fr\/wp-content\/uploads\/2026\/01\/expansion-internationale-pme-marches-cibles-business-development.jpg 2560w, http:\/\/ypc-conseil.fr\/wp-content\/uploads\/2026\/01\/expansion-internationale-pme-marches-cibles-business-development-1280x380.jpg 1280w, http:\/\/ypc-conseil.fr\/wp-content\/uploads\/2026\/01\/expansion-internationale-pme-marches-cibles-business-development-980x291.jpg 980w, http:\/\/ypc-conseil.fr\/wp-content\/uploads\/2026\/01\/expansion-internationale-pme-marches-cibles-business-development-480x142.jpg 480w\" sizes=\"(min-width: 0px) and (max-width: 480px) 480px, (min-width: 481px) and (max-width: 980px) 980px, (min-width: 981px) and (max-width: 1280px) 1280px, (min-width: 1281px) 2560px, 100vw\" class=\"wp-image-224627\" \/><\/span><\/div>\n<\/div>\n<\/div>\n\n<div class=\"et_pb_row_3 et_pb_row et_block_row et_animated\">\n<div class=\"et_pb_column_4 et_pb_column et_pb_column_1_3 et_block_column et_pb_css_mix_blend_mode_passthrough\">\n<div class=\"et_pb_text_6 et_pb_text et_pb_bg_layout_light et_pb_module et_block_module\"><div class=\"et_pb_text_inner\"><h2>The Intervention<span style=\"color: #1e40af;\">.<\/span><\/h2>\n<\/div><\/div>\n<\/div>\n\n<div class=\"et_pb_column_5 et_pb_column et_pb_column_2_3 et-last-child et_block_column et_pb_css_mix_blend_mode_passthrough\">\n<div class=\"et_pb_text_7 et_pb_text et_pb_bg_layout_light et_pb_module et_block_module\"><div class=\"et_pb_text_inner\"><p>The engagement began with a <strong>strategic phase<\/strong> analysis of target markets, definition of positioning, and construction of the expansion business plan. Herv\u00e9 Lienhardt then structured <strong>the commercial approach<\/strong> with <strong>identification of key partners<\/strong> and development of market penetration strategies.<\/p>\n<\/div><\/div>\n\n<div class=\"et_pb_text_8 et_pb_text et_pb_bg_layout_light et_pb_module et_block_module\"><div class=\"et_pb_text_inner\"><p>The operational phase consisted of <strong>supporting teams<\/strong> in their initial commercial approaches, <strong>negotiating strategic partnerships<\/strong>and securing the establishment of <strong>local structures<\/strong> required for deployment.<\/p>\n<\/div><\/div>\n<\/div>\n<\/div>\n\n<div class=\"et_pb_row_4 et_pb_row et_block_row et_animated\">\n<div class=\"et_pb_column_6 et_pb_column et_pb_column_1_3 et_block_column et_pb_css_mix_blend_mode_passthrough\">\n<div class=\"et_pb_text_9 et_pb_text et_pb_bg_layout_light et_pb_module et_block_module\"><div class=\"et_pb_text_inner\"><p><span style=\"color: #1e40af;\"><strong>Expansion Strategy<\/strong><\/span><br \/>\nDefined &amp; Deployed<\/p>\n<\/div><\/div>\n\n<div class=\"et_pb_text_10 et_pb_text et_pb_bg_layout_light et_pb_module et_block_module\"><div class=\"et_pb_text_inner\"><p><strong>International business plan<\/strong>, <strong>market positioning<\/strong> and identification of <strong>priority target countries<\/strong>.<\/p>\n<\/div><\/div>\n<\/div>\n\n<div class=\"et_pb_column_7 et_pb_column et_pb_column_1_3 et_block_column et_pb_css_mix_blend_mode_passthrough\">\n<div class=\"et_pb_text_11 et_pb_text et_pb_bg_layout_light et_pb_module et_block_module\"><div class=\"et_pb_text_inner\"><p><span style=\"color: #1e40af;\"><strong>Strategic Partnerships<\/strong><\/span><br \/>\nSecured<\/p>\n<\/div><\/div>\n\n<div class=\"et_pb_text_12 et_pb_text et_pb_bg_layout_light et_pb_module et_block_module\"><div class=\"et_pb_text_inner\"><p>Negotiation and signing of agreements <strong>key local partners<\/strong>.<\/p>\n<\/div><\/div>\n<\/div>\n\n<div class=\"et_pb_column_8 et_pb_column et_pb_column_1_3 et-last-child et_block_column et_pb_css_mix_blend_mode_passthrough\">\n<div class=\"et_pb_text_13 et_pb_text et_pb_bg_layout_light et_pb_module et_block_module\"><div class=\"et_pb_text_inner\"><p><span style=\"color: #1e40af;\"><strong>Teams Supported<\/strong><\/span><br \/>in the Field<\/p>\n<\/div><\/div>\n\n<div class=\"et_pb_text_14 et_pb_text et_pb_bg_layout_light et_pb_module et_block_module\"><div class=\"et_pb_text_inner\"><p><strong>Commercial training<\/strong>, support for initial approaches and establishment of <strong>local structures<\/strong>.<\/p>\n<\/div><\/div>\n<\/div>\n<\/div>\n<\/div>","protected":false},"excerpt":{"rendered":"","protected":false},"author":1,"featured_media":0,"parent":22120,"menu_order":0,"comment_status":"closed","ping_status":"closed","template":"","meta":{"_acf_changed":false,"footnotes":""},"class_list":["post-22189","page","type-page","status-publish","hentry"],"acf":[],"yoast_head":"<!-- This site is optimized with the Yoast SEO plugin v27.3 - https:\/\/yoast.com\/product\/yoast-seo-wordpress\/ -->\n<title>Accompagnement PME D\u00e9veloppement International | H. Lienhardt<\/title>\n<meta name=\"description\" content=\"Accompagnement strat\u00e9gique PME \u00e0 l&#039;international : d\u00e9finition strat\u00e9gie d&#039;expansion, approche commerciale et s\u00e9curisation des partenariats.\" \/>\n<meta name=\"robots\" content=\"index, follow, max-snippet:-1, max-image-preview:large, max-video-preview:-1\" \/>\n<link rel=\"canonical\" href=\"https:\/\/ypc-conseil.fr\/en\/missions-types\/accompagnement-strategique-entreprise-developpement-international\/\" \/>\n<meta property=\"og:locale\" content=\"en_GB\" \/>\n<meta property=\"og:type\" content=\"article\" \/>\n<meta property=\"og:title\" content=\"Accompagnement PME D\u00e9veloppement International | H. Lienhardt\" \/>\n<meta property=\"og:description\" content=\"Accompagnement strat\u00e9gique PME \u00e0 l&#039;international : d\u00e9finition strat\u00e9gie d&#039;expansion, approche commerciale et s\u00e9curisation des partenariats.\" \/>\n<meta property=\"og:url\" content=\"https:\/\/ypc-conseil.fr\/en\/missions-types\/accompagnement-strategique-entreprise-developpement-international\/\" \/>\n<meta property=\"og:site_name\" content=\"Your Project Consult\" \/>\n<meta property=\"article:modified_time\" content=\"2026-03-04T16:16:45+00:00\" \/>\n<meta name=\"twitter:card\" content=\"summary_large_image\" \/>\n<script type=\"application\/ld+json\" class=\"yoast-schema-graph\">{\"@context\":\"https:\\\/\\\/schema.org\",\"@graph\":[{\"@type\":\"WebPage\",\"@id\":\"https:\\\/\\\/ypc-conseil.fr\\\/missions-types\\\/accompagnement-strategique-entreprise-developpement-international\\\/\",\"url\":\"https:\\\/\\\/ypc-conseil.fr\\\/missions-types\\\/accompagnement-strategique-entreprise-developpement-international\\\/\",\"name\":\"Accompagnement PME D\u00e9veloppement International | H. Lienhardt\",\"isPartOf\":{\"@id\":\"https:\\\/\\\/ypc-conseil.fr\\\/#website\"},\"datePublished\":\"2025-12-16T08:51:39+00:00\",\"dateModified\":\"2026-03-04T16:16:45+00:00\",\"description\":\"Accompagnement strat\u00e9gique PME \u00e0 l'international : d\u00e9finition strat\u00e9gie d'expansion, approche commerciale et s\u00e9curisation des partenariats.\",\"breadcrumb\":{\"@id\":\"https:\\\/\\\/ypc-conseil.fr\\\/missions-types\\\/accompagnement-strategique-entreprise-developpement-international\\\/#breadcrumb\"},\"inLanguage\":\"en-GB\",\"potentialAction\":[{\"@type\":\"ReadAction\",\"target\":[\"https:\\\/\\\/ypc-conseil.fr\\\/missions-types\\\/accompagnement-strategique-entreprise-developpement-international\\\/\"]}]},{\"@type\":\"BreadcrumbList\",\"@id\":\"https:\\\/\\\/ypc-conseil.fr\\\/missions-types\\\/accompagnement-strategique-entreprise-developpement-international\\\/#breadcrumb\",\"itemListElement\":[{\"@type\":\"ListItem\",\"position\":1,\"name\":\"Accueil\",\"item\":\"https:\\\/\\\/ypc-conseil.fr\\\/\"},{\"@type\":\"ListItem\",\"position\":2,\"name\":\"missions types\",\"item\":\"https:\\\/\\\/ypc-conseil.fr\\\/missions-types\\\/\"},{\"@type\":\"ListItem\",\"position\":3,\"name\":\"Accompagnement strat\u00e9gique d&rsquo;une entreprise dans son d\u00e9veloppement international\"}]},{\"@type\":\"WebSite\",\"@id\":\"https:\\\/\\\/ypc-conseil.fr\\\/#website\",\"url\":\"https:\\\/\\\/ypc-conseil.fr\\\/\",\"name\":\"Your Project Consult\",\"description\":\"Conseil en strat\u00e9gie et excellence op\u00e9rationnelle\",\"publisher\":{\"@id\":\"https:\\\/\\\/ypc-conseil.fr\\\/#organization\"},\"potentialAction\":[{\"@type\":\"SearchAction\",\"target\":{\"@type\":\"EntryPoint\",\"urlTemplate\":\"https:\\\/\\\/ypc-conseil.fr\\\/?s={search_term_string}\"},\"query-input\":{\"@type\":\"PropertyValueSpecification\",\"valueRequired\":true,\"valueName\":\"search_term_string\"}}],\"inLanguage\":\"en-GB\"},{\"@type\":\"Organization\",\"@id\":\"https:\\\/\\\/ypc-conseil.fr\\\/#organization\",\"name\":\"Your Project Consult\",\"url\":\"https:\\\/\\\/ypc-conseil.fr\\\/\",\"logo\":{\"@type\":\"ImageObject\",\"inLanguage\":\"en-GB\",\"@id\":\"https:\\\/\\\/ypc-conseil.fr\\\/#\\\/schema\\\/logo\\\/image\\\/\",\"url\":\"https:\\\/\\\/ypc-conseil.fr\\\/wp-content\\\/uploads\\\/2026\\\/03\\\/YPC-Logo.png\",\"contentUrl\":\"https:\\\/\\\/ypc-conseil.fr\\\/wp-content\\\/uploads\\\/2026\\\/03\\\/YPC-Logo.png\",\"width\":293,\"height\":210,\"caption\":\"Your Project Consult\"},\"image\":{\"@id\":\"https:\\\/\\\/ypc-conseil.fr\\\/#\\\/schema\\\/logo\\\/image\\\/\"},\"sameAs\":[\"https:\\\/\\\/www.linkedin.com\\\/company\\\/your-project-consult-ypc-conseil\\\/\"]}]}<\/script>\n<!-- \/ Yoast SEO plugin. -->","yoast_head_json":{"title":"Accompagnement PME D\u00e9veloppement International | H. Lienhardt","description":"Accompagnement strat\u00e9gique PME \u00e0 l'international : d\u00e9finition strat\u00e9gie d'expansion, approche commerciale et s\u00e9curisation des partenariats.","robots":{"index":"index","follow":"follow","max-snippet":"max-snippet:-1","max-image-preview":"max-image-preview:large","max-video-preview":"max-video-preview:-1"},"canonical":"https:\/\/ypc-conseil.fr\/en\/missions-types\/accompagnement-strategique-entreprise-developpement-international\/","og_locale":"en_GB","og_type":"article","og_title":"Accompagnement PME D\u00e9veloppement International | H. Lienhardt","og_description":"Accompagnement strat\u00e9gique PME \u00e0 l'international : d\u00e9finition strat\u00e9gie d'expansion, approche commerciale et s\u00e9curisation des partenariats.","og_url":"https:\/\/ypc-conseil.fr\/en\/missions-types\/accompagnement-strategique-entreprise-developpement-international\/","og_site_name":"Your Project Consult","article_modified_time":"2026-03-04T16:16:45+00:00","twitter_card":"summary_large_image","schema":{"@context":"https:\/\/schema.org","@graph":[{"@type":"WebPage","@id":"https:\/\/ypc-conseil.fr\/missions-types\/accompagnement-strategique-entreprise-developpement-international\/","url":"https:\/\/ypc-conseil.fr\/missions-types\/accompagnement-strategique-entreprise-developpement-international\/","name":"Accompagnement PME D\u00e9veloppement International | H. Lienhardt","isPartOf":{"@id":"https:\/\/ypc-conseil.fr\/#website"},"datePublished":"2025-12-16T08:51:39+00:00","dateModified":"2026-03-04T16:16:45+00:00","description":"Accompagnement strat\u00e9gique PME \u00e0 l'international : d\u00e9finition strat\u00e9gie d'expansion, approche commerciale et s\u00e9curisation des partenariats.","breadcrumb":{"@id":"https:\/\/ypc-conseil.fr\/missions-types\/accompagnement-strategique-entreprise-developpement-international\/#breadcrumb"},"inLanguage":"en-GB","potentialAction":[{"@type":"ReadAction","target":["https:\/\/ypc-conseil.fr\/missions-types\/accompagnement-strategique-entreprise-developpement-international\/"]}]},{"@type":"BreadcrumbList","@id":"https:\/\/ypc-conseil.fr\/missions-types\/accompagnement-strategique-entreprise-developpement-international\/#breadcrumb","itemListElement":[{"@type":"ListItem","position":1,"name":"Accueil","item":"https:\/\/ypc-conseil.fr\/"},{"@type":"ListItem","position":2,"name":"missions types","item":"https:\/\/ypc-conseil.fr\/missions-types\/"},{"@type":"ListItem","position":3,"name":"Accompagnement strat\u00e9gique d&rsquo;une entreprise dans son d\u00e9veloppement international"}]},{"@type":"WebSite","@id":"https:\/\/ypc-conseil.fr\/#website","url":"https:\/\/ypc-conseil.fr\/","name":"Your Project Consult","description":"Strategic and Operational Excellence Advisory","publisher":{"@id":"https:\/\/ypc-conseil.fr\/#organization"},"potentialAction":[{"@type":"SearchAction","target":{"@type":"EntryPoint","urlTemplate":"https:\/\/ypc-conseil.fr\/?s={search_term_string}"},"query-input":{"@type":"PropertyValueSpecification","valueRequired":true,"valueName":"search_term_string"}}],"inLanguage":"en-GB"},{"@type":"Organization","@id":"https:\/\/ypc-conseil.fr\/#organization","name":"Your Project Consult","url":"https:\/\/ypc-conseil.fr\/","logo":{"@type":"ImageObject","inLanguage":"en-GB","@id":"https:\/\/ypc-conseil.fr\/#\/schema\/logo\/image\/","url":"https:\/\/ypc-conseil.fr\/wp-content\/uploads\/2026\/03\/YPC-Logo.png","contentUrl":"https:\/\/ypc-conseil.fr\/wp-content\/uploads\/2026\/03\/YPC-Logo.png","width":293,"height":210,"caption":"Your Project Consult"},"image":{"@id":"https:\/\/ypc-conseil.fr\/#\/schema\/logo\/image\/"},"sameAs":["https:\/\/www.linkedin.com\/company\/your-project-consult-ypc-conseil\/"]}]}},"_hostinger_reach_plugin_has_subscription_block":false,"_hostinger_reach_plugin_is_elementor":false,"_links":{"self":[{"href":"https:\/\/ypc-conseil.fr\/en\/wp-json\/wp\/v2\/pages\/22189","targetHints":{"allow":["GET"]}}],"collection":[{"href":"https:\/\/ypc-conseil.fr\/en\/wp-json\/wp\/v2\/pages"}],"about":[{"href":"https:\/\/ypc-conseil.fr\/en\/wp-json\/wp\/v2\/types\/page"}],"author":[{"embeddable":true,"href":"https:\/\/ypc-conseil.fr\/en\/wp-json\/wp\/v2\/users\/1"}],"replies":[{"embeddable":true,"href":"https:\/\/ypc-conseil.fr\/en\/wp-json\/wp\/v2\/comments?post=22189"}],"version-history":[{"count":21,"href":"https:\/\/ypc-conseil.fr\/en\/wp-json\/wp\/v2\/pages\/22189\/revisions"}],"predecessor-version":[{"id":238201,"href":"https:\/\/ypc-conseil.fr\/en\/wp-json\/wp\/v2\/pages\/22189\/revisions\/238201"}],"up":[{"embeddable":true,"href":"https:\/\/ypc-conseil.fr\/en\/wp-json\/wp\/v2\/pages\/22120"}],"wp:attachment":[{"href":"https:\/\/ypc-conseil.fr\/en\/wp-json\/wp\/v2\/media?parent=22189"}],"curies":[{"name":"wp","href":"https:\/\/api.w.org\/{rel}","templated":true}]}}