{"id":22120,"date":"2025-12-15T17:03:33","date_gmt":"2025-12-15T16:03:33","guid":{"rendered":"https:\/\/ypc-conseil.fr\/?page_id=22120"},"modified":"2026-03-10T13:49:57","modified_gmt":"2026-03-10T12:49:57","slug":"missions-types","status":"publish","type":"page","link":"https:\/\/ypc-conseil.fr\/en\/missions-types\/","title":{"rendered":"missions types"},"content":{"rendered":"<div class=\"et_pb_section_0 et_pb_section et_section_regular et_block_section\">\n<div class=\"et_pb_row_0 et_pb_row et_block_row\">\n<div class=\"et_pb_column_0 et_pb_column et_pb_column_4_4 et-last-child et_block_column et_pb_css_mix_blend_mode_passthrough\">\n<div class=\"et_pb_text_0 et_pb_text et_pb_bg_layout_light et_animated et_pb_module et_block_module\"><div class=\"et_pb_text_inner\"><h1>Typical Engagements<span style=\"color: #1e40af;\">.<\/span><\/h1>\n<\/div><\/div>\n<\/div>\n<\/div>\n<\/div>\n\n<div class=\"et_pb_section_1 et_pb_section et_section_regular et_block_section\">\n<div class=\"et_pb_row_1 et_pb_row et_block_row\">\n<div class=\"et_pb_column_1 et_pb_column et_pb_column_4_4 et-last-child et_block_column et_pb_css_mix_blend_mode_passthrough\">\n<div class=\"et_pb_text_1 et_pb_text et_pb_bg_layout_light et_animated et_pb_module et_block_module\"><div class=\"et_pb_text_inner\"><p style=\"text-align: center;\">Your Project Consult<\/p>\n<\/div><\/div>\n\n<div class=\"et_pb_text_2 et_pb_text et_pb_bg_layout_light et_animated et_pb_module et_block_module\"><div class=\"et_pb_text_inner\"><h2>Field-Proven Expertise. <span style=\"color: #1e40af;\">.<\/span><\/h2>\n<\/div><\/div>\n\n<div class=\"et_pb_text_3 et_pb_text et_pb_bg_layout_light et_pb_module et_block_module\"><div class=\"et_pb_text_inner\"><p>Discover through concrete and anonymized examples Herv\u00e9 Lienhardt's expertise in performance improvement, complex project management and crisis management. <br \/>These engagements, some carried out in previous roles, illustrate the collaborative approach and ability to turn challenges into lasting operational results that define YPC Conseil today.<\/p>\n<\/div><\/div>\n<\/div>\n<\/div>\n<\/div>\n\n<div class=\"et_pb_section_2 et_pb_section et_section_regular et_block_section\">\n<div class=\"et_pb_row_2 et_pb_row et_block_row\">\n<div class=\"et_pb_column_2 et_pb_column et_pb_column_1_2 et_block_column et_pb_css_mix_blend_mode_passthrough et_animated et_pb_section_parallax service-box mission-card\"><span class=\"et-pb-parallax-wrapper\"><span class=\"et-pb-parallax-background et-pb-parallax-background-module--divi-column-2\" style=\"background-image:url(http:\/\/ypc-conseil.fr\/wp-content\/uploads\/2025\/12\/developpement-international-scaled.jpg)\"><\/span><\/span>\n<div class=\"et_pb_text_4 et_pb_text et_pb_bg_layout_light et_pb_module et_block_module\"><div class=\"et_pb_text_inner\"><p>SME<\/p>\n<\/div><\/div>\n\n<div class=\"et_pb_text_5 et_pb_text et_pb_bg_layout_light et_pb_module et_block_module\"><div class=\"et_pb_text_inner\"><h3>Strategic Support for an SME's International Expansion.<\/h3>\n<\/div><\/div>\n\n<div class=\"et_pb_cta_0 et_pb_promo et_pb_bg_layout_dark et_pb_module et_block_module service-animated-text\"><div class=\"et_pb_promo_description\"><div class=\"et_pb_promo_content\"><p>Strategic and commercial structuring for the successful international expansion of an SME into new markets.<\/p>\n<\/div><\/div><div class=\"et_pb_button_wrapper\"><a class=\"et_pb_button et_pb_promo_button\" href=\"\/en\/missions-types\/accompagnement-strategique-entreprise-developpement-international\/\">View This Case<\/a><\/div><\/div>\n<\/div>\n\n<div class=\"et_pb_column_3 et_pb_column et_pb_column_1_2 et-last-child et_block_column et_pb_css_mix_blend_mode_passthrough et_animated et_pb_section_parallax service-box mission-card\"><span class=\"et-pb-parallax-wrapper\"><span class=\"et-pb-parallax-background et-pb-parallax-background-module--divi-column-3\" style=\"background-image:url(http:\/\/ypc-conseil.fr\/wp-content\/uploads\/2025\/12\/projet-et-infrastructure.jpg)\"><\/span><\/span>\n<div class=\"et_pb_text_6 et_pb_text et_pb_bg_layout_light et_pb_module et_block_module\"><div class=\"et_pb_text_inner\"><p>Infrastructure<\/p>\n<\/div><\/div>\n\n<div class=\"et_pb_text_7 et_pb_text et_pb_bg_layout_light et_pb_module et_block_module\"><div class=\"et_pb_text_inner\"><h3>Steering a Complex Infrastructure Project from Inception to Commissioning.<\/h3>\n<\/div><\/div>\n\n<div class=\"et_pb_cta_1 et_pb_promo et_pb_bg_layout_dark et_pb_module et_block_module service-animated-text\"><div class=\"et_pb_promo_description\"><div class=\"et_pb_promo_content\"><p>End-to-end management of a complex infrastructure project from strategic definition to operational commissioning.<\/p>\n<\/div><\/div><div class=\"et_pb_button_wrapper\"><a class=\"et_pb_button et_pb_promo_button\" href=\"\/en\/missions-types\/pilotage-projet-infrastructure-complexe\/\">View This Case<\/a><\/div><\/div>\n<\/div>\n<\/div>\n\n<div class=\"et_pb_row_3 et_pb_row et_block_row\">\n<div class=\"et_pb_column_4 et_pb_column et_pb_column_1_2 et_block_column et_pb_css_mix_blend_mode_passthrough et_animated et_pb_section_parallax service-box mission-card\"><span class=\"et-pb-parallax-wrapper\"><span class=\"et-pb-parallax-background et-pb-parallax-background-module--divi-column-4\" style=\"background-image:url(http:\/\/ypc-conseil.fr\/wp-content\/uploads\/2025\/12\/Restructuration-organisationnelle.jpg)\"><\/span><\/span>\n<div class=\"et_pb_text_8 et_pb_text et_pb_bg_layout_light et_pb_module et_block_module\"><div class=\"et_pb_text_inner\"><p>Organization<\/p>\n<\/div><\/div>\n\n<div class=\"et_pb_text_9 et_pb_text et_pb_bg_layout_light et_pb_module et_block_module\"><div class=\"et_pb_text_inner\"><h3>Organizational Restructuring &amp; Change Management.<\/h3>\n<\/div><\/div>\n\n<div class=\"et_pb_cta_2 et_pb_promo et_pb_bg_layout_dark et_pb_module et_block_module service-animated-text\"><div class=\"et_pb_promo_description\"><div class=\"et_pb_promo_content\"><p>Supporting an organization through its structural transformation with change management and business continuity preservation.<\/p>\n<\/div><\/div><div class=\"et_pb_button_wrapper\"><a class=\"et_pb_button et_pb_promo_button\" href=\"\/en\/missions-types\/restructuration-organisationnelle-conduite-changement\/\">View This Case<\/a><\/div><\/div>\n<\/div>\n\n<div class=\"et_pb_column_5 et_pb_column et_pb_column_1_2 et-last-child et_block_column et_pb_css_mix_blend_mode_passthrough et_animated et_pb_section_parallax service-box mission-card\"><span class=\"et-pb-parallax-wrapper\"><span class=\"et-pb-parallax-background et-pb-parallax-background-module--divi-column-5\" style=\"background-image:url(http:\/\/ypc-conseil.fr\/wp-content\/uploads\/2025\/12\/gestion-de-crise.jpg)\"><\/span><\/span>\n<div class=\"et_pb_text_10 et_pb_text et_pb_bg_layout_light et_pb_module et_block_module\"><div class=\"et_pb_text_inner\"><p>Crise<\/p>\n<\/div><\/div>\n\n<div class=\"et_pb_text_11 et_pb_text et_pb_bg_layout_light et_pb_module et_block_module\"><div class=\"et_pb_text_inner\"><h3>Operational Crisis Management &amp; Business Continuity Securing.<\/h3>\n<\/div><\/div>\n\n<div class=\"et_pb_cta_3 et_pb_promo et_pb_bg_layout_dark et_pb_module et_block_module service-animated-text\"><div class=\"et_pb_promo_description\"><div class=\"et_pb_promo_content\"><p>Rapid intervention in an operational crisis situation to stabilize operations and secure business continuity.<\/p>\n<\/div><\/div><div class=\"et_pb_button_wrapper\"><a class=\"et_pb_button et_pb_promo_button\" href=\"\/en\/missions-types\/gestion-crise-operationnelle\/\">View This Case<\/a><\/div><\/div>\n<\/div>\n<\/div>\n<\/div>\n\n<div class=\"et_pb_section_3 et_pb_section et_section_regular et_block_section et_clickable\">\n<div class=\"et_pb_row_4 et_pb_row et_block_row et_animated above-footer-cta-row\">\n<div class=\"et_pb_column_6 et_pb_column et_pb_column_2_3 et_block_column et_pb_css_mix_blend_mode_passthrough\">\n<div class=\"et_pb_text_12 et_pb_text et_pb_bg_layout_light et_pb_module et_block_module h2-big\"><div class=\"et_pb_text_inner\"><h2>Does Your Project Match Our Expertise?<span style=\"color: #1e40af;\">\u00a0?<\/span><\/h2>\n<\/div><\/div>\n\n<div class=\"et_pb_text_13 et_pb_text et_pb_bg_layout_light et_pb_module et_block_module\"><div class=\"et_pb_text_inner\"><p>Process optimization, complex project management, crisis management\u2026 Let's identify together the best approach to turn your challenges into lasting operational results.<\/p>\n<\/div><\/div>\n<\/div>\n\n<div class=\"et_pb_column_7 et_pb_column et_pb_column_1_3 et-last-child et_block_column et_pb_css_mix_blend_mode_passthrough above-footer-cta-button-column\">\n<div class=\"et_pb_module et_pb_button_module_wrapper et_pb_button_0_wrapper\"><a class=\"et_pb_button_0 et_pb_button et_pb_bg_layout_light et_pb_module et_block_module\" href=\"https:\/\/calendly.com\/contact-ypc-conseil\/30min\" target=\"_blank\">Book a Meeting<\/a><\/div>\n\n<div class=\"et_pb_image_0 et_pb_image et_animated et_pb_module et_block_module\"><span class=\"et_pb_image_wrap\"><img loading=\"lazy\" decoding=\"async\" src=\"http:\/\/ypc-conseil.fr\/wp-content\/uploads\/2025\/11\/profit.png\" width=\"249\" height=\"247\" srcset=\"https:\/\/ypc-conseil.fr\/wp-content\/uploads\/2025\/11\/profit.png 249w, https:\/\/ypc-conseil.fr\/wp-content\/uploads\/2025\/11\/profit-150x150.png 150w\" sizes=\"(max-width: 249px) 100vw, 249px\" class=\"wp-image-21592\" title=\"profit\" \/><\/span><\/div>\n<\/div>\n<\/div>\n<\/div>","protected":false},"excerpt":{"rendered":"","protected":false},"author":1,"featured_media":0,"parent":0,"menu_order":0,"comment_status":"closed","ping_status":"closed","template":"","meta":{"_acf_changed":false,"footnotes":""},"class_list":["post-22120","page","type-page","status-publish","hentry"],"acf":[],"yoast_head":"<!-- This site is optimized with the Yoast SEO plugin v27.3 - https:\/\/yoast.com\/product\/yoast-seo-wordpress\/ -->\n<title>Exp\u00e9riences et Missions Types | Herv\u00e9 Lienhardt - YPC<\/title>\n<meta name=\"description\" content=\"D\u00e9couvrez les expertises d&#039;Herv\u00e9 Lienhardt \u00e0 travers des exemples concrets : optimisation logistique, am\u00e9lioration de performance industrielle, pilotage de projets d&#039;infrastructure et gestion de crise r\u00e9alis\u00e9s lors de ses fonctions ant\u00e9rieures.\" \/>\n<meta name=\"robots\" content=\"index, follow, max-snippet:-1, max-image-preview:large, max-video-preview:-1\" \/>\n<link rel=\"canonical\" href=\"https:\/\/ypc-conseil.fr\/en\/missions-types\/\" \/>\n<meta property=\"og:locale\" content=\"en_GB\" \/>\n<meta property=\"og:type\" content=\"article\" \/>\n<meta property=\"og:title\" content=\"Exp\u00e9riences et Missions Types | Herv\u00e9 Lienhardt - YPC\" \/>\n<meta property=\"og:description\" content=\"D\u00e9couvrez les expertises d&#039;Herv\u00e9 Lienhardt \u00e0 travers des exemples concrets : optimisation logistique, am\u00e9lioration de performance industrielle, pilotage de projets d&#039;infrastructure et gestion de crise r\u00e9alis\u00e9s lors de ses fonctions ant\u00e9rieures.\" \/>\n<meta property=\"og:url\" content=\"https:\/\/ypc-conseil.fr\/en\/missions-types\/\" \/>\n<meta property=\"og:site_name\" content=\"Your Project Consult\" \/>\n<meta property=\"article:modified_time\" content=\"2026-03-10T12:49:57+00:00\" \/>\n<meta name=\"twitter:card\" content=\"summary_large_image\" \/>\n<script type=\"application\/ld+json\" class=\"yoast-schema-graph\">{\"@context\":\"https:\\\/\\\/schema.org\",\"@graph\":[{\"@type\":\"WebPage\",\"@id\":\"https:\\\/\\\/ypc-conseil.fr\\\/missions-types\\\/\",\"url\":\"https:\\\/\\\/ypc-conseil.fr\\\/missions-types\\\/\",\"name\":\"Exp\u00e9riences et Missions Types | Herv\u00e9 Lienhardt - YPC\",\"isPartOf\":{\"@id\":\"https:\\\/\\\/ypc-conseil.fr\\\/#website\"},\"datePublished\":\"2025-12-15T16:03:33+00:00\",\"dateModified\":\"2026-03-10T12:49:57+00:00\",\"description\":\"D\u00e9couvrez les expertises d'Herv\u00e9 Lienhardt \u00e0 travers des exemples concrets : optimisation logistique, am\u00e9lioration de performance industrielle, pilotage de projets d'infrastructure et gestion de crise r\u00e9alis\u00e9s lors de ses fonctions ant\u00e9rieures.\",\"breadcrumb\":{\"@id\":\"https:\\\/\\\/ypc-conseil.fr\\\/missions-types\\\/#breadcrumb\"},\"inLanguage\":\"en-GB\",\"potentialAction\":[{\"@type\":\"ReadAction\",\"target\":[\"https:\\\/\\\/ypc-conseil.fr\\\/missions-types\\\/\"]}]},{\"@type\":\"BreadcrumbList\",\"@id\":\"https:\\\/\\\/ypc-conseil.fr\\\/missions-types\\\/#breadcrumb\",\"itemListElement\":[{\"@type\":\"ListItem\",\"position\":1,\"name\":\"Accueil\",\"item\":\"https:\\\/\\\/ypc-conseil.fr\\\/\"},{\"@type\":\"ListItem\",\"position\":2,\"name\":\"missions types\"}]},{\"@type\":\"WebSite\",\"@id\":\"https:\\\/\\\/ypc-conseil.fr\\\/#website\",\"url\":\"https:\\\/\\\/ypc-conseil.fr\\\/\",\"name\":\"Your Project Consult\",\"description\":\"Conseil en strat\u00e9gie et excellence op\u00e9rationnelle\",\"publisher\":{\"@id\":\"https:\\\/\\\/ypc-conseil.fr\\\/#organization\"},\"potentialAction\":[{\"@type\":\"SearchAction\",\"target\":{\"@type\":\"EntryPoint\",\"urlTemplate\":\"https:\\\/\\\/ypc-conseil.fr\\\/?s={search_term_string}\"},\"query-input\":{\"@type\":\"PropertyValueSpecification\",\"valueRequired\":true,\"valueName\":\"search_term_string\"}}],\"inLanguage\":\"en-GB\"},{\"@type\":\"Organization\",\"@id\":\"https:\\\/\\\/ypc-conseil.fr\\\/#organization\",\"name\":\"Your Project Consult\",\"url\":\"https:\\\/\\\/ypc-conseil.fr\\\/\",\"logo\":{\"@type\":\"ImageObject\",\"inLanguage\":\"en-GB\",\"@id\":\"https:\\\/\\\/ypc-conseil.fr\\\/#\\\/schema\\\/logo\\\/image\\\/\",\"url\":\"https:\\\/\\\/ypc-conseil.fr\\\/wp-content\\\/uploads\\\/2026\\\/03\\\/YPC-Logo.png\",\"contentUrl\":\"https:\\\/\\\/ypc-conseil.fr\\\/wp-content\\\/uploads\\\/2026\\\/03\\\/YPC-Logo.png\",\"width\":293,\"height\":210,\"caption\":\"Your Project Consult\"},\"image\":{\"@id\":\"https:\\\/\\\/ypc-conseil.fr\\\/#\\\/schema\\\/logo\\\/image\\\/\"},\"sameAs\":[\"https:\\\/\\\/www.linkedin.com\\\/company\\\/your-project-consult-ypc-conseil\\\/\"]}]}<\/script>\n<!-- \/ Yoast SEO plugin. -->","yoast_head_json":{"title":"Exp\u00e9riences et Missions Types | Herv\u00e9 Lienhardt - YPC","description":"D\u00e9couvrez les expertises d'Herv\u00e9 Lienhardt \u00e0 travers des exemples concrets : optimisation logistique, am\u00e9lioration de performance industrielle, pilotage de projets d'infrastructure et gestion de crise r\u00e9alis\u00e9s lors de ses fonctions ant\u00e9rieures.","robots":{"index":"index","follow":"follow","max-snippet":"max-snippet:-1","max-image-preview":"max-image-preview:large","max-video-preview":"max-video-preview:-1"},"canonical":"https:\/\/ypc-conseil.fr\/en\/missions-types\/","og_locale":"en_GB","og_type":"article","og_title":"Exp\u00e9riences et Missions Types | Herv\u00e9 Lienhardt - YPC","og_description":"D\u00e9couvrez les expertises d'Herv\u00e9 Lienhardt \u00e0 travers des exemples concrets : optimisation logistique, am\u00e9lioration de performance industrielle, pilotage de projets d'infrastructure et gestion de crise r\u00e9alis\u00e9s lors de ses fonctions ant\u00e9rieures.","og_url":"https:\/\/ypc-conseil.fr\/en\/missions-types\/","og_site_name":"Your Project Consult","article_modified_time":"2026-03-10T12:49:57+00:00","twitter_card":"summary_large_image","schema":{"@context":"https:\/\/schema.org","@graph":[{"@type":"WebPage","@id":"https:\/\/ypc-conseil.fr\/missions-types\/","url":"https:\/\/ypc-conseil.fr\/missions-types\/","name":"Exp\u00e9riences et Missions Types | Herv\u00e9 Lienhardt - YPC","isPartOf":{"@id":"https:\/\/ypc-conseil.fr\/#website"},"datePublished":"2025-12-15T16:03:33+00:00","dateModified":"2026-03-10T12:49:57+00:00","description":"D\u00e9couvrez les expertises d'Herv\u00e9 Lienhardt \u00e0 travers des exemples concrets : optimisation logistique, am\u00e9lioration de performance industrielle, pilotage de projets d'infrastructure et gestion de crise r\u00e9alis\u00e9s lors de ses fonctions ant\u00e9rieures.","breadcrumb":{"@id":"https:\/\/ypc-conseil.fr\/missions-types\/#breadcrumb"},"inLanguage":"en-GB","potentialAction":[{"@type":"ReadAction","target":["https:\/\/ypc-conseil.fr\/missions-types\/"]}]},{"@type":"BreadcrumbList","@id":"https:\/\/ypc-conseil.fr\/missions-types\/#breadcrumb","itemListElement":[{"@type":"ListItem","position":1,"name":"Accueil","item":"https:\/\/ypc-conseil.fr\/"},{"@type":"ListItem","position":2,"name":"missions types"}]},{"@type":"WebSite","@id":"https:\/\/ypc-conseil.fr\/#website","url":"https:\/\/ypc-conseil.fr\/","name":"Your Project Consult","description":"Strategic and Operational Excellence Advisory","publisher":{"@id":"https:\/\/ypc-conseil.fr\/#organization"},"potentialAction":[{"@type":"SearchAction","target":{"@type":"EntryPoint","urlTemplate":"https:\/\/ypc-conseil.fr\/?s={search_term_string}"},"query-input":{"@type":"PropertyValueSpecification","valueRequired":true,"valueName":"search_term_string"}}],"inLanguage":"en-GB"},{"@type":"Organization","@id":"https:\/\/ypc-conseil.fr\/#organization","name":"Your Project Consult","url":"https:\/\/ypc-conseil.fr\/","logo":{"@type":"ImageObject","inLanguage":"en-GB","@id":"https:\/\/ypc-conseil.fr\/#\/schema\/logo\/image\/","url":"https:\/\/ypc-conseil.fr\/wp-content\/uploads\/2026\/03\/YPC-Logo.png","contentUrl":"https:\/\/ypc-conseil.fr\/wp-content\/uploads\/2026\/03\/YPC-Logo.png","width":293,"height":210,"caption":"Your Project Consult"},"image":{"@id":"https:\/\/ypc-conseil.fr\/#\/schema\/logo\/image\/"},"sameAs":["https:\/\/www.linkedin.com\/company\/your-project-consult-ypc-conseil\/"]}]}},"_hostinger_reach_plugin_has_subscription_block":false,"_hostinger_reach_plugin_is_elementor":false,"_links":{"self":[{"href":"https:\/\/ypc-conseil.fr\/en\/wp-json\/wp\/v2\/pages\/22120","targetHints":{"allow":["GET"]}}],"collection":[{"href":"https:\/\/ypc-conseil.fr\/en\/wp-json\/wp\/v2\/pages"}],"about":[{"href":"https:\/\/ypc-conseil.fr\/en\/wp-json\/wp\/v2\/types\/page"}],"author":[{"embeddable":true,"href":"https:\/\/ypc-conseil.fr\/en\/wp-json\/wp\/v2\/users\/1"}],"replies":[{"embeddable":true,"href":"https:\/\/ypc-conseil.fr\/en\/wp-json\/wp\/v2\/comments?post=22120"}],"version-history":[{"count":44,"href":"https:\/\/ypc-conseil.fr\/en\/wp-json\/wp\/v2\/pages\/22120\/revisions"}],"predecessor-version":[{"id":238234,"href":"https:\/\/ypc-conseil.fr\/en\/wp-json\/wp\/v2\/pages\/22120\/revisions\/238234"}],"wp:attachment":[{"href":"https:\/\/ypc-conseil.fr\/en\/wp-json\/wp\/v2\/media?parent=22120"}],"curies":[{"name":"wp","href":"https:\/\/api.w.org\/{rel}","templated":true}]}}