{"id":21766,"date":"2025-12-01T17:40:13","date_gmt":"2025-12-01T16:40:13","guid":{"rendered":"https:\/\/ypc-conseil.fr\/?page_id=21766"},"modified":"2026-03-10T13:46:43","modified_gmt":"2026-03-10T12:46:43","slug":"performance-diagnostic","status":"publish","type":"page","link":"https:\/\/ypc-conseil.fr\/en\/expertises\/performance-diagnostic\/","title":{"rendered":"Performance et diagnostic op\u00e9rationnel"},"content":{"rendered":"<div class=\"et_pb_section_0 et_pb_section et_section_regular et_block_section\">\n<div class=\"et_pb_row_0 et_pb_row et_block_row\">\n<div class=\"et_pb_column_0 et_pb_column et_pb_column_4_4 et-last-child et_block_column et_pb_css_mix_blend_mode_passthrough\">\n<div class=\"et_pb_text_0 et_pb_text et_pb_bg_layout_light et_animated et_pb_module et_block_module\"><div class=\"et_pb_text_inner\"><h1>Operational Performance Consulting &amp; Assessment <span style=\"color: #1e40af;\">.<\/span><\/h1>\n<\/div><\/div>\n<\/div>\n<\/div>\n<\/div>\n\n<div class=\"et_pb_section_1 et_pb_section et_section_regular et_block_section\">\n<div class=\"et_pb_row_1 et_pb_row et_block_row\">\n<div class=\"et_pb_column_1 et_pb_column et_pb_column_4_4 et-last-child et_block_column et_pb_css_mix_blend_mode_passthrough\">\n<div class=\"et_pb_text_1 et_pb_text et_pb_bg_layout_light et_animated et_pb_module et_block_module\"><div class=\"et_pb_text_inner\"><p>Your Project Consult<\/p>\n<\/div><\/div>\n\n<div class=\"et_pb_text_2 et_pb_text et_pb_bg_layout_light et_animated et_pb_module et_block_module\"><div class=\"et_pb_text_inner\"><h2>Optimize Your Performance &amp; Transform Your Processes<span style=\"color: #1e40af;\">.<\/span><\/h2>\n<\/div><\/div>\n<\/div>\n<\/div>\n\n<div class=\"et_pb_row_2 et_pb_row et_block_row et_animated\">\n<div class=\"et_pb_column_2 et_pb_column et_pb_column_2_3 et_block_column et_pb_css_mix_blend_mode_passthrough\">\n<div class=\"et_pb_text_3 et_pb_text et_pb_bg_layout_light et_pb_module et_block_module\"><div class=\"et_pb_text_inner\"><p><strong>Working closely with your teams and through an active listening approach, we identify performance improvement levers and propose tailored, operational solutions to optimize your results and sustainably improve your internal processes.<\/strong><\/p>\n<\/div><\/div>\n\n<div class=\"et_pb_text_4 et_pb_text et_pb_bg_layout_light et_pb_module et_block_module\"><div class=\"et_pb_text_inner\"><h2>Our Approach<\/h2>\n<\/div><\/div>\n\n<div class=\"et_pb_text_5 et_pb_text et_pb_bg_layout_light et_pb_module et_block_module\"><div class=\"et_pb_text_inner\"><p>Your Project Consult conducts an <strong>in-depth assessment<\/strong> of your organization to identify priority improvement areas. Our methodology combines process analysis, performance evaluation and organizational diagnosis. We then develop <strong>a pragmatic action plan<\/strong> tailored to your context and support you through its implementation to deliver concrete, measurable results.<\/p>\n<\/div><\/div>\n\n<div class=\"et_pb_text_6 et_pb_text et_pb_bg_layout_light et_pb_module et_block_module\"><div class=\"et_pb_text_inner\"><h2>Our Methodology<\/h2>\n<\/div><\/div>\n\n<div class=\"et_pb_text_7 et_pb_text et_pb_bg_layout_light et_pb_module et_block_module\"><div class=\"et_pb_text_inner\"><ul>\n<li style=\"list-style-type: none;\">\n<ul>\n<li><strong>Operational Audit &amp; Assessment<\/strong><br \/>\nIn-depth analysis of your current processes, organization and performance.<\/li>\n<li><strong>Identifying Improvement Levers<\/strong><br \/>\nIdentifying bottlenecks and optimization opportunities.<\/li>\n<li><strong>Action Plan &amp; Operational Solutions<\/strong><br \/>\nDeveloping concrete, prioritized recommendations.<\/li>\n<li><strong>Implementation Support<\/strong><br \/>\nMonitoring the transformation and measuring results.<\/li>\n<\/ul>\n<\/li>\n<\/ul>\n<\/div><\/div>\n\n<div class=\"et_pb_text_8 et_pb_text et_pb_bg_layout_light et_pb_module et_block_module\"><div class=\"et_pb_text_inner\"><h2>Your Success is Our Goal<\/h2>\n<\/div><\/div>\n\n<div class=\"et_pb_text_9 et_pb_text et_pb_bg_layout_light et_pb_module et_block_module\"><div class=\"et_pb_text_inner\"><p>From small businesses to large corporations, we adapt our approach to your context to deliver pragmatic,<strong>operational performance improvement<\/strong> solutions that generate lasting value.<\/p>\n<\/div><\/div>\n<\/div>\n\n<div class=\"et_pb_column_3 et_pb_column et_pb_column_1_3 et-last-child et_block_column et_pb_css_mix_blend_mode_passthrough\">\n<div class=\"et_pb_text_10 et_pb_text et_pb_bg_layout_light et_pb_module et_block_module\"><div class=\"et_pb_text_inner\"><p>OPTIMIZE YOUR PERFORMANCE<\/p>\n<\/div><\/div>\n\n<div class=\"et_pb_text_11 et_pb_text et_pb_bg_layout_light et_pb_module et_block_module\"><div class=\"et_pb_text_inner\"><h2>Schedule a Free Assessment to Identify Your Growth Levers <span style=\"color: #1e40af;\">.<\/span><\/h2>\n<\/div><\/div>\n\n<div class=\"et_pb_contact_form_0 et_pb_contact_form_container clearfix et_pb_module et_flex_module\" data-form_unique_num=\"0\" data-form_unique_id=\"7067d836e5cc6b8d0df5f1ee01accc26\" id=\"et_pb_contact_form_7067d836e5cc6b8d0df5f1ee01accc26\"><div class=\"et-pb-contact-message\"><\/div><div class=\"et_pb_contact\"><form class=\"et_pb_contact_form et_flex_module\" method=\"post\" action=\"https:\/\/ypc-conseil.fr\/en\/wp-json\/wp\/v2\/pages\/21766\" data-trp-original-action=\"https:\/\/ypc-conseil.fr\/en\/wp-json\/wp\/v2\/pages\/21766\">\n<div class=\"et_pb_contact_field_0 et_pb_contact_field et_pb_module et_flex_module et_flex_column_24_24 et_flex_column_24_24_tablet et_flex_column_24_24_phone et_flex_column_24_24_phoneWide et_flex_column_24_24_tabletWide et_flex_column_24_24_widescreen et_flex_column_24_24_ultraWide\" data-id=\"name\" data-type=\"input\"><label class=\"et_pb_contact_form_label\" for=\"et_pb_contact_0_name_0\">Name<\/label><input type=\"text\" name=\"et_pb_contact_0_name_0\" id=\"et_pb_contact_0_name_0\" class=\"input\" data-required_mark=\"required\" data-field_type=\"input\" data-original_id=\"name\" placeholder=\"Name\" title=\"\" value=\"\" \/><\/div>\n\n<div class=\"et_pb_contact_field_1 et_pb_contact_field et_pb_module et_flex_module et_flex_column_24_24 et_flex_column_24_24_tablet et_flex_column_24_24_phone et_flex_column_24_24_phoneWide et_flex_column_24_24_tabletWide et_flex_column_24_24_widescreen et_flex_column_24_24_ultraWide\" data-id=\"email\" data-type=\"email\"><label class=\"et_pb_contact_form_label\" for=\"et_pb_contact_0_email_1\">Email Address<\/label><input type=\"text\" name=\"et_pb_contact_0_email_1\" id=\"et_pb_contact_0_email_1\" class=\"input\" data-required_mark=\"required\" data-field_type=\"email\" data-original_id=\"email\" placeholder=\"Email Address\" title=\"\" value=\"\" \/><\/div>\n\n<div class=\"et_pb_contact_field_2 et_pb_contact_field et_pb_module et_flex_module et_flex_column_24_24 et_flex_column_24_24_tablet et_flex_column_24_24_phone et_flex_column_24_24_phoneWide et_flex_column_24_24_tabletWide et_flex_column_24_24_widescreen et_flex_column_24_24_ultraWide\" data-id=\"message\" data-type=\"text\"><label class=\"et_pb_contact_form_label\" for=\"et_pb_contact_0_message_2\">Message<\/label><textarea name=\"et_pb_contact_0_message_2\" id=\"et_pb_contact_0_message_2\" class=\"et_pb_contact_message input\" data-required_mark=\"required\" data-field_type=\"text\" data-original_id=\"message\" placeholder=\"Message\"><\/textarea><\/div>\n<input type=\"hidden\" name=\"et_pb_contactform_submit_7067d836e5cc6b8d0df5f1ee01accc26\" value=\"et_contact_proccess\" \/><div class=\"et_contact_bottom_container\"><div class=\"et_pb_contact_right et_pb_contact_field\"><p class=\"clearfix\"><span class=\"et_pb_contact_captcha_question\">12 + 12<\/span> = <input type=\"text\" size=\"2\" class=\"input et_pb_contact_captcha\" data-first_digit=\"12\" data-second_digit=\"12\" data-required_mark=\"required\" name=\"et_pb_contact_captcha_7067d836e5cc6b8d0df5f1ee01accc26\" autocomplete=\"off\" \/><\/p><\/div><div class=\"et_pb_button_wrapper\"><button type=\"submit\" name=\"et_builder_submit_button\" class=\"et_pb_button et_pb_contact_submit\">Send<\/button><\/div><\/div><input type=\"hidden\" id=\"_wpnonce-et-pb-contact-form-submitted-7067d836e5cc6b8d0df5f1ee01accc26\" name=\"_wpnonce-et-pb-contact-form-submitted-7067d836e5cc6b8d0df5f1ee01accc26\" value=\"751fd03f73\" \/><input type=\"hidden\" name=\"_wp_http_referer\" value=\"\/en\/wp-json\/wp\/v2\/pages\/21766\" \/><input type=\"hidden\" name=\"trp-form-language\" value=\"en\"\/><\/form><\/div><\/div>\n<\/div>\n<\/div>\n<\/div>\n\n<div class=\"et_pb_section_2 et_pb_section et_section_regular et_block_section et_animated\">\n<div class=\"et_pb_row_3 et_pb_row et_pb_equal_columns et_block_row swap-column-mobile-tablet review-middle\">\n<div class=\"et_pb_column_4 et_pb_column et_pb_column_2_5 et_block_column et_pb_css_mix_blend_mode_passthrough review-middle-column-image\">\n<div class=\"et_pb_image_0 et_pb_image et_pb_image_sticky et_animated et_pb_module et_block_module\"><span class=\"et_pb_image_wrap\"><img loading=\"lazy\" decoding=\"async\" src=\"http:\/\/ypc-conseil.fr\/wp-content\/uploads\/2026\/01\/resultats-concrets-ypc-conseil-temoignages.png\" alt=\"R\u00e9sultats concrets et t\u00e9moignages clients YPC Conseil\" title=\"R\u00e9sultats concrets et t\u00e9moignages clients YPC Conseil\" width=\"610\" height=\"520\" srcset=\"http:\/\/ypc-conseil.fr\/wp-content\/uploads\/2026\/01\/resultats-concrets-ypc-conseil-temoignages.png 610w, http:\/\/ypc-conseil.fr\/wp-content\/uploads\/2026\/01\/resultats-concrets-ypc-conseil-temoignages-480x409.png 480w\" sizes=\"(min-width: 0px) and (max-width: 480px) 480px, (min-width: 481px) 610px, 100vw\" class=\"wp-image-224563\" \/><\/span><\/div>\n<\/div>\n\n<div class=\"et_pb_column_5 et_pb_column et_pb_column_3_5 et-last-child et_block_column et_pb_css_mix_blend_mode_passthrough\">\n<div class=\"et_pb_text_12 et_pb_text et_pb_bg_layout_light et_pb_module et_block_module\"><div class=\"et_pb_text_inner\"><h2>Ready to Optimize Your Performance?<\/h2>\n<\/div><\/div>\n\n<div class=\"et_pb_text_13 et_pb_text et_pb_bg_layout_light et_pb_module et_block_module\"><div class=\"et_pb_text_inner\"><p><span>Let's discuss your challenges in a free first meeting.<\/span><\/p>\n<\/div><\/div>\n\n<div class=\"et_pb_module et_pb_button_module_wrapper et_pb_button_0_wrapper\"><a class=\"et_pb_button_0 et_pb_button et_pb_bg_layout_light et_pb_module et_block_module\" href=\"https:\/\/calendly.com\/contact-ypc-conseil\/30min\" target=\"_blank\">Book a Meeting<\/a><\/div>\n<\/div>\n<\/div>\n<\/div>\n\n<div class=\"et_pb_section_3 et_pb_section et_section_regular et_block_section\">\n<div class=\"et_pb_row_4 et_pb_row et_pb_row_4col et_block_row et_block_row_4col baniereexpertise\">\n<div class=\"et_pb_column_6 et_pb_column et_pb_column_1_4 et_block_column et_pb_css_mix_blend_mode_passthrough et_animated\">\n<div class=\"et_pb_text_14 et_pb_text et_pb_bg_layout_light et_pb_module et_block_module\"><div class=\"et_pb_text_inner\"><p>30+<\/p>\n<\/div><\/div>\n\n<div class=\"et_pb_text_15 et_pb_text et_pb_bg_layout_light et_pb_module et_block_module\"><div class=\"et_pb_text_inner\"><p>Years of Expertise<\/p>\n<\/div><\/div>\n\n<div class=\"et_pb_text_16 et_pb_text et_pb_bg_layout_light et_pb_module et_block_module\"><div class=\"et_pb_text_inner\"><p>In business consulting and project management across France and Asia.<\/p>\n<p>.<\/p>\n<\/div><\/div>\n<\/div>\n\n<div class=\"et_pb_column_7 et_pb_column et_pb_column_1_4 et_block_column et_pb_css_mix_blend_mode_passthrough et_animated\">\n<div class=\"et_pb_text_17 et_pb_text et_pb_bg_layout_light et_pb_module et_block_module\"><div class=\"et_pb_text_inner\"><p>3<\/p>\n<\/div><\/div>\n\n<div class=\"et_pb_text_18 et_pb_text et_pb_bg_layout_light et_pb_module et_block_module\"><div class=\"et_pb_text_inner\"><p>Core Areas of Expertise<\/p>\n<\/div><\/div>\n\n<div class=\"et_pb_text_19 et_pb_text et_pb_bg_layout_light et_pb_module et_block_module\"><div class=\"et_pb_text_inner\"><p>Performance, Infrastructure, Crisis Management.<\/p>\n<\/div><\/div>\n<\/div>\n\n<div class=\"et_pb_column_8 et_pb_column et_pb_column_1_4 et_block_column et_pb_css_mix_blend_mode_passthrough et_animated\">\n<div class=\"et_pb_text_20 et_pb_text et_pb_bg_layout_light et_pb_module et_block_module\"><div class=\"et_pb_text_inner\"><p>100%<\/p>\n<\/div><\/div>\n\n<div class=\"et_pb_text_21 et_pb_text et_pb_bg_layout_light et_pb_module et_block_module\"><div class=\"et_pb_text_inner\"><p>Tailored Solutions<\/p>\n<\/div><\/div>\n\n<div class=\"et_pb_text_22 et_pb_text et_pb_bg_layout_light et_pb_module et_block_module\"><div class=\"et_pb_text_inner\"><p>Co-built with your teams to ensure success.<\/p>\n<\/div><\/div>\n<\/div>\n\n<div class=\"et_pb_column_9 et_pb_column et_pb_column_1_4 et-last-child et_block_column et_pb_css_mix_blend_mode_passthrough et_animated\">\n<div class=\"et_pb_text_23 et_pb_text et_pb_bg_layout_light et_pb_module et_block_module\"><div class=\"et_pb_text_inner\"><p>48h<\/p>\n<\/div><\/div>\n\n<div class=\"et_pb_text_24 et_pb_text et_pb_bg_layout_light et_pb_module et_block_module\"><div class=\"et_pb_text_inner\"><p>Response Time<\/p>\n<\/div><\/div>\n\n<div class=\"et_pb_text_25 et_pb_text et_pb_bg_layout_light et_pb_module et_block_module\"><div class=\"et_pb_text_inner\"><p>Guaranteed responsiveness and availability.<\/p>\n<\/div><\/div>\n<\/div>\n<\/div>\n<\/div>\n\n<div class=\"et_pb_section_4 et_pb_section et_section_regular et_block_section et_clickable\">\n<div class=\"et_pb_row_5 et_pb_row et_block_row et_animated above-footer-cta-row\">\n<div class=\"et_pb_column_10 et_pb_column et_pb_column_2_3 et_block_column et_pb_css_mix_blend_mode_passthrough\">\n<div class=\"et_pb_text_26 et_pb_text et_pb_bg_layout_light et_pb_module et_block_module h2-big\"><div class=\"et_pb_text_inner\"><h2>Need a Tailored Assessment <span style=\"color: #1e40af;\">?<\/span><\/h2>\n<\/div><\/div>\n\n<div class=\"et_pb_text_27 et_pb_text et_pb_bg_layout_light et_pb_module et_block_module\"><div class=\"et_pb_text_inner\"><p>From small businesses to large corporations, we adapt our approach to your context to deliver pragmatic, operational performance improvement solutions that generate lasting value.<\/p>\n<\/div><\/div>\n<\/div>\n\n<div class=\"et_pb_column_11 et_pb_column et_pb_column_1_3 et-last-child et_block_column et_pb_css_mix_blend_mode_passthrough above-footer-cta-button-column\">\n<div class=\"et_pb_module et_pb_button_module_wrapper et_pb_button_1_wrapper\"><a class=\"et_pb_button_1 et_pb_button et_pb_bg_layout_light et_pb_module et_block_module\" href=\"https:\/\/calendly.com\/contact-ypc-conseil\/30min\" target=\"_blank\">Let's Talk<\/a><\/div>\n\n<div class=\"et_pb_image_1 et_pb_image et_animated et_pb_module et_block_module\"><span class=\"et_pb_image_wrap\"><img loading=\"lazy\" decoding=\"async\" src=\"http:\/\/ypc-conseil.fr\/wp-content\/uploads\/2025\/11\/profit.png\" width=\"249\" height=\"247\" srcset=\"https:\/\/ypc-conseil.fr\/wp-content\/uploads\/2025\/11\/profit.png 249w, https:\/\/ypc-conseil.fr\/wp-content\/uploads\/2025\/11\/profit-150x150.png 150w\" sizes=\"(max-width: 249px) 100vw, 249px\" class=\"wp-image-21592\" title=\"profit\" \/><\/span><\/div>\n<\/div>\n<\/div>\n<\/div>","protected":false},"excerpt":{"rendered":"","protected":false},"author":1,"featured_media":0,"parent":21748,"menu_order":0,"comment_status":"closed","ping_status":"closed","template":"","meta":{"_acf_changed":false,"footnotes":""},"class_list":["post-21766","page","type-page","status-publish","hentry"],"acf":[],"yoast_head":"<!-- This site is optimized with the Yoast SEO plugin v27.3 - https:\/\/yoast.com\/product\/yoast-seo-wordpress\/ -->\n<title>Performance Op\u00e9rationnelle | YPC Conseil - Diagnostic &amp; Solutions<\/title>\n<meta name=\"description\" content=\"Optimisez vos performances avec YPC Conseil. Diagnostic approfondi de vos processus, identification des leviers d&#039;am\u00e9lioration et solutions op\u00e9rationnelles adapt\u00e9es. R\u00e9sultats mesurables garantis.\" \/>\n<meta name=\"robots\" content=\"index, follow, max-snippet:-1, max-image-preview:large, max-video-preview:-1\" \/>\n<link rel=\"canonical\" href=\"https:\/\/ypc-conseil.fr\/en\/expertises\/performance-diagnostic\/\" \/>\n<meta property=\"og:locale\" content=\"en_GB\" \/>\n<meta property=\"og:type\" content=\"article\" \/>\n<meta property=\"og:title\" content=\"Performance Op\u00e9rationnelle | YPC Conseil - Diagnostic &amp; Solutions\" \/>\n<meta property=\"og:description\" content=\"Optimisez vos performances avec YPC Conseil. Diagnostic approfondi de vos processus, identification des leviers d&#039;am\u00e9lioration et solutions op\u00e9rationnelles adapt\u00e9es. R\u00e9sultats mesurables garantis.\" \/>\n<meta property=\"og:url\" content=\"https:\/\/ypc-conseil.fr\/en\/expertises\/performance-diagnostic\/\" \/>\n<meta property=\"og:site_name\" content=\"Your Project Consult\" \/>\n<meta property=\"article:modified_time\" content=\"2026-03-10T12:46:43+00:00\" \/>\n<meta name=\"twitter:card\" content=\"summary_large_image\" \/>\n<script type=\"application\/ld+json\" class=\"yoast-schema-graph\">{\"@context\":\"https:\\\/\\\/schema.org\",\"@graph\":[{\"@type\":\"WebPage\",\"@id\":\"https:\\\/\\\/ypc-conseil.fr\\\/expertises\\\/performance-diagnostic\\\/\",\"url\":\"https:\\\/\\\/ypc-conseil.fr\\\/expertises\\\/performance-diagnostic\\\/\",\"name\":\"Performance Op\u00e9rationnelle | YPC Conseil - Diagnostic & Solutions\",\"isPartOf\":{\"@id\":\"https:\\\/\\\/ypc-conseil.fr\\\/#website\"},\"datePublished\":\"2025-12-01T16:40:13+00:00\",\"dateModified\":\"2026-03-10T12:46:43+00:00\",\"description\":\"Optimisez vos performances avec YPC Conseil. Diagnostic approfondi de vos processus, identification des leviers d'am\u00e9lioration et solutions op\u00e9rationnelles adapt\u00e9es. R\u00e9sultats mesurables garantis.\",\"breadcrumb\":{\"@id\":\"https:\\\/\\\/ypc-conseil.fr\\\/expertises\\\/performance-diagnostic\\\/#breadcrumb\"},\"inLanguage\":\"en-GB\",\"potentialAction\":[{\"@type\":\"ReadAction\",\"target\":[\"https:\\\/\\\/ypc-conseil.fr\\\/expertises\\\/performance-diagnostic\\\/\"]}]},{\"@type\":\"BreadcrumbList\",\"@id\":\"https:\\\/\\\/ypc-conseil.fr\\\/expertises\\\/performance-diagnostic\\\/#breadcrumb\",\"itemListElement\":[{\"@type\":\"ListItem\",\"position\":1,\"name\":\"Accueil\",\"item\":\"https:\\\/\\\/ypc-conseil.fr\\\/\"},{\"@type\":\"ListItem\",\"position\":2,\"name\":\"Expertises\",\"item\":\"https:\\\/\\\/ypc-conseil.fr\\\/expertises\\\/\"},{\"@type\":\"ListItem\",\"position\":3,\"name\":\"Performance et diagnostic op\u00e9rationnel\"}]},{\"@type\":\"WebSite\",\"@id\":\"https:\\\/\\\/ypc-conseil.fr\\\/#website\",\"url\":\"https:\\\/\\\/ypc-conseil.fr\\\/\",\"name\":\"Your Project Consult\",\"description\":\"Conseil en strat\u00e9gie et excellence op\u00e9rationnelle\",\"publisher\":{\"@id\":\"https:\\\/\\\/ypc-conseil.fr\\\/#organization\"},\"potentialAction\":[{\"@type\":\"SearchAction\",\"target\":{\"@type\":\"EntryPoint\",\"urlTemplate\":\"https:\\\/\\\/ypc-conseil.fr\\\/?s={search_term_string}\"},\"query-input\":{\"@type\":\"PropertyValueSpecification\",\"valueRequired\":true,\"valueName\":\"search_term_string\"}}],\"inLanguage\":\"en-GB\"},{\"@type\":\"Organization\",\"@id\":\"https:\\\/\\\/ypc-conseil.fr\\\/#organization\",\"name\":\"Your Project Consult\",\"url\":\"https:\\\/\\\/ypc-conseil.fr\\\/\",\"logo\":{\"@type\":\"ImageObject\",\"inLanguage\":\"en-GB\",\"@id\":\"https:\\\/\\\/ypc-conseil.fr\\\/#\\\/schema\\\/logo\\\/image\\\/\",\"url\":\"https:\\\/\\\/ypc-conseil.fr\\\/wp-content\\\/uploads\\\/2026\\\/03\\\/YPC-Logo.png\",\"contentUrl\":\"https:\\\/\\\/ypc-conseil.fr\\\/wp-content\\\/uploads\\\/2026\\\/03\\\/YPC-Logo.png\",\"width\":293,\"height\":210,\"caption\":\"Your Project Consult\"},\"image\":{\"@id\":\"https:\\\/\\\/ypc-conseil.fr\\\/#\\\/schema\\\/logo\\\/image\\\/\"},\"sameAs\":[\"https:\\\/\\\/www.linkedin.com\\\/company\\\/your-project-consult-ypc-conseil\\\/\"]}]}<\/script>\n<!-- \/ Yoast SEO plugin. -->","yoast_head_json":{"title":"Performance Op\u00e9rationnelle | YPC Conseil - Diagnostic & Solutions","description":"Optimisez vos performances avec YPC Conseil. Diagnostic approfondi de vos processus, identification des leviers d'am\u00e9lioration et solutions op\u00e9rationnelles adapt\u00e9es. R\u00e9sultats mesurables garantis.","robots":{"index":"index","follow":"follow","max-snippet":"max-snippet:-1","max-image-preview":"max-image-preview:large","max-video-preview":"max-video-preview:-1"},"canonical":"https:\/\/ypc-conseil.fr\/en\/expertises\/performance-diagnostic\/","og_locale":"en_GB","og_type":"article","og_title":"Performance Op\u00e9rationnelle | YPC Conseil - Diagnostic & Solutions","og_description":"Optimisez vos performances avec YPC Conseil. Diagnostic approfondi de vos processus, identification des leviers d'am\u00e9lioration et solutions op\u00e9rationnelles adapt\u00e9es. R\u00e9sultats mesurables garantis.","og_url":"https:\/\/ypc-conseil.fr\/en\/expertises\/performance-diagnostic\/","og_site_name":"Your Project Consult","article_modified_time":"2026-03-10T12:46:43+00:00","twitter_card":"summary_large_image","schema":{"@context":"https:\/\/schema.org","@graph":[{"@type":"WebPage","@id":"https:\/\/ypc-conseil.fr\/expertises\/performance-diagnostic\/","url":"https:\/\/ypc-conseil.fr\/expertises\/performance-diagnostic\/","name":"Performance Op\u00e9rationnelle | YPC Conseil - Diagnostic & Solutions","isPartOf":{"@id":"https:\/\/ypc-conseil.fr\/#website"},"datePublished":"2025-12-01T16:40:13+00:00","dateModified":"2026-03-10T12:46:43+00:00","description":"Optimisez vos performances avec YPC Conseil. Diagnostic approfondi de vos processus, identification des leviers d'am\u00e9lioration et solutions op\u00e9rationnelles adapt\u00e9es. R\u00e9sultats mesurables garantis.","breadcrumb":{"@id":"https:\/\/ypc-conseil.fr\/expertises\/performance-diagnostic\/#breadcrumb"},"inLanguage":"en-GB","potentialAction":[{"@type":"ReadAction","target":["https:\/\/ypc-conseil.fr\/expertises\/performance-diagnostic\/"]}]},{"@type":"BreadcrumbList","@id":"https:\/\/ypc-conseil.fr\/expertises\/performance-diagnostic\/#breadcrumb","itemListElement":[{"@type":"ListItem","position":1,"name":"Accueil","item":"https:\/\/ypc-conseil.fr\/"},{"@type":"ListItem","position":2,"name":"Expertises","item":"https:\/\/ypc-conseil.fr\/expertises\/"},{"@type":"ListItem","position":3,"name":"Performance et diagnostic op\u00e9rationnel"}]},{"@type":"WebSite","@id":"https:\/\/ypc-conseil.fr\/#website","url":"https:\/\/ypc-conseil.fr\/","name":"Your Project Consult","description":"Strategic and Operational Excellence Advisory","publisher":{"@id":"https:\/\/ypc-conseil.fr\/#organization"},"potentialAction":[{"@type":"SearchAction","target":{"@type":"EntryPoint","urlTemplate":"https:\/\/ypc-conseil.fr\/?s={search_term_string}"},"query-input":{"@type":"PropertyValueSpecification","valueRequired":true,"valueName":"search_term_string"}}],"inLanguage":"en-GB"},{"@type":"Organization","@id":"https:\/\/ypc-conseil.fr\/#organization","name":"Your Project Consult","url":"https:\/\/ypc-conseil.fr\/","logo":{"@type":"ImageObject","inLanguage":"en-GB","@id":"https:\/\/ypc-conseil.fr\/#\/schema\/logo\/image\/","url":"https:\/\/ypc-conseil.fr\/wp-content\/uploads\/2026\/03\/YPC-Logo.png","contentUrl":"https:\/\/ypc-conseil.fr\/wp-content\/uploads\/2026\/03\/YPC-Logo.png","width":293,"height":210,"caption":"Your Project Consult"},"image":{"@id":"https:\/\/ypc-conseil.fr\/#\/schema\/logo\/image\/"},"sameAs":["https:\/\/www.linkedin.com\/company\/your-project-consult-ypc-conseil\/"]}]}},"_hostinger_reach_plugin_has_subscription_block":false,"_hostinger_reach_plugin_is_elementor":false,"_links":{"self":[{"href":"https:\/\/ypc-conseil.fr\/en\/wp-json\/wp\/v2\/pages\/21766","targetHints":{"allow":["GET"]}}],"collection":[{"href":"https:\/\/ypc-conseil.fr\/en\/wp-json\/wp\/v2\/pages"}],"about":[{"href":"https:\/\/ypc-conseil.fr\/en\/wp-json\/wp\/v2\/types\/page"}],"author":[{"embeddable":true,"href":"https:\/\/ypc-conseil.fr\/en\/wp-json\/wp\/v2\/users\/1"}],"replies":[{"embeddable":true,"href":"https:\/\/ypc-conseil.fr\/en\/wp-json\/wp\/v2\/comments?post=21766"}],"version-history":[{"count":35,"href":"https:\/\/ypc-conseil.fr\/en\/wp-json\/wp\/v2\/pages\/21766\/revisions"}],"predecessor-version":[{"id":238228,"href":"https:\/\/ypc-conseil.fr\/en\/wp-json\/wp\/v2\/pages\/21766\/revisions\/238228"}],"up":[{"embeddable":true,"href":"https:\/\/ypc-conseil.fr\/en\/wp-json\/wp\/v2\/pages\/21748"}],"wp:attachment":[{"href":"https:\/\/ypc-conseil.fr\/en\/wp-json\/wp\/v2\/media?parent=21766"}],"curies":[{"name":"wp","href":"https:\/\/api.w.org\/{rel}","templated":true}]}}