{"id":21748,"date":"2025-12-01T12:20:24","date_gmt":"2025-12-01T11:20:24","guid":{"rendered":"https:\/\/ypc-conseil.fr\/?page_id=21748"},"modified":"2026-03-10T13:45:59","modified_gmt":"2026-03-10T12:45:59","slug":"expertises","status":"publish","type":"page","link":"https:\/\/ypc-conseil.fr\/en\/expertises\/","title":{"rendered":"Expertise"},"content":{"rendered":"<div class=\"et_pb_section_0 et_pb_section et_section_regular et_block_section\">\n<div class=\"et_pb_row_0 et_pb_row et_block_row\">\n<div class=\"et_pb_column_0 et_pb_column et_pb_column_4_4 et-last-child et_block_column et_pb_css_mix_blend_mode_passthrough\">\n<div class=\"et_pb_text_0 et_pb_text et_pb_bg_layout_light et_animated et_pb_module et_block_module\"><div class=\"et_pb_text_inner\"><h1>Expertise<span style=\"color: #1e40af;\">.<\/span><\/h1>\n<\/div><\/div>\n<\/div>\n<\/div>\n<\/div>\n\n<div class=\"et_pb_section_1 et_pb_section et_section_regular et_block_section\">\n<div class=\"et_pb_row_1 et_pb_row et_block_row et_animated custom-row-95\">\n<div class=\"et_pb_column_1 et_pb_column et_pb_column_3_5 et_block_column et_pb_css_mix_blend_mode_passthrough\">\n<div class=\"et_pb_text_1 et_pb_text et_pb_bg_layout_light et_animated et_pb_module et_block_module\"><div class=\"et_pb_text_inner\"><p>Your Project Consult<\/p>\n<\/div><\/div>\n\n<div class=\"et_pb_text_2 et_pb_text et_pb_bg_layout_light et_animated et_pb_module et_block_module\"><div class=\"et_pb_text_inner\"><h2><span>Performance &amp; Internal Process Improvement <\/span><span><\/span><span style=\"color: #1e40af;\">.<\/span><\/h2>\n<\/div><\/div>\n\n<div class=\"et_pb_text_3 et_pb_text et_pb_bg_layout_light et_pb_module et_block_module\"><div class=\"et_pb_text_inner\"><p><span>Optimize your results through an in-depth assessment of your internal processes. Working closely with your teams, we identify improvement levers and develop concrete, operational solutions. Our pragmatic approach enables you to sustainably enhance your performance and organizational efficiency. Actionable recommendations for measurable and lasting results.<\/span><\/p>\n<\/div><\/div>\n\n<div class=\"et_pb_module et_pb_button_module_wrapper et_pb_button_0_wrapper\"><a class=\"et_pb_button_0 et_pb_button et_pb_bg_layout_light et_pb_module et_block_module\" href=\"https:\/\/ypc-conseil.fr\/en\/expertises\/performance-diagnostic\/\">Learn More<\/a><\/div>\n<\/div>\n\n<div class=\"et_pb_column_2 et_pb_column et_pb_column_2_5 et-last-child et_block_column et_pb_css_mix_blend_mode_passthrough\">\n<div class=\"et_pb_divider_0 et_pb_divider_hidden et_pb_space et_pb_divider_position_top et_animated et_pb_module\"><div class=\"et_pb_divider_internal\"><\/div><\/div>\n\n<div class=\"et_pb_divider_1 et_pb_divider_hidden et_pb_space et_pb_divider_position_top et_animated et_pb_module\"><div class=\"et_pb_divider_internal\"><\/div><\/div>\n\n<div class=\"et_pb_image_0 et_pb_image et_animated et_pb_module et_block_module\"><span class=\"et_pb_image_wrap\"><img loading=\"lazy\" decoding=\"async\" src=\"http:\/\/ypc-conseil.fr\/wp-content\/uploads\/2026\/01\/amelioration-performance-processus-internes-ypc.jpg\" alt=\"YPC Conseil travaillant sur l&#039;am\u00e9lioration de la performance et des processus internes\" title=\"YPC Conseil travaillant sur l&#039;am\u00e9lioration de la performance et des processus internes\" width=\"1280\" height=\"1920\" srcset=\"http:\/\/ypc-conseil.fr\/wp-content\/uploads\/2026\/01\/amelioration-performance-processus-internes-ypc.jpg 1280w, http:\/\/ypc-conseil.fr\/wp-content\/uploads\/2026\/01\/amelioration-performance-processus-internes-ypc-980x1470.jpg 980w, http:\/\/ypc-conseil.fr\/wp-content\/uploads\/2026\/01\/amelioration-performance-processus-internes-ypc-480x720.jpg 480w\" sizes=\"(min-width: 0px) and (max-width: 480px) 480px, (min-width: 481px) and (max-width: 980px) 980px, (min-width: 981px) 1280px, 100vw\" class=\"wp-image-224575\" \/><\/span><\/div>\n<\/div>\n<\/div>\n\n<div class=\"et_pb_row_2 et_pb_row et_block_row et_animated custom-row-95\">\n<div class=\"et_pb_column_3 et_pb_column et_pb_column_3_5 et_block_column et_pb_css_mix_blend_mode_passthrough\">\n<div class=\"et_pb_text_4 et_pb_text et_pb_bg_layout_light et_animated et_pb_module et_block_module\"><div class=\"et_pb_text_inner\"><p>Your Project Consult<\/p>\n<\/div><\/div>\n\n<div class=\"et_pb_text_5 et_pb_text et_pb_bg_layout_light et_animated et_pb_module et_block_module\"><div class=\"et_pb_text_inner\"><h2><span>Infrastructure &amp; Development Projects<\/span><span>\u00a0<\/span><span style=\"color: #1e40af;\">.<\/span><\/h2>\n<\/div><\/div>\n\n<div class=\"et_pb_text_6 et_pb_text et_pb_bg_layout_light et_pb_module et_block_module\"><div class=\"et_pb_text_inner\"><p><span>From initial strategy to operational launch, we steer your infrastructure projects end to end. Our expertise covers specifications drafting, offer production, tendering and full stakeholder coordination. We ensure rigorous oversight and secure the success of your complex projects through a proven methodology and high-performing operational management.<\/span><\/p>\n<\/div><\/div>\n\n<div class=\"et_pb_module et_pb_button_module_wrapper et_pb_button_1_wrapper\"><a class=\"et_pb_button_1 et_pb_button et_pb_bg_layout_light et_pb_module et_block_module\" href=\"https:\/\/ypc-conseil.fr\/en\/expertises\/management-de-projet-et-infrastructure\/\">Learn More<\/a><\/div>\n<\/div>\n\n<div class=\"et_pb_column_4 et_pb_column et_pb_column_2_5 et-last-child et_block_column et_pb_css_mix_blend_mode_passthrough\">\n<div class=\"et_pb_divider_2 et_pb_divider_hidden et_pb_space et_pb_divider_position_top et_animated et_pb_module\"><div class=\"et_pb_divider_internal\"><\/div><\/div>\n\n<div class=\"et_pb_divider_3 et_pb_divider_hidden et_pb_space et_pb_divider_position_top et_animated et_pb_module\"><div class=\"et_pb_divider_internal\"><\/div><\/div>\n\n<div class=\"et_pb_image_1 et_pb_image et_animated et_pb_module et_block_module\"><span class=\"et_pb_image_wrap\"><img loading=\"lazy\" decoding=\"async\" src=\"http:\/\/ypc-conseil.fr\/wp-content\/uploads\/2026\/01\/projets-infrastructure-developpement-ypc-conseil.jpg\" alt=\"Pilotage de projets d&#039;infrastructure et d\u00e9veloppement par YPC Conseil\" title=\"Pilotage de projets d&#039;infrastructure et d\u00e9veloppement par YPC Conseil\" width=\"1280\" height=\"1920\" srcset=\"http:\/\/ypc-conseil.fr\/wp-content\/uploads\/2026\/01\/projets-infrastructure-developpement-ypc-conseil.jpg 1280w, http:\/\/ypc-conseil.fr\/wp-content\/uploads\/2026\/01\/projets-infrastructure-developpement-ypc-conseil-980x1470.jpg 980w, http:\/\/ypc-conseil.fr\/wp-content\/uploads\/2026\/01\/projets-infrastructure-developpement-ypc-conseil-480x720.jpg 480w\" sizes=\"(min-width: 0px) and (max-width: 480px) 480px, (min-width: 481px) and (max-width: 980px) 980px, (min-width: 981px) 1280px, 100vw\" class=\"wp-image-224577\" \/><\/span><\/div>\n<\/div>\n<\/div>\n\n<div class=\"et_pb_row_3 et_pb_row et_block_row et_animated custom-row-95\">\n<div class=\"et_pb_column_5 et_pb_column et_pb_column_3_5 et_block_column et_pb_css_mix_blend_mode_passthrough\">\n<div class=\"et_pb_text_7 et_pb_text et_pb_bg_layout_light et_animated et_pb_module et_block_module\"><div class=\"et_pb_text_inner\"><p>Your Project Consult<\/p>\n<\/div><\/div>\n\n<div class=\"et_pb_text_8 et_pb_text et_pb_bg_layout_light et_animated et_pb_module et_block_module\"><div class=\"et_pb_text_inner\"><h2><span>Crisis Management &amp; Business Continuity <\/span><span style=\"color: #1e40af;\">.<\/span><\/h2>\n<\/div><\/div>\n\n<div class=\"et_pb_text_9 et_pb_text et_pb_bg_layout_light et_pb_module et_block_module\"><div class=\"et_pb_text_inner\"><p>When critical situations arise, we intervene rapidly to assess risks and coordinate all stakeholders. Our crisis management expertise enables you to secure operational continuity while protecting your reputation. We implement a tailored communication strategy and ensure effective operational steering to navigate the crisis and safeguard your business continuity.<\/p>\n<\/div><\/div>\n\n<div class=\"et_pb_module et_pb_button_module_wrapper et_pb_button_2_wrapper\"><a class=\"et_pb_button_2 et_pb_button et_pb_bg_layout_light et_pb_module et_block_module\" href=\"https:\/\/ypc-conseil.fr\/en\/expertises\/gestion-crise-continuite-activite\/\">Learn More<\/a><\/div>\n<\/div>\n\n<div class=\"et_pb_column_6 et_pb_column et_pb_column_2_5 et-last-child et_block_column et_pb_css_mix_blend_mode_passthrough\">\n<div class=\"et_pb_divider_4 et_pb_divider_hidden et_pb_space et_pb_divider_position_top et_animated et_pb_module\"><div class=\"et_pb_divider_internal\"><\/div><\/div>\n\n<div class=\"et_pb_divider_5 et_pb_divider_hidden et_pb_space et_pb_divider_position_top et_animated et_pb_module\"><div class=\"et_pb_divider_internal\"><\/div><\/div>\n\n<div class=\"et_pb_image_2 et_pb_image et_animated et_pb_module et_block_module\"><span class=\"et_pb_image_wrap\"><img loading=\"lazy\" decoding=\"async\" src=\"http:\/\/ypc-conseil.fr\/wp-content\/uploads\/2026\/01\/gestion-crise-continuite-activite-ypc.jpg\" alt=\"Gestion de crise et continuit\u00e9 d&#039;activit\u00e9 - Intervention rapide YPC Conseil\" title=\"Gestion de crise et continuit\u00e9 d&#039;activit\u00e9 - Intervention rapide YPC Conseil\" width=\"1280\" height=\"1920\" srcset=\"http:\/\/ypc-conseil.fr\/wp-content\/uploads\/2026\/01\/gestion-crise-continuite-activite-ypc.jpg 1280w, http:\/\/ypc-conseil.fr\/wp-content\/uploads\/2026\/01\/gestion-crise-continuite-activite-ypc-980x1470.jpg 980w, http:\/\/ypc-conseil.fr\/wp-content\/uploads\/2026\/01\/gestion-crise-continuite-activite-ypc-480x720.jpg 480w\" sizes=\"(min-width: 0px) and (max-width: 480px) 480px, (min-width: 481px) and (max-width: 980px) 980px, (min-width: 981px) 1280px, 100vw\" class=\"wp-image-224578\" \/><\/span><\/div>\n<\/div>\n<\/div>\n<\/div>\n\n<div class=\"et_pb_section_2 et_pb_section et_section_regular et_block_section et_clickable\">\n<div class=\"et_pb_row_4 et_pb_row et_block_row et_animated above-footer-cta-row\">\n<div class=\"et_pb_column_7 et_pb_column et_pb_column_2_3 et_block_column et_pb_css_mix_blend_mode_passthrough\">\n<div class=\"et_pb_text_10 et_pb_text et_pb_bg_layout_light et_pb_module et_block_module h2-big\"><div class=\"et_pb_text_inner\"><h2>Let's Talk About Your Operational Challenges<span style=\"color: #1e40af;\"> .<\/span><\/h2>\n<\/div><\/div>\n\n<div class=\"et_pb_text_11 et_pb_text et_pb_bg_layout_light et_pb_module et_block_module\"><div class=\"et_pb_text_inner\"><p>Performance and internal processes, infrastructure projects, crisis management: our complementary expertise adapts to the complexity of your projects and delivers measurable results.<\/p>\n<\/div><\/div>\n<\/div>\n\n<div class=\"et_pb_column_8 et_pb_column et_pb_column_1_3 et-last-child et_block_column et_pb_css_mix_blend_mode_passthrough above-footer-cta-button-column\">\n<div class=\"et_pb_module et_pb_button_module_wrapper et_pb_button_3_wrapper\"><a class=\"et_pb_button_3 et_pb_button et_pb_bg_layout_light et_pb_module et_block_module\" href=\"https:\/\/calendly.com\/contact-ypc-conseil\/30min\" target=\"_blank\">Book a Slot<\/a><\/div>\n\n<div class=\"et_pb_image_3 et_pb_image et_animated et_pb_module et_block_module\"><span class=\"et_pb_image_wrap\"><img loading=\"lazy\" decoding=\"async\" src=\"http:\/\/ypc-conseil.fr\/wp-content\/uploads\/2025\/11\/profit.png\" width=\"249\" height=\"247\" srcset=\"https:\/\/ypc-conseil.fr\/wp-content\/uploads\/2025\/11\/profit.png 249w, https:\/\/ypc-conseil.fr\/wp-content\/uploads\/2025\/11\/profit-150x150.png 150w\" sizes=\"(max-width: 249px) 100vw, 249px\" class=\"wp-image-21592\" title=\"profit\" \/><\/span><\/div>\n<\/div>\n<\/div>\n<\/div>","protected":false},"excerpt":{"rendered":"","protected":false},"author":1,"featured_media":0,"parent":0,"menu_order":0,"comment_status":"closed","ping_status":"closed","template":"","meta":{"_acf_changed":false,"footnotes":""},"class_list":["post-21748","page","type-page","status-publish","hentry"],"acf":[],"yoast_head":"<!-- This site is optimized with the Yoast SEO plugin v27.3 - https:\/\/yoast.com\/product\/yoast-seo-wordpress\/ -->\n<title>Expertises en strat\u00e9gie et excellence op\u00e9rationnelle | YPC Conseil<\/title>\n<meta name=\"description\" content=\"Expertises YPC Conseil : performance op\u00e9rationnelle, projets d&#039;infrastructure, gestion de crise. Approche pragmatique et r\u00e9sultats mesurables.\" \/>\n<meta name=\"robots\" content=\"index, follow, max-snippet:-1, max-image-preview:large, max-video-preview:-1\" \/>\n<link rel=\"canonical\" href=\"https:\/\/ypc-conseil.fr\/en\/expertises\/\" \/>\n<meta property=\"og:locale\" content=\"en_GB\" \/>\n<meta property=\"og:type\" content=\"article\" \/>\n<meta property=\"og:title\" content=\"Expertises en strat\u00e9gie et excellence op\u00e9rationnelle | YPC Conseil\" \/>\n<meta property=\"og:description\" content=\"Expertises YPC Conseil : performance op\u00e9rationnelle, projets d&#039;infrastructure, gestion de crise. Approche pragmatique et r\u00e9sultats mesurables.\" \/>\n<meta property=\"og:url\" content=\"https:\/\/ypc-conseil.fr\/en\/expertises\/\" \/>\n<meta property=\"og:site_name\" content=\"Your Project Consult\" \/>\n<meta property=\"article:modified_time\" content=\"2026-03-10T12:45:59+00:00\" \/>\n<meta name=\"twitter:card\" content=\"summary_large_image\" \/>\n<script type=\"application\/ld+json\" class=\"yoast-schema-graph\">{\"@context\":\"https:\\\/\\\/schema.org\",\"@graph\":[{\"@type\":\"WebPage\",\"@id\":\"https:\\\/\\\/ypc-conseil.fr\\\/expertises\\\/\",\"url\":\"https:\\\/\\\/ypc-conseil.fr\\\/expertises\\\/\",\"name\":\"Expertises en strat\u00e9gie et excellence op\u00e9rationnelle | YPC Conseil\",\"isPartOf\":{\"@id\":\"https:\\\/\\\/ypc-conseil.fr\\\/#website\"},\"datePublished\":\"2025-12-01T11:20:24+00:00\",\"dateModified\":\"2026-03-10T12:45:59+00:00\",\"description\":\"Expertises YPC Conseil : performance op\u00e9rationnelle, projets d'infrastructure, gestion de crise. Approche pragmatique et r\u00e9sultats mesurables.\",\"breadcrumb\":{\"@id\":\"https:\\\/\\\/ypc-conseil.fr\\\/expertises\\\/#breadcrumb\"},\"inLanguage\":\"en-GB\",\"potentialAction\":[{\"@type\":\"ReadAction\",\"target\":[\"https:\\\/\\\/ypc-conseil.fr\\\/expertises\\\/\"]}]},{\"@type\":\"BreadcrumbList\",\"@id\":\"https:\\\/\\\/ypc-conseil.fr\\\/expertises\\\/#breadcrumb\",\"itemListElement\":[{\"@type\":\"ListItem\",\"position\":1,\"name\":\"Accueil\",\"item\":\"https:\\\/\\\/ypc-conseil.fr\\\/\"},{\"@type\":\"ListItem\",\"position\":2,\"name\":\"Expertises\"}]},{\"@type\":\"WebSite\",\"@id\":\"https:\\\/\\\/ypc-conseil.fr\\\/#website\",\"url\":\"https:\\\/\\\/ypc-conseil.fr\\\/\",\"name\":\"Your Project Consult\",\"description\":\"Conseil en strat\u00e9gie et excellence op\u00e9rationnelle\",\"publisher\":{\"@id\":\"https:\\\/\\\/ypc-conseil.fr\\\/#organization\"},\"potentialAction\":[{\"@type\":\"SearchAction\",\"target\":{\"@type\":\"EntryPoint\",\"urlTemplate\":\"https:\\\/\\\/ypc-conseil.fr\\\/?s={search_term_string}\"},\"query-input\":{\"@type\":\"PropertyValueSpecification\",\"valueRequired\":true,\"valueName\":\"search_term_string\"}}],\"inLanguage\":\"en-GB\"},{\"@type\":\"Organization\",\"@id\":\"https:\\\/\\\/ypc-conseil.fr\\\/#organization\",\"name\":\"Your Project Consult\",\"url\":\"https:\\\/\\\/ypc-conseil.fr\\\/\",\"logo\":{\"@type\":\"ImageObject\",\"inLanguage\":\"en-GB\",\"@id\":\"https:\\\/\\\/ypc-conseil.fr\\\/#\\\/schema\\\/logo\\\/image\\\/\",\"url\":\"https:\\\/\\\/ypc-conseil.fr\\\/wp-content\\\/uploads\\\/2026\\\/03\\\/YPC-Logo.png\",\"contentUrl\":\"https:\\\/\\\/ypc-conseil.fr\\\/wp-content\\\/uploads\\\/2026\\\/03\\\/YPC-Logo.png\",\"width\":293,\"height\":210,\"caption\":\"Your Project Consult\"},\"image\":{\"@id\":\"https:\\\/\\\/ypc-conseil.fr\\\/#\\\/schema\\\/logo\\\/image\\\/\"},\"sameAs\":[\"https:\\\/\\\/www.linkedin.com\\\/company\\\/your-project-consult-ypc-conseil\\\/\"]}]}<\/script>\n<!-- \/ Yoast SEO plugin. -->","yoast_head_json":{"title":"Expertises en strat\u00e9gie et excellence op\u00e9rationnelle | YPC Conseil","description":"Expertises YPC Conseil : performance op\u00e9rationnelle, projets d'infrastructure, gestion de crise. Approche pragmatique et r\u00e9sultats mesurables.","robots":{"index":"index","follow":"follow","max-snippet":"max-snippet:-1","max-image-preview":"max-image-preview:large","max-video-preview":"max-video-preview:-1"},"canonical":"https:\/\/ypc-conseil.fr\/en\/expertises\/","og_locale":"en_GB","og_type":"article","og_title":"Expertises en strat\u00e9gie et excellence op\u00e9rationnelle | YPC Conseil","og_description":"Expertises YPC Conseil : performance op\u00e9rationnelle, projets d'infrastructure, gestion de crise. Approche pragmatique et r\u00e9sultats mesurables.","og_url":"https:\/\/ypc-conseil.fr\/en\/expertises\/","og_site_name":"Your Project Consult","article_modified_time":"2026-03-10T12:45:59+00:00","twitter_card":"summary_large_image","schema":{"@context":"https:\/\/schema.org","@graph":[{"@type":"WebPage","@id":"https:\/\/ypc-conseil.fr\/expertises\/","url":"https:\/\/ypc-conseil.fr\/expertises\/","name":"Expertises en strat\u00e9gie et excellence op\u00e9rationnelle | YPC Conseil","isPartOf":{"@id":"https:\/\/ypc-conseil.fr\/#website"},"datePublished":"2025-12-01T11:20:24+00:00","dateModified":"2026-03-10T12:45:59+00:00","description":"Expertises YPC Conseil : performance op\u00e9rationnelle, projets d'infrastructure, gestion de crise. Approche pragmatique et r\u00e9sultats mesurables.","breadcrumb":{"@id":"https:\/\/ypc-conseil.fr\/expertises\/#breadcrumb"},"inLanguage":"en-GB","potentialAction":[{"@type":"ReadAction","target":["https:\/\/ypc-conseil.fr\/expertises\/"]}]},{"@type":"BreadcrumbList","@id":"https:\/\/ypc-conseil.fr\/expertises\/#breadcrumb","itemListElement":[{"@type":"ListItem","position":1,"name":"Accueil","item":"https:\/\/ypc-conseil.fr\/"},{"@type":"ListItem","position":2,"name":"Expertises"}]},{"@type":"WebSite","@id":"https:\/\/ypc-conseil.fr\/#website","url":"https:\/\/ypc-conseil.fr\/","name":"Your Project Consult","description":"Strategic and Operational Excellence Advisory","publisher":{"@id":"https:\/\/ypc-conseil.fr\/#organization"},"potentialAction":[{"@type":"SearchAction","target":{"@type":"EntryPoint","urlTemplate":"https:\/\/ypc-conseil.fr\/?s={search_term_string}"},"query-input":{"@type":"PropertyValueSpecification","valueRequired":true,"valueName":"search_term_string"}}],"inLanguage":"en-GB"},{"@type":"Organization","@id":"https:\/\/ypc-conseil.fr\/#organization","name":"Your Project Consult","url":"https:\/\/ypc-conseil.fr\/","logo":{"@type":"ImageObject","inLanguage":"en-GB","@id":"https:\/\/ypc-conseil.fr\/#\/schema\/logo\/image\/","url":"https:\/\/ypc-conseil.fr\/wp-content\/uploads\/2026\/03\/YPC-Logo.png","contentUrl":"https:\/\/ypc-conseil.fr\/wp-content\/uploads\/2026\/03\/YPC-Logo.png","width":293,"height":210,"caption":"Your Project Consult"},"image":{"@id":"https:\/\/ypc-conseil.fr\/#\/schema\/logo\/image\/"},"sameAs":["https:\/\/www.linkedin.com\/company\/your-project-consult-ypc-conseil\/"]}]}},"_hostinger_reach_plugin_has_subscription_block":false,"_hostinger_reach_plugin_is_elementor":false,"_links":{"self":[{"href":"https:\/\/ypc-conseil.fr\/en\/wp-json\/wp\/v2\/pages\/21748","targetHints":{"allow":["GET"]}}],"collection":[{"href":"https:\/\/ypc-conseil.fr\/en\/wp-json\/wp\/v2\/pages"}],"about":[{"href":"https:\/\/ypc-conseil.fr\/en\/wp-json\/wp\/v2\/types\/page"}],"author":[{"embeddable":true,"href":"https:\/\/ypc-conseil.fr\/en\/wp-json\/wp\/v2\/users\/1"}],"replies":[{"embeddable":true,"href":"https:\/\/ypc-conseil.fr\/en\/wp-json\/wp\/v2\/comments?post=21748"}],"version-history":[{"count":23,"href":"https:\/\/ypc-conseil.fr\/en\/wp-json\/wp\/v2\/pages\/21748\/revisions"}],"predecessor-version":[{"id":238226,"href":"https:\/\/ypc-conseil.fr\/en\/wp-json\/wp\/v2\/pages\/21748\/revisions\/238226"}],"wp:attachment":[{"href":"https:\/\/ypc-conseil.fr\/en\/wp-json\/wp\/v2\/media?parent=21748"}],"curies":[{"name":"wp","href":"https:\/\/api.w.org\/{rel}","templated":true}]}}